{"id":10,"date":"2020-05-20T14:21:58","date_gmt":"2020-05-20T14:21:58","guid":{"rendered":"http:\/\/royal.quantox.local\/\/?page_id=10"},"modified":"2021-11-18T15:16:55","modified_gmt":"2021-11-18T15:16:55","slug":"sala","status":"publish","type":"page","link":"https:\/\/royalresidence.rs\/en\/sala\/","title":{"rendered":"Royal Sve\u010dana sala"},"content":{"rendered":"<div data-elementor-type=\"wp-page\" data-elementor-id=\"10\" class=\"elementor elementor-10\" data-elementor-post-type=\"page\">\n\t\t\t\t\t\t<section class=\"elementor-section elementor-top-section elementor-element elementor-element-830c3df elementor-section-full_width elementor-section-height-default elementor-section-height-default\" data-id=\"830c3df\" data-element_type=\"section\" data-e-type=\"section\">\n\t\t\t\t\t\t<div class=\"elementor-container elementor-column-gap-no\">\n\t\t\t\t\t<div class=\"elementor-column elementor-col-100 elementor-top-column elementor-element elementor-element-6c02fe8\" data-id=\"6c02fe8\" data-element_type=\"column\" data-e-type=\"column\">\n\t\t\t<div class=\"elementor-widget-wrap elementor-element-populated\">\n\t\t\t\t\t\t<div class=\"elementor-element elementor-element-1c7f87e elementor-widget elementor-widget-royalresidence_title_holder\" data-id=\"1c7f87e\" data-element_type=\"widget\" data-e-type=\"widget\" data-widget_type=\"royalresidence_title_holder.default\">\n\t\t\t\t<div class=\"elementor-widget-container\">\n\t\t\t\t\t        <div class=\"title-holder\">\n            <h5 class=\"text-uppercase font-weight-bold\">Banquet hall<\/h5>\n            <div class=\"headline-hr\"><\/div>\n        <\/div>\n\n\t\t\t\t\t\t<\/div>\n\t\t\t\t<\/div>\n\t\t\t\t\t<\/div>\n\t\t<\/div>\n\t\t\t\t\t<\/div>\n\t\t<\/section>\n\t\t\t\t<section class=\"elementor-section elementor-top-section elementor-element elementor-element-0ba8d42 elementor-section-full_width elementor-section-height-default elementor-section-height-default\" data-id=\"0ba8d42\" data-element_type=\"section\" data-e-type=\"section\">\n\t\t\t\t\t\t<div class=\"elementor-container elementor-column-gap-no\">\n\t\t\t\t\t<div class=\"elementor-column elementor-col-100 elementor-top-column elementor-element elementor-element-01295ed\" data-id=\"01295ed\" data-element_type=\"column\" data-e-type=\"column\">\n\t\t\t<div class=\"elementor-widget-wrap elementor-element-populated\">\n\t\t\t\t\t\t<div class=\"elementor-element elementor-element-a84d706 elementor-widget elementor-widget-royalresidence_carousel_sweper\" data-id=\"a84d706\" data-element_type=\"widget\" data-e-type=\"widget\" data-widget_type=\"royalresidence_carousel_sweper.default\">\n\t\t\t\t<div class=\"elementor-widget-container\">\n\t\t\t\t\t\n        <div class=\"swiper-container\">\n            <div class=\"swiper-wrapper\">\n\t\t\t\t                    <div class=\"swiper-slide\">\n                        <div class=\"gradient-holder relative\">\n                            <img decoding=\"async\" class=\"img-fluid\" src=\"http:\/\/royalresidence.rs\/wp-content\/uploads\/2021\/11\/wedd_0800.jpg\" alt=\"slide image\">\n                        <\/div>\n                    <\/div>\n\t\t\t\t                    <div class=\"swiper-slide\">\n                        <div class=\"gradient-holder relative\">\n                            <img decoding=\"async\" class=\"img-fluid\" src=\"http:\/\/royalresidence.rs\/wp-content\/uploads\/2021\/11\/wedd_0842-1.jpg\" alt=\"slide image\">\n                        <\/div>\n                    <\/div>\n\t\t\t\t                    <div class=\"swiper-slide\">\n                        <div class=\"gradient-holder relative\">\n                            <img decoding=\"async\" class=\"img-fluid\" src=\"http:\/\/royalresidence.rs\/wp-content\/uploads\/2021\/11\/IMG-76572949cf339188973fdc9a184124c1-V.jpg\" alt=\"slide image\">\n                        <\/div>\n                    <\/div>\n\t\t\t\t                    <div class=\"swiper-slide\">\n                        <div class=\"gradient-holder relative\">\n                            <img decoding=\"async\" class=\"img-fluid\" src=\"http:\/\/royalresidence.rs\/wp-content\/uploads\/2021\/11\/wedd_0816.jpg\" alt=\"slide image\">\n                        <\/div>\n                    <\/div>\n\t\t\t\t                    <div class=\"swiper-slide\">\n                        <div class=\"gradient-holder relative\">\n                            <img decoding=\"async\" class=\"img-fluid\" src=\"http:\/\/royalresidence.rs\/wp-content\/uploads\/2021\/11\/wedd_0836.jpg\" alt=\"slide image\">\n                        <\/div>\n                    <\/div>\n\t\t\t\t                    <div class=\"swiper-slide\">\n                        <div class=\"gradient-holder relative\">\n                            <img decoding=\"async\" class=\"img-fluid\" src=\"http:\/\/royalresidence.rs\/wp-content\/uploads\/2021\/11\/wedd_0835.jpg\" alt=\"slide image\">\n                        <\/div>\n                    <\/div>\n\t\t\t\t                    <div class=\"swiper-slide\">\n                        <div class=\"gradient-holder relative\">\n                            <img decoding=\"async\" class=\"img-fluid\" src=\"http:\/\/royalresidence.rs\/wp-content\/uploads\/2021\/11\/IMG-a33128958897e92b5ccd41c57efb0b44-V.jpg\" alt=\"slide image\">\n                        <\/div>\n                    <\/div>\n\t\t\t\t                    <div class=\"swiper-slide\">\n                        <div class=\"gradient-holder relative\">\n                            <img decoding=\"async\" class=\"img-fluid\" src=\"http:\/\/royalresidence.rs\/wp-content\/uploads\/2021\/11\/wedd_0842.jpg\" alt=\"slide image\">\n                        <\/div>\n                    <\/div>\n\t\t\t\t                    <div class=\"swiper-slide\">\n                        <div class=\"gradient-holder relative\">\n                            <img decoding=\"async\" class=\"img-fluid\" src=\"http:\/\/royalresidence.rs\/wp-content\/uploads\/2021\/11\/wedd_0830.jpg\" alt=\"slide image\">\n                        <\/div>\n                    <\/div>\n\t\t\t\t\n            <\/div>\n            <!-- Add Pagination -->\n            <div class=\"swiper-pagination\"><\/div>\n            <!-- Add Arrows -->\n            <div class=\"swiper-button-next\"><\/div>\n            <div class=\"swiper-button-prev\"><\/div>\n        <\/div>\n        <script src=\"https:\/\/cdnjs.cloudflare.com\/ajax\/libs\/Swiper\/5.3.7\/js\/swiper.min.js\"><\/script>\n        <script>\n            var swiper = new Swiper('.swiper-container', {\n                watchSlidesVisibility: true,\n                speed: 500,\n                loadPrevNext: true,\n                spaceBetween: 15,\n                slidesPerGroup: 1,\n                loop: true,\n                grabCursor: true,\n                centeredSlides: true,\n                slideToClickedSlide: true,\n                navigation: {\n                    nextEl: '.swiper-button-next',\n                    prevEl: '.swiper-button-prev',\n                },\n                breakpoints: {\n                    \/\/ when window width is >= 320px\n                    320: {\n                        slidesPerView: 1\n                    },\n                    \/\/ when window width is >= 640px\n                    480: {\n                        slidesPerView: 2\n                    },\n                    992: {\n                        spaceBetween: 30,\n                        slidesPerView: 2\n                    }\n                }\n            });\n        <\/script>\n\n\t\t\t\t\t\t<\/div>\n\t\t\t\t<\/div>\n\t\t\t\t\t<\/div>\n\t\t<\/div>\n\t\t\t\t\t<\/div>\n\t\t<\/section>\n\t\t\t\t<section class=\"elementor-section elementor-top-section elementor-element elementor-element-ef07f17 elementor-section-full_width elementor-section-height-default elementor-section-height-default\" data-id=\"ef07f17\" data-element_type=\"section\" data-e-type=\"section\">\n\t\t\t\t\t\t<div class=\"elementor-container elementor-column-gap-no\">\n\t\t\t\t\t<div class=\"elementor-column elementor-col-100 elementor-top-column elementor-element elementor-element-8963229\" data-id=\"8963229\" data-element_type=\"column\" data-e-type=\"column\">\n\t\t\t<div class=\"elementor-widget-wrap elementor-element-populated\">\n\t\t\t\t\t\t<div class=\"elementor-element elementor-element-f3937f2 elementor-widget elementor-widget-contact_and_text_holder\" data-id=\"f3937f2\" data-element_type=\"widget\" data-e-type=\"widget\" data-widget_type=\"contact_and_text_holder.default\">\n\t\t\t\t<div class=\"elementor-widget-container\">\n\t\t\t\t\t\n        <div class=\"my-container\">\n            <div class=\"row justify-content-center\">\n                <div class=\"col-sm-9 col-12 text-holder\">\n\t\t\t\t\t<p>A place where your dreams will come true!<\/p><p class=\"translation-block\">Fairytale weddings, the most interesting birthday celebrations, business events with style and festivities of all kinds. Whatever you imagine, Royal Residence is here to turn your ideas into reality and an unforgettable event! We will be happy to host a celebration for you in a luxurious environment with complete organization. We offer you help on all aspects of the organization, we refer you to the best collaborators, and help you with everything you want to implement yourself. Choose one of the specially designed packages, which can be individually adjusted to your personal tastes and needs.\n<br><br>\nDesigned as the most luxurious place in \u010ca\u010dak, our banquet hall covers 1000 m2 and has capacity to accommodate up to 1000 guests. This space is suitable for large events, but there is also the possibility of dividing the hall into two parts and holding two separate celebrations at the same time. Depending on the number of guests, you can choose one of two halls, a larger capacity to accommodate up to 500 guests and a smaller one for up to 250 guests.\n<br>\nRoyal Residence is designed to be the perfect stage for your most beautiful day. We believe in excellence and believe that no compromises should be made when it comes to quality. With us you can expect only the best no matter which package you choose.<\/p>                <\/div>\n\t\t\t\t\n\t\t\t\t            <\/div>\n\n        <\/div>\n\n\t\t\t\t\t\t<\/div>\n\t\t\t\t<\/div>\n\t\t\t\t\t<\/div>\n\t\t<\/div>\n\t\t\t\t\t<\/div>\n\t\t<\/section>\n\t\t\t\t<section class=\"elementor-section elementor-top-section elementor-element elementor-element-7afe559 elementor-section-full_width elementor-section-height-default elementor-section-height-default\" data-id=\"7afe559\" data-element_type=\"section\" data-e-type=\"section\">\n\t\t\t\t\t\t<div class=\"elementor-container elementor-column-gap-no\">\n\t\t\t\t\t<div class=\"elementor-column elementor-col-100 elementor-top-column elementor-element elementor-element-dcb7665\" data-id=\"dcb7665\" data-element_type=\"column\" data-e-type=\"column\">\n\t\t\t<div class=\"elementor-widget-wrap elementor-element-populated\">\n\t\t\t\t\t\t<div class=\"elementor-element elementor-element-dff794f elementor-widget elementor-widget-contact_holder\" data-id=\"dff794f\" data-element_type=\"widget\" data-e-type=\"widget\" data-widget_type=\"contact_holder.default\">\n\t\t\t\t<div class=\"elementor-widget-container\">\n\t\t\t\t\t\n\t\t\n                    <div id=\"double-room\">\n                        <div class=\"my-container\">\n                            <div class=\"contact-holder\">\n                                <div class=\"col-xl-4 col-12\">\n                                    <p class=\"text\">\n\t\t\t\t\t\t\t\t\t\tOur team is here to advise you and help you plan every detail of your most beautiful day:\n                                    <\/p>\n                                <\/div>\n                                <div class=\"col-xl-2 col-md-4 col-12 numbers\">\n                                    <p>+38163631330<\/p>\n                                    <p class=\"mb-0\">+381693631330<\/p>\n                                <\/div>\n                                <div class=\"col-xl-3 col-md-4 col-12\">\n                                    <p>info@royalresidence.rs<\/p>\n                                    <p class=\"mb-0\">info@royalresidence.rs                                    <\/p>\n                                <\/div>\n                                <div class=\"col-xl-3 col-md-4 col-12\">\n                                    <a href=\"https:\/\/royalresidence.rs\/en\/rezervacija\/\"                                       class=\"button\">Contact us<\/a>\n                                <\/div>\n\n                            <\/div>\n                        <\/div>\n                    <\/div>\n\t\t\t\t\t\n\t\t\t\t\t\t<\/div>\n\t\t\t\t<\/div>\n\t\t\t\t\t<\/div>\n\t\t<\/div>\n\t\t\t\t\t<\/div>\n\t\t<\/section>\n\t\t\t\t<\/div>","protected":false},"excerpt":{"rendered":"<p>SVE\u010cANA SALA Mesto gde \u0107e va\u0161i snovi postati stvarnost! Ven\u010danje iz bajke, najzanimljivije proslave ro\u0111endana, biznis doga\u0111aji sa stilom i sve\u010danosti svake vrste. \u0160ta god da izma\u0161tate Royal Residence je tu da va\u0161e zamisli pretvori u stvarnost i jedan nezaboravni doga\u0111aj! Sa zadovoljstvom \u0107emo vam prirediti slavlje u luksuznom ambijentu uz kompletnu organizaciju. Nudimo vam [&hellip;]<\/p>\n","protected":false},"author":1,"featured_media":0,"parent":0,"menu_order":0,"comment_status":"closed","ping_status":"closed","template":"page_templates\/sala_page_template.php","meta":{"footnotes":""},"class_list":["post-10","page","type-page","status-publish","hentry"],"yoast_head":"<!-- This site is optimized with the Yoast SEO plugin v27.5 - https:\/\/yoast.com\/product\/yoast-seo-wordpress\/ -->\n<title>Royal Sve\u010dana sala - Royal Residence<\/title>\n<meta name=\"robots\" content=\"index, follow, max-snippet:-1, max-image-preview:large, max-video-preview:-1\" \/>\n<link rel=\"canonical\" href=\"https:\/\/royalresidence.rs\/en\/sala\/\" \/>\n<meta property=\"og:locale\" content=\"en_US\" \/>\n<meta property=\"og:type\" content=\"article\" \/>\n<meta property=\"og:title\" content=\"Royal Sve\u010dana sala - Royal Residence\" \/>\n<meta property=\"og:description\" content=\"SVE\u010cANA SALA Mesto gde \u0107e va\u0161i snovi postati stvarnost! Ven\u010danje iz bajke, najzanimljivije proslave ro\u0111endana, biznis doga\u0111aji sa stilom i sve\u010danosti svake vrste. \u0160ta god da izma\u0161tate Royal Residence je tu da va\u0161e zamisli pretvori u stvarnost i jedan nezaboravni doga\u0111aj! Sa zadovoljstvom \u0107emo vam prirediti slavlje u luksuznom ambijentu uz kompletnu organizaciju. Nudimo vam [&hellip;]\" \/>\n<meta property=\"og:url\" content=\"https:\/\/royalresidence.rs\/en\/sala\/\" \/>\n<meta property=\"og:site_name\" content=\"Royal Residence\" \/>\n<meta property=\"article:modified_time\" content=\"2021-11-18T15:16:55+00:00\" \/>\n<meta property=\"og:image\" content=\"http:\/\/royalresidence.rs\/wp-content\/uploads\/2021\/11\/wedd_0800.jpg\" \/>\n<meta name=\"twitter:card\" content=\"summary_large_image\" \/>\n<meta name=\"twitter:label1\" content=\"Est. reading time\" \/>\n\t<meta name=\"twitter:data1\" content=\"1 minute\" \/>\n<script type=\"application\/ld+json\" class=\"yoast-schema-graph\">{\"@context\":\"https:\\\/\\\/schema.org\",\"@graph\":[{\"@type\":\"WebPage\",\"@id\":\"https:\\\/\\\/royalresidence.rs\\\/en\\\/sala\\\/\",\"url\":\"https:\\\/\\\/royalresidence.rs\\\/en\\\/sala\\\/\",\"name\":\"Royal Sve\u010dana sala - Royal Residence\",\"isPartOf\":{\"@id\":\"https:\\\/\\\/royalresidence.rs\\\/#website\"},\"primaryImageOfPage\":{\"@id\":\"https:\\\/\\\/royalresidence.rs\\\/en\\\/sala\\\/#primaryimage\"},\"image\":{\"@id\":\"https:\\\/\\\/royalresidence.rs\\\/en\\\/sala\\\/#primaryimage\"},\"thumbnailUrl\":\"http:\\\/\\\/royalresidence.rs\\\/wp-content\\\/uploads\\\/2021\\\/11\\\/wedd_0800.jpg\",\"datePublished\":\"2020-05-20T14:21:58+00:00\",\"dateModified\":\"2021-11-18T15:16:55+00:00\",\"breadcrumb\":{\"@id\":\"https:\\\/\\\/royalresidence.rs\\\/en\\\/sala\\\/#breadcrumb\"},\"inLanguage\":\"en-US\",\"potentialAction\":[{\"@type\":\"ReadAction\",\"target\":[\"https:\\\/\\\/royalresidence.rs\\\/en\\\/sala\\\/\"]}]},{\"@type\":\"ImageObject\",\"inLanguage\":\"en-US\",\"@id\":\"https:\\\/\\\/royalresidence.rs\\\/en\\\/sala\\\/#primaryimage\",\"url\":\"http:\\\/\\\/royalresidence.rs\\\/wp-content\\\/uploads\\\/2021\\\/11\\\/wedd_0800.jpg\",\"contentUrl\":\"http:\\\/\\\/royalresidence.rs\\\/wp-content\\\/uploads\\\/2021\\\/11\\\/wedd_0800.jpg\"},{\"@type\":\"BreadcrumbList\",\"@id\":\"https:\\\/\\\/royalresidence.rs\\\/en\\\/sala\\\/#breadcrumb\",\"itemListElement\":[{\"@type\":\"ListItem\",\"position\":1,\"name\":\"Home\",\"item\":\"https:\\\/\\\/royalresidence.rs\\\/\"},{\"@type\":\"ListItem\",\"position\":2,\"name\":\"Royal Sve\u010dana sala\"}]},{\"@type\":\"WebSite\",\"@id\":\"https:\\\/\\\/royalresidence.rs\\\/#website\",\"url\":\"https:\\\/\\\/royalresidence.rs\\\/\",\"name\":\"Royal Residence\",\"description\":\"\",\"potentialAction\":[{\"@type\":\"SearchAction\",\"target\":{\"@type\":\"EntryPoint\",\"urlTemplate\":\"https:\\\/\\\/royalresidence.rs\\\/?s={search_term_string}\"},\"query-input\":{\"@type\":\"PropertyValueSpecification\",\"valueRequired\":true,\"valueName\":\"search_term_string\"}}],\"inLanguage\":\"en-US\"}]}<\/script>\n<!-- \/ Yoast SEO plugin. -->","yoast_head_json":{"title":"Royal Sve\u010dana sala - Royal Residence","robots":{"index":"index","follow":"follow","max-snippet":"max-snippet:-1","max-image-preview":"max-image-preview:large","max-video-preview":"max-video-preview:-1"},"canonical":"https:\/\/royalresidence.rs\/en\/sala\/","og_locale":"en_US","og_type":"article","og_title":"Royal Sve\u010dana sala - Royal Residence","og_description":"SVE\u010cANA SALA Mesto gde \u0107e va\u0161i snovi postati stvarnost! Ven\u010danje iz bajke, najzanimljivije proslave ro\u0111endana, biznis doga\u0111aji sa stilom i sve\u010danosti svake vrste. \u0160ta god da izma\u0161tate Royal Residence je tu da va\u0161e zamisli pretvori u stvarnost i jedan nezaboravni doga\u0111aj! Sa zadovoljstvom \u0107emo vam prirediti slavlje u luksuznom ambijentu uz kompletnu organizaciju. Nudimo vam [&hellip;]","og_url":"https:\/\/royalresidence.rs\/en\/sala\/","og_site_name":"Royal Residence","article_modified_time":"2021-11-18T15:16:55+00:00","og_image":[{"url":"http:\/\/royalresidence.rs\/wp-content\/uploads\/2021\/11\/wedd_0800.jpg","type":"","width":"","height":""}],"twitter_card":"summary_large_image","twitter_misc":{"Est. reading time":"1 minute"},"schema":{"@context":"https:\/\/schema.org","@graph":[{"@type":"WebPage","@id":"https:\/\/royalresidence.rs\/en\/sala\/","url":"https:\/\/royalresidence.rs\/en\/sala\/","name":"Royal Sve\u010dana sala - Royal Residence","isPartOf":{"@id":"https:\/\/royalresidence.rs\/#website"},"primaryImageOfPage":{"@id":"https:\/\/royalresidence.rs\/en\/sala\/#primaryimage"},"image":{"@id":"https:\/\/royalresidence.rs\/en\/sala\/#primaryimage"},"thumbnailUrl":"http:\/\/royalresidence.rs\/wp-content\/uploads\/2021\/11\/wedd_0800.jpg","datePublished":"2020-05-20T14:21:58+00:00","dateModified":"2021-11-18T15:16:55+00:00","breadcrumb":{"@id":"https:\/\/royalresidence.rs\/en\/sala\/#breadcrumb"},"inLanguage":"en-US","potentialAction":[{"@type":"ReadAction","target":["https:\/\/royalresidence.rs\/en\/sala\/"]}]},{"@type":"ImageObject","inLanguage":"en-US","@id":"https:\/\/royalresidence.rs\/en\/sala\/#primaryimage","url":"http:\/\/royalresidence.rs\/wp-content\/uploads\/2021\/11\/wedd_0800.jpg","contentUrl":"http:\/\/royalresidence.rs\/wp-content\/uploads\/2021\/11\/wedd_0800.jpg"},{"@type":"BreadcrumbList","@id":"https:\/\/royalresidence.rs\/en\/sala\/#breadcrumb","itemListElement":[{"@type":"ListItem","position":1,"name":"Home","item":"https:\/\/royalresidence.rs\/"},{"@type":"ListItem","position":2,"name":"Royal Sve\u010dana sala"}]},{"@type":"WebSite","@id":"https:\/\/royalresidence.rs\/#website","url":"https:\/\/royalresidence.rs\/","name":"Royal Residence","description":"","potentialAction":[{"@type":"SearchAction","target":{"@type":"EntryPoint","urlTemplate":"https:\/\/royalresidence.rs\/?s={search_term_string}"},"query-input":{"@type":"PropertyValueSpecification","valueRequired":true,"valueName":"search_term_string"}}],"inLanguage":"en-US"}]}},"_links":{"self":[{"href":"https:\/\/royalresidence.rs\/en\/wp-json\/wp\/v2\/pages\/10","targetHints":{"allow":["GET"]}}],"collection":[{"href":"https:\/\/royalresidence.rs\/en\/wp-json\/wp\/v2\/pages"}],"about":[{"href":"https:\/\/royalresidence.rs\/en\/wp-json\/wp\/v2\/types\/page"}],"author":[{"embeddable":true,"href":"https:\/\/royalresidence.rs\/en\/wp-json\/wp\/v2\/users\/1"}],"replies":[{"embeddable":true,"href":"https:\/\/royalresidence.rs\/en\/wp-json\/wp\/v2\/comments?post=10"}],"version-history":[{"count":33,"href":"https:\/\/royalresidence.rs\/en\/wp-json\/wp\/v2\/pages\/10\/revisions"}],"predecessor-version":[{"id":629,"href":"https:\/\/royalresidence.rs\/en\/wp-json\/wp\/v2\/pages\/10\/revisions\/629"}],"wp:attachment":[{"href":"https:\/\/royalresidence.rs\/en\/wp-json\/wp\/v2\/media?parent=10"}],"curies":[{"name":"wp","href":"https:\/\/api.w.org\/{rel}","templated":true}]}}