{"id":12,"date":"2020-05-20T14:22:12","date_gmt":"2020-05-20T14:22:12","guid":{"rendered":"http:\/\/royal.quantox.local\/\/?page_id=12"},"modified":"2025-05-28T18:47:50","modified_gmt":"2025-05-28T18:47:50","slug":"royal-restoran","status":"publish","type":"page","link":"https:\/\/royalresidence.rs\/en\/royal-restoran\/","title":{"rendered":"Royal Restoran"},"content":{"rendered":"<div data-elementor-type=\"wp-page\" data-elementor-id=\"12\" class=\"elementor elementor-12\" data-elementor-post-type=\"page\">\n\t\t\t\t\t\t<section class=\"elementor-section elementor-top-section elementor-element elementor-element-7c6815b elementor-section-full_width elementor-section-height-default elementor-section-height-default\" data-id=\"7c6815b\" data-element_type=\"section\" data-e-type=\"section\">\n\t\t\t\t\t\t<div class=\"elementor-container elementor-column-gap-no\">\n\t\t\t\t\t<div class=\"elementor-column elementor-col-100 elementor-top-column elementor-element elementor-element-2a4e3fd\" data-id=\"2a4e3fd\" data-element_type=\"column\" data-e-type=\"column\">\n\t\t\t<div class=\"elementor-widget-wrap elementor-element-populated\">\n\t\t\t\t\t\t<div class=\"elementor-element elementor-element-a3933fe elementor-widget elementor-widget-royalresidence_title_holder\" data-id=\"a3933fe\" data-element_type=\"widget\" data-e-type=\"widget\" data-widget_type=\"royalresidence_title_holder.default\">\n\t\t\t\t<div class=\"elementor-widget-container\">\n\t\t\t\t\t        <div class=\"title-holder\">\n            <h5 class=\"text-uppercase font-weight-bold\">Resturant<\/h5>\n            <div class=\"headline-hr\"><\/div>\n        <\/div>\n\n\t\t\t\t\t\t<\/div>\n\t\t\t\t<\/div>\n\t\t\t\t\t<\/div>\n\t\t<\/div>\n\t\t\t\t\t<\/div>\n\t\t<\/section>\n\t\t\t\t<section class=\"elementor-section elementor-top-section elementor-element elementor-element-38e0eb8 elementor-section-full_width elementor-section-height-default elementor-section-height-default\" data-id=\"38e0eb8\" data-element_type=\"section\" data-e-type=\"section\">\n\t\t\t\t\t\t<div class=\"elementor-container elementor-column-gap-no\">\n\t\t\t\t\t<div class=\"elementor-column elementor-col-100 elementor-top-column elementor-element elementor-element-a903444\" data-id=\"a903444\" data-element_type=\"column\" data-e-type=\"column\">\n\t\t\t<div class=\"elementor-widget-wrap elementor-element-populated\">\n\t\t\t\t\t\t<div class=\"elementor-element elementor-element-37f71f4 elementor-widget elementor-widget-royalresidence_carousel_sweper\" data-id=\"37f71f4\" data-element_type=\"widget\" data-e-type=\"widget\" data-widget_type=\"royalresidence_carousel_sweper.default\">\n\t\t\t\t<div class=\"elementor-widget-container\">\n\t\t\t\t\t\n        <div class=\"swiper-container\">\n            <div class=\"swiper-wrapper\">\n\t\t\t\t                    <div class=\"swiper-slide\">\n                        <div class=\"gradient-holder relative\">\n                            <img decoding=\"async\" class=\"img-fluid\" src=\"https:\/\/royalresidence.rs\/wp-content\/uploads\/2020\/05\/restoran-slide-01.jpg\" alt=\"slide image\">\n                        <\/div>\n                    <\/div>\n\t\t\t\t                    <div class=\"swiper-slide\">\n                        <div class=\"gradient-holder relative\">\n                            <img decoding=\"async\" class=\"img-fluid\" src=\"https:\/\/royalresidence.rs\/wp-content\/uploads\/2020\/05\/restoran-slide-02.jpg\" alt=\"slide image\">\n                        <\/div>\n                    <\/div>\n\t\t\t\t                    <div class=\"swiper-slide\">\n                        <div class=\"gradient-holder relative\">\n                            <img decoding=\"async\" class=\"img-fluid\" src=\"https:\/\/royalresidence.rs\/wp-content\/uploads\/2020\/05\/restoran-slide-03.jpg\" alt=\"slide image\">\n                        <\/div>\n                    <\/div>\n\t\t\t\t                    <div class=\"swiper-slide\">\n                        <div class=\"gradient-holder relative\">\n                            <img decoding=\"async\" class=\"img-fluid\" src=\"https:\/\/royalresidence.rs\/wp-content\/uploads\/2020\/05\/restoran-slide-04.jpg\" alt=\"slide image\">\n                        <\/div>\n                    <\/div>\n\t\t\t\t\n            <\/div>\n            <!-- Add Pagination -->\n            <div class=\"swiper-pagination\"><\/div>\n            <!-- Add Arrows -->\n            <div class=\"swiper-button-next\"><\/div>\n            <div class=\"swiper-button-prev\"><\/div>\n        <\/div>\n        <script src=\"https:\/\/cdnjs.cloudflare.com\/ajax\/libs\/Swiper\/5.3.7\/js\/swiper.min.js\"><\/script>\n        <script>\n            var swiper = new Swiper('.swiper-container', {\n                watchSlidesVisibility: true,\n                speed: 500,\n                loadPrevNext: true,\n                spaceBetween: 15,\n                slidesPerGroup: 1,\n                loop: true,\n                grabCursor: true,\n                centeredSlides: true,\n                slideToClickedSlide: true,\n                navigation: {\n                    nextEl: '.swiper-button-next',\n                    prevEl: '.swiper-button-prev',\n                },\n                breakpoints: {\n                    \/\/ when window width is >= 320px\n                    320: {\n                        slidesPerView: 1\n                    },\n                    \/\/ when window width is >= 640px\n                    480: {\n                        slidesPerView: 2\n                    },\n                    992: {\n                        spaceBetween: 30,\n                        slidesPerView: 2\n                    }\n                }\n            });\n        <\/script>\n\n\t\t\t\t\t\t<\/div>\n\t\t\t\t<\/div>\n\t\t\t\t\t<\/div>\n\t\t<\/div>\n\t\t\t\t\t<\/div>\n\t\t<\/section>\n\t\t\t\t<section class=\"elementor-section elementor-top-section elementor-element elementor-element-2e133a9 elementor-section-full_width elementor-section-height-default elementor-section-height-default\" data-id=\"2e133a9\" data-element_type=\"section\" data-e-type=\"section\">\n\t\t\t\t\t\t<div class=\"elementor-container elementor-column-gap-no\">\n\t\t\t\t\t<div class=\"elementor-column elementor-col-100 elementor-top-column elementor-element elementor-element-306fe2a\" data-id=\"306fe2a\" data-element_type=\"column\" data-e-type=\"column\">\n\t\t\t<div class=\"elementor-widget-wrap elementor-element-populated\">\n\t\t\t\t\t\t<div class=\"elementor-element elementor-element-e77259f elementor-widget elementor-widget-contact_and_text_holder\" data-id=\"e77259f\" data-element_type=\"widget\" data-e-type=\"widget\" data-widget_type=\"contact_and_text_holder.default\">\n\t\t\t\t<div class=\"elementor-widget-container\">\n\t\t\t\t\t\n        <div class=\"my-container\">\n            <div class=\"row justify-content-center\">\n                <div class=\"col-sm-9 col-12 text-holder\">\n\t\t\t\t\t<p>Located on the ground floor of the hotel, the a la carte restaurant and bar offers very tasty dishes of modern cuisine, as well as traditional Serbian dishes, with a list of carefully selected wines and handmade cocktails. For us, preparing food is not a formality, but an opportunity for our chef to express himself creatively, and for the guest to indulge in gourmet enjoyment. Our chefs are committed to simplicity and good taste, as well as the use of top quality ingredients.<br \/>We also pride in preparing coffee specialties, original fruit mixes and refreshing cocktails that you can enjoy while reading the newspaper or enjoying the company of your friends or business partners.<\/p><p>Whether you are organizing a gala dinner, cocktail or celebration of important anniversaries, you will find the perfect space with us. Our modernly designed restaurant and bar offer a great choice for your special event, for a maximum of 50 people. Based on your wishes, our team can create a menu and include dishes of local and international cuisine, healthy dishes and Royal specialties. We can also prepare a rich, varied buffet for you.<\/p><p>For hotel guests we serve a delicious healthy breakfast that is served according to the principle of choice from the menu and includes a variety of homemade bites, a rich selection of hot foods and a sweet breakfast, so there is a choice for all tastes. Start your day with our rich breakfast and we will make the whole day a good day for you! Breakfast is served from 07:30 until 11:30<\/p><p>With the Royal restaurant you will always make the right choice for a business lunch or dinner, a coffee break, an after-work cocktail, a romantic dinner or hanging out with friends.<br \/>Welcome!<\/p>                <\/div>\n\t\t\t\t                    <div class=\"col-12 text-center reserve\">\n                        <a href=\"https:\/\/royalresidence.rs\/en\/jelovnik\/\" target=\"_blank\" rel=\"nofollow\"                           class=\"button text-uppercase\">Pogledaj Jelovnik<\/a>\n                    <\/div>\n\t\t\t\t\n\t\t\t\t            <\/div>\n\n        <\/div>\n\n\t\t\t\t\t\t<\/div>\n\t\t\t\t<\/div>\n\t\t\t\t\t<\/div>\n\t\t<\/div>\n\t\t\t\t\t<\/div>\n\t\t<\/section>\n\t\t\t\t<section class=\"elementor-section elementor-top-section elementor-element elementor-element-85e2e3f elementor-section-boxed elementor-section-height-default elementor-section-height-default\" data-id=\"85e2e3f\" data-element_type=\"section\" data-e-type=\"section\">\n\t\t\t\t\t\t<div class=\"elementor-container elementor-column-gap-no\">\n\t\t\t\t\t<div class=\"elementor-column elementor-col-100 elementor-top-column elementor-element elementor-element-005b63a\" data-id=\"005b63a\" data-element_type=\"column\" data-e-type=\"column\">\n\t\t\t<div class=\"elementor-widget-wrap elementor-element-populated\">\n\t\t\t\t\t\t<div class=\"elementor-element elementor-element-5c4249b elementor-widget elementor-widget-contact_holder\" data-id=\"5c4249b\" data-element_type=\"widget\" data-e-type=\"widget\" data-widget_type=\"contact_holder.default\">\n\t\t\t\t<div class=\"elementor-widget-container\">\n\t\t\t\t\t\n\t\t                    <div id=\"restaurant\">\n                        <div class=\"my-container\">\n                            <div class=\"contact-holder\">\n                                <div class=\"col-xl-4 col-md-6 col-12\">\n                                    <p class=\"text\">\n\t\t\t\t\t\t\t\t\t\tFor more information, please contact us                                    <\/p>\n                                <\/div>\n                                <div class=\"col-xl-5 col-md-6 col-12 numbers\">\n                                    <p class=\"mb-0\">+381325155633<\/p>\n                                    <p class=\"mb-0\">+381693631333<\/p>\n                                <\/div>\n                                <div class=\"col-xl-3 col-md-4 col-12\">\n                                    <a href=\"https:\/\/royalresidence.rs\/en\/rezervacija\" target=\"_blank\" rel=\"nofollow\"                                       class=\"button\">Contact us<\/a>\n                                <\/div>\n                            <\/div>\n                        <\/div>\n                    <\/div>\n\t\t\t\t\t\n\t\t\t\t\t\t<\/div>\n\t\t\t\t<\/div>\n\t\t\t\t\t<\/div>\n\t\t<\/div>\n\t\t\t\t\t<\/div>\n\t\t<\/section>\n\t\t\t\t<\/div>","protected":false},"excerpt":{"rendered":"<p>RESTORAN Sme\u0161ten u prizemlju hotela, a la carte restoran i bar nudi veoma ukusna jela savremene kuhinje, kao i tradicionalna srpska jela, uz listu pa\u017eljivo odabranih vina i ru\u010dno pravljenih koktela. Pripremanje hrane za nas nije formalnost, ve\u0107 prilika za \u0161efa kuhinje da se kreativno izrazi, a za gosta da se prepusti gurmanskom u\u017eivanju.Na\u0161i kuvari [&hellip;]<\/p>\n","protected":false},"author":2,"featured_media":0,"parent":0,"menu_order":0,"comment_status":"open","ping_status":"open","template":"page_templates\/restoran_page_template.php","meta":{"footnotes":""},"class_list":["post-12","page","type-page","status-publish","hentry"],"yoast_head":"<!-- This site is optimized with the Yoast SEO plugin v27.3 - https:\/\/yoast.com\/product\/yoast-seo-wordpress\/ -->\n<title>Royal Restoran - Royal Residence<\/title>\n<meta name=\"robots\" content=\"index, follow, max-snippet:-1, max-image-preview:large, max-video-preview:-1\" \/>\n<link rel=\"canonical\" href=\"https:\/\/royalresidence.rs\/en\/royal-restoran\/\" \/>\n<meta property=\"og:locale\" content=\"en_US\" \/>\n<meta property=\"og:type\" content=\"article\" \/>\n<meta property=\"og:title\" content=\"Royal Restoran - Royal Residence\" \/>\n<meta property=\"og:description\" content=\"RESTORAN Sme\u0161ten u prizemlju hotela, a la carte restoran i bar nudi veoma ukusna jela savremene kuhinje, kao i tradicionalna srpska jela, uz listu pa\u017eljivo odabranih vina i ru\u010dno pravljenih koktela. Pripremanje hrane za nas nije formalnost, ve\u0107 prilika za \u0161efa kuhinje da se kreativno izrazi, a za gosta da se prepusti gurmanskom u\u017eivanju.Na\u0161i kuvari [&hellip;]\" \/>\n<meta property=\"og:url\" content=\"https:\/\/royalresidence.rs\/en\/royal-restoran\/\" \/>\n<meta property=\"og:site_name\" content=\"Royal Residence\" \/>\n<meta property=\"article:modified_time\" content=\"2025-05-28T18:47:50+00:00\" \/>\n<meta property=\"og:image\" content=\"https:\/\/royalresidence.rs\/wp-content\/uploads\/2020\/05\/restoran-slide-01.jpg\" \/>\n<meta name=\"twitter:card\" content=\"summary_large_image\" \/>\n<meta name=\"twitter:label1\" content=\"Est. reading time\" \/>\n\t<meta name=\"twitter:data1\" content=\"3 minutes\" \/>\n<script type=\"application\/ld+json\" class=\"yoast-schema-graph\">{\"@context\":\"https:\\\/\\\/schema.org\",\"@graph\":[{\"@type\":\"WebPage\",\"@id\":\"https:\\\/\\\/royalresidence.rs\\\/royal-restoran\\\/\",\"url\":\"https:\\\/\\\/royalresidence.rs\\\/royal-restoran\\\/\",\"name\":\"Royal Restoran - Royal Residence\",\"isPartOf\":{\"@id\":\"https:\\\/\\\/royalresidence.rs\\\/#website\"},\"primaryImageOfPage\":{\"@id\":\"https:\\\/\\\/royalresidence.rs\\\/royal-restoran\\\/#primaryimage\"},\"image\":{\"@id\":\"https:\\\/\\\/royalresidence.rs\\\/royal-restoran\\\/#primaryimage\"},\"thumbnailUrl\":\"https:\\\/\\\/royalresidence.rs\\\/wp-content\\\/uploads\\\/2020\\\/05\\\/restoran-slide-01.jpg\",\"datePublished\":\"2020-05-20T14:22:12+00:00\",\"dateModified\":\"2025-05-28T18:47:50+00:00\",\"breadcrumb\":{\"@id\":\"https:\\\/\\\/royalresidence.rs\\\/royal-restoran\\\/#breadcrumb\"},\"inLanguage\":\"en-US\",\"potentialAction\":[{\"@type\":\"ReadAction\",\"target\":[\"https:\\\/\\\/royalresidence.rs\\\/royal-restoran\\\/\"]}]},{\"@type\":\"ImageObject\",\"inLanguage\":\"en-US\",\"@id\":\"https:\\\/\\\/royalresidence.rs\\\/royal-restoran\\\/#primaryimage\",\"url\":\"https:\\\/\\\/royalresidence.rs\\\/wp-content\\\/uploads\\\/2020\\\/05\\\/restoran-slide-01.jpg\",\"contentUrl\":\"https:\\\/\\\/royalresidence.rs\\\/wp-content\\\/uploads\\\/2020\\\/05\\\/restoran-slide-01.jpg\"},{\"@type\":\"BreadcrumbList\",\"@id\":\"https:\\\/\\\/royalresidence.rs\\\/royal-restoran\\\/#breadcrumb\",\"itemListElement\":[{\"@type\":\"ListItem\",\"position\":1,\"name\":\"Home\",\"item\":\"https:\\\/\\\/royalresidence.rs\\\/\"},{\"@type\":\"ListItem\",\"position\":2,\"name\":\"Royal Restoran\"}]},{\"@type\":\"WebSite\",\"@id\":\"https:\\\/\\\/royalresidence.rs\\\/#website\",\"url\":\"https:\\\/\\\/royalresidence.rs\\\/\",\"name\":\"Royal Residence\",\"description\":\"\",\"potentialAction\":[{\"@type\":\"SearchAction\",\"target\":{\"@type\":\"EntryPoint\",\"urlTemplate\":\"https:\\\/\\\/royalresidence.rs\\\/?s={search_term_string}\"},\"query-input\":{\"@type\":\"PropertyValueSpecification\",\"valueRequired\":true,\"valueName\":\"search_term_string\"}}],\"inLanguage\":\"en-US\"}]}<\/script>\n<!-- \/ Yoast SEO plugin. -->","yoast_head_json":{"title":"Royal Restoran - Royal Residence","robots":{"index":"index","follow":"follow","max-snippet":"max-snippet:-1","max-image-preview":"max-image-preview:large","max-video-preview":"max-video-preview:-1"},"canonical":"https:\/\/royalresidence.rs\/en\/royal-restoran\/","og_locale":"en_US","og_type":"article","og_title":"Royal Restoran - Royal Residence","og_description":"RESTORAN Sme\u0161ten u prizemlju hotela, a la carte restoran i bar nudi veoma ukusna jela savremene kuhinje, kao i tradicionalna srpska jela, uz listu pa\u017eljivo odabranih vina i ru\u010dno pravljenih koktela. Pripremanje hrane za nas nije formalnost, ve\u0107 prilika za \u0161efa kuhinje da se kreativno izrazi, a za gosta da se prepusti gurmanskom u\u017eivanju.Na\u0161i kuvari [&hellip;]","og_url":"https:\/\/royalresidence.rs\/en\/royal-restoran\/","og_site_name":"Royal Residence","article_modified_time":"2025-05-28T18:47:50+00:00","og_image":[{"url":"https:\/\/royalresidence.rs\/wp-content\/uploads\/2020\/05\/restoran-slide-01.jpg","type":"","width":"","height":""}],"twitter_card":"summary_large_image","twitter_misc":{"Est. reading time":"3 minutes"},"schema":{"@context":"https:\/\/schema.org","@graph":[{"@type":"WebPage","@id":"https:\/\/royalresidence.rs\/royal-restoran\/","url":"https:\/\/royalresidence.rs\/royal-restoran\/","name":"Royal Restoran - Royal Residence","isPartOf":{"@id":"https:\/\/royalresidence.rs\/#website"},"primaryImageOfPage":{"@id":"https:\/\/royalresidence.rs\/royal-restoran\/#primaryimage"},"image":{"@id":"https:\/\/royalresidence.rs\/royal-restoran\/#primaryimage"},"thumbnailUrl":"https:\/\/royalresidence.rs\/wp-content\/uploads\/2020\/05\/restoran-slide-01.jpg","datePublished":"2020-05-20T14:22:12+00:00","dateModified":"2025-05-28T18:47:50+00:00","breadcrumb":{"@id":"https:\/\/royalresidence.rs\/royal-restoran\/#breadcrumb"},"inLanguage":"en-US","potentialAction":[{"@type":"ReadAction","target":["https:\/\/royalresidence.rs\/royal-restoran\/"]}]},{"@type":"ImageObject","inLanguage":"en-US","@id":"https:\/\/royalresidence.rs\/royal-restoran\/#primaryimage","url":"https:\/\/royalresidence.rs\/wp-content\/uploads\/2020\/05\/restoran-slide-01.jpg","contentUrl":"https:\/\/royalresidence.rs\/wp-content\/uploads\/2020\/05\/restoran-slide-01.jpg"},{"@type":"BreadcrumbList","@id":"https:\/\/royalresidence.rs\/royal-restoran\/#breadcrumb","itemListElement":[{"@type":"ListItem","position":1,"name":"Home","item":"https:\/\/royalresidence.rs\/"},{"@type":"ListItem","position":2,"name":"Royal Restoran"}]},{"@type":"WebSite","@id":"https:\/\/royalresidence.rs\/#website","url":"https:\/\/royalresidence.rs\/","name":"Royal Residence","description":"","potentialAction":[{"@type":"SearchAction","target":{"@type":"EntryPoint","urlTemplate":"https:\/\/royalresidence.rs\/?s={search_term_string}"},"query-input":{"@type":"PropertyValueSpecification","valueRequired":true,"valueName":"search_term_string"}}],"inLanguage":"en-US"}]}},"_links":{"self":[{"href":"https:\/\/royalresidence.rs\/en\/wp-json\/wp\/v2\/pages\/12","targetHints":{"allow":["GET"]}}],"collection":[{"href":"https:\/\/royalresidence.rs\/en\/wp-json\/wp\/v2\/pages"}],"about":[{"href":"https:\/\/royalresidence.rs\/en\/wp-json\/wp\/v2\/types\/page"}],"author":[{"embeddable":true,"href":"https:\/\/royalresidence.rs\/en\/wp-json\/wp\/v2\/users\/2"}],"replies":[{"embeddable":true,"href":"https:\/\/royalresidence.rs\/en\/wp-json\/wp\/v2\/comments?post=12"}],"version-history":[{"count":47,"href":"https:\/\/royalresidence.rs\/en\/wp-json\/wp\/v2\/pages\/12\/revisions"}],"predecessor-version":[{"id":1098,"href":"https:\/\/royalresidence.rs\/en\/wp-json\/wp\/v2\/pages\/12\/revisions\/1098"}],"wp:attachment":[{"href":"https:\/\/royalresidence.rs\/en\/wp-json\/wp\/v2\/media?parent=12"}],"curies":[{"name":"wp","href":"https:\/\/api.w.org\/{rel}","templated":true}]}}