{"id":14,"date":"2020-05-20T14:22:21","date_gmt":"2020-05-20T14:22:21","guid":{"rendered":"http:\/\/royal.quantox.local\/\/?page_id=14"},"modified":"2020-06-18T11:42:47","modified_gmt":"2020-06-18T11:42:47","slug":"dogadjaji","status":"publish","type":"page","link":"https:\/\/royalresidence.rs\/en\/dogadjaji\/","title":{"rendered":"Royal Doga\u0111aji"},"content":{"rendered":"<div data-elementor-type=\"wp-page\" data-elementor-id=\"14\" class=\"elementor elementor-14\" data-elementor-post-type=\"page\">\n\t\t\t\t\t\t<section class=\"elementor-section elementor-top-section elementor-element elementor-element-189e896 elementor-section-full_width elementor-section-height-default elementor-section-height-default\" data-id=\"189e896\" data-element_type=\"section\" data-e-type=\"section\">\n\t\t\t\t\t\t<div class=\"elementor-container elementor-column-gap-no\">\n\t\t\t\t\t<div class=\"elementor-column elementor-col-100 elementor-top-column elementor-element elementor-element-00848e5\" data-id=\"00848e5\" data-element_type=\"column\" data-e-type=\"column\">\n\t\t\t<div class=\"elementor-widget-wrap elementor-element-populated\">\n\t\t\t\t\t\t<div class=\"elementor-element elementor-element-b63f9b5 elementor-widget elementor-widget-royalresidence_title_holder\" data-id=\"b63f9b5\" data-element_type=\"widget\" data-e-type=\"widget\" data-widget_type=\"royalresidence_title_holder.default\">\n\t\t\t\t<div class=\"elementor-widget-container\">\n\t\t\t\t\t        <div class=\"title-holder\">\n            <h5 class=\"text-uppercase font-weight-bold\">Events<\/h5>\n            <div class=\"headline-hr\"><\/div>\n        <\/div>\n\n\t\t\t\t\t\t<\/div>\n\t\t\t\t<\/div>\n\t\t\t\t\t<\/div>\n\t\t<\/div>\n\t\t\t\t\t<\/div>\n\t\t<\/section>\n\t\t\t\t<section class=\"elementor-section elementor-top-section elementor-element elementor-element-f3d17eb elementor-section-boxed elementor-section-height-default elementor-section-height-default\" data-id=\"f3d17eb\" data-element_type=\"section\" data-e-type=\"section\">\n\t\t\t\t\t\t<div class=\"elementor-container elementor-column-gap-no\">\n\t\t\t\t\t<div class=\"elementor-column elementor-col-100 elementor-top-column elementor-element elementor-element-0b748a9\" data-id=\"0b748a9\" data-element_type=\"column\" data-e-type=\"column\">\n\t\t\t<div class=\"elementor-widget-wrap elementor-element-populated\">\n\t\t\t\t\t\t<div class=\"elementor-element elementor-element-14e40bd elementor-widget elementor-widget-royalresidence_aboutus_section\" data-id=\"14e40bd\" data-element_type=\"widget\" data-e-type=\"widget\" data-widget_type=\"royalresidence_aboutus_section.default\">\n\t\t\t\t<div class=\"elementor-widget-container\">\n\t\t\t\t\t\t\t            <div class=\"my-container\">\n                <div class=\"event-section\">\n                    <div class=\"event-holder row\">\n\n                        <div class=\"col-lg-6 col-xs-12\">\n                            <img decoding=\"async\" class=\"img-fluid\" src=\"https:\/\/royalresidence.rs\/wp-content\/uploads\/2020\/05\/o-nama-home.jpg\" alt=\"restaurant image\">\n                        <\/div>\n                        <div class=\"col-lg-6 col-xs-12\">\n\t\t\t\t\t\t\t                                <h5 class=\"text-uppercase\">Resturant<\/h5>\n                                <div class=\"line\"><\/div>\n\t\t\t\t\t\t\t\t\t\t\t\t\t\t<p>Hotel Royal Residence 4 * is a newly built modern hotel in \u010ca\u010dak.<br \/>We offer a luxurious ambience, where each aspect of the hotel is designed with special attention to detail and functionality, thus providing a high level of service and comfort for all our guests. Modernly designed rooms equipped with air conditioning, free internet, a minibar, a safe and LED TVs will make you feel comfortable. By choosing our hotel you have opted for luxury, away from the crowds. We invite you to indulge in the magic of superior service and experience Hotel Royal as a place for a comfortable stay and enjoyment with your friends, family or business partners. In our hotel, the guest has everything at hand, the offer is splendid, and the staff is always at your disposal. We provide the most luxurious services defined by your wishes.<br \/>On behalf of the hotel staff, we wish you a pleasant stay!<\/p>                        <\/div>\n\n\n                    <\/div>\n                <\/div>\n            <\/div>\n\t\t\t\t\t\t\t\t<\/div>\n\t\t\t\t<\/div>\n\t\t\t\t\t<\/div>\n\t\t<\/div>\n\t\t\t\t\t<\/div>\n\t\t<\/section>\n\t\t\t\t<\/div>","protected":false},"excerpt":{"rendered":"<p>DOGA\u0110AJI RESTORAN Hotel Royal Residence 4* je novoizgra\u0111eni moderan hotel u \u010ca\u010dku.Nudimo luksuzan ambijent u kome je svaki aspekt hotela dizajniran sa posebnom pa\u017enjom na detaljima i funkcionalnosti koja obezbe\u0111uje visok nivo usluge i udobnost za sve na\u0161e goste. Moderno dizajnirane sobe opremljene klima ure\u0111ajem, besplatnim internetom, mini barom, sefom i LED televizorima omogu\u0107i\u0107e vam [&hellip;]<\/p>\n","protected":false},"author":1,"featured_media":0,"parent":0,"menu_order":0,"comment_status":"closed","ping_status":"closed","template":"page_templates\/dogadjaji_page_template.php","meta":{"footnotes":""},"class_list":["post-14","page","type-page","status-publish","hentry"],"yoast_head":"<!-- This site is optimized with the Yoast SEO plugin v27.3 - https:\/\/yoast.com\/product\/yoast-seo-wordpress\/ -->\n<title>Royal Doga\u0111aji - Royal Residence<\/title>\n<meta name=\"robots\" content=\"index, follow, max-snippet:-1, max-image-preview:large, max-video-preview:-1\" \/>\n<link rel=\"canonical\" href=\"https:\/\/royalresidence.rs\/en\/dogadjaji\/\" \/>\n<meta property=\"og:locale\" content=\"en_US\" \/>\n<meta property=\"og:type\" content=\"article\" \/>\n<meta property=\"og:title\" content=\"Royal Doga\u0111aji - Royal Residence\" \/>\n<meta property=\"og:description\" content=\"DOGA\u0110AJI RESTORAN Hotel Royal Residence 4* je novoizgra\u0111eni moderan hotel u \u010ca\u010dku.Nudimo luksuzan ambijent u kome je svaki aspekt hotela dizajniran sa posebnom pa\u017enjom na detaljima i funkcionalnosti koja obezbe\u0111uje visok nivo usluge i udobnost za sve na\u0161e goste. Moderno dizajnirane sobe opremljene klima ure\u0111ajem, besplatnim internetom, mini barom, sefom i LED televizorima omogu\u0107i\u0107e vam [&hellip;]\" \/>\n<meta property=\"og:url\" content=\"https:\/\/royalresidence.rs\/en\/dogadjaji\/\" \/>\n<meta property=\"og:site_name\" content=\"Royal Residence\" \/>\n<meta property=\"article:modified_time\" content=\"2020-06-18T11:42:47+00:00\" \/>\n<meta property=\"og:image\" content=\"https:\/\/royalresidence.rs\/wp-content\/uploads\/2020\/05\/o-nama-home.jpg\" \/>\n<meta name=\"twitter:card\" content=\"summary_large_image\" \/>\n<meta name=\"twitter:label1\" content=\"Est. reading time\" \/>\n\t<meta name=\"twitter:data1\" content=\"1 minute\" \/>\n<script type=\"application\/ld+json\" class=\"yoast-schema-graph\">{\"@context\":\"https:\\\/\\\/schema.org\",\"@graph\":[{\"@type\":\"WebPage\",\"@id\":\"https:\\\/\\\/royalresidence.rs\\\/dogadjaji\\\/\",\"url\":\"https:\\\/\\\/royalresidence.rs\\\/dogadjaji\\\/\",\"name\":\"Royal Doga\u0111aji - Royal Residence\",\"isPartOf\":{\"@id\":\"https:\\\/\\\/royalresidence.rs\\\/#website\"},\"primaryImageOfPage\":{\"@id\":\"https:\\\/\\\/royalresidence.rs\\\/dogadjaji\\\/#primaryimage\"},\"image\":{\"@id\":\"https:\\\/\\\/royalresidence.rs\\\/dogadjaji\\\/#primaryimage\"},\"thumbnailUrl\":\"https:\\\/\\\/royalresidence.rs\\\/wp-content\\\/uploads\\\/2020\\\/05\\\/o-nama-home.jpg\",\"datePublished\":\"2020-05-20T14:22:21+00:00\",\"dateModified\":\"2020-06-18T11:42:47+00:00\",\"breadcrumb\":{\"@id\":\"https:\\\/\\\/royalresidence.rs\\\/dogadjaji\\\/#breadcrumb\"},\"inLanguage\":\"en-US\",\"potentialAction\":[{\"@type\":\"ReadAction\",\"target\":[\"https:\\\/\\\/royalresidence.rs\\\/dogadjaji\\\/\"]}]},{\"@type\":\"ImageObject\",\"inLanguage\":\"en-US\",\"@id\":\"https:\\\/\\\/royalresidence.rs\\\/dogadjaji\\\/#primaryimage\",\"url\":\"https:\\\/\\\/royalresidence.rs\\\/wp-content\\\/uploads\\\/2020\\\/05\\\/o-nama-home.jpg\",\"contentUrl\":\"https:\\\/\\\/royalresidence.rs\\\/wp-content\\\/uploads\\\/2020\\\/05\\\/o-nama-home.jpg\"},{\"@type\":\"BreadcrumbList\",\"@id\":\"https:\\\/\\\/royalresidence.rs\\\/dogadjaji\\\/#breadcrumb\",\"itemListElement\":[{\"@type\":\"ListItem\",\"position\":1,\"name\":\"Home\",\"item\":\"https:\\\/\\\/royalresidence.rs\\\/\"},{\"@type\":\"ListItem\",\"position\":2,\"name\":\"Royal Doga\u0111aji\"}]},{\"@type\":\"WebSite\",\"@id\":\"https:\\\/\\\/royalresidence.rs\\\/#website\",\"url\":\"https:\\\/\\\/royalresidence.rs\\\/\",\"name\":\"Royal Residence\",\"description\":\"\",\"potentialAction\":[{\"@type\":\"SearchAction\",\"target\":{\"@type\":\"EntryPoint\",\"urlTemplate\":\"https:\\\/\\\/royalresidence.rs\\\/?s={search_term_string}\"},\"query-input\":{\"@type\":\"PropertyValueSpecification\",\"valueRequired\":true,\"valueName\":\"search_term_string\"}}],\"inLanguage\":\"en-US\"}]}<\/script>\n<!-- \/ Yoast SEO plugin. -->","yoast_head_json":{"title":"Royal Doga\u0111aji - Royal Residence","robots":{"index":"index","follow":"follow","max-snippet":"max-snippet:-1","max-image-preview":"max-image-preview:large","max-video-preview":"max-video-preview:-1"},"canonical":"https:\/\/royalresidence.rs\/en\/dogadjaji\/","og_locale":"en_US","og_type":"article","og_title":"Royal Doga\u0111aji - Royal Residence","og_description":"DOGA\u0110AJI RESTORAN Hotel Royal Residence 4* je novoizgra\u0111eni moderan hotel u \u010ca\u010dku.Nudimo luksuzan ambijent u kome je svaki aspekt hotela dizajniran sa posebnom pa\u017enjom na detaljima i funkcionalnosti koja obezbe\u0111uje visok nivo usluge i udobnost za sve na\u0161e goste. Moderno dizajnirane sobe opremljene klima ure\u0111ajem, besplatnim internetom, mini barom, sefom i LED televizorima omogu\u0107i\u0107e vam [&hellip;]","og_url":"https:\/\/royalresidence.rs\/en\/dogadjaji\/","og_site_name":"Royal Residence","article_modified_time":"2020-06-18T11:42:47+00:00","og_image":[{"url":"https:\/\/royalresidence.rs\/wp-content\/uploads\/2020\/05\/o-nama-home.jpg","type":"","width":"","height":""}],"twitter_card":"summary_large_image","twitter_misc":{"Est. reading time":"1 minute"},"schema":{"@context":"https:\/\/schema.org","@graph":[{"@type":"WebPage","@id":"https:\/\/royalresidence.rs\/dogadjaji\/","url":"https:\/\/royalresidence.rs\/dogadjaji\/","name":"Royal Doga\u0111aji - Royal Residence","isPartOf":{"@id":"https:\/\/royalresidence.rs\/#website"},"primaryImageOfPage":{"@id":"https:\/\/royalresidence.rs\/dogadjaji\/#primaryimage"},"image":{"@id":"https:\/\/royalresidence.rs\/dogadjaji\/#primaryimage"},"thumbnailUrl":"https:\/\/royalresidence.rs\/wp-content\/uploads\/2020\/05\/o-nama-home.jpg","datePublished":"2020-05-20T14:22:21+00:00","dateModified":"2020-06-18T11:42:47+00:00","breadcrumb":{"@id":"https:\/\/royalresidence.rs\/dogadjaji\/#breadcrumb"},"inLanguage":"en-US","potentialAction":[{"@type":"ReadAction","target":["https:\/\/royalresidence.rs\/dogadjaji\/"]}]},{"@type":"ImageObject","inLanguage":"en-US","@id":"https:\/\/royalresidence.rs\/dogadjaji\/#primaryimage","url":"https:\/\/royalresidence.rs\/wp-content\/uploads\/2020\/05\/o-nama-home.jpg","contentUrl":"https:\/\/royalresidence.rs\/wp-content\/uploads\/2020\/05\/o-nama-home.jpg"},{"@type":"BreadcrumbList","@id":"https:\/\/royalresidence.rs\/dogadjaji\/#breadcrumb","itemListElement":[{"@type":"ListItem","position":1,"name":"Home","item":"https:\/\/royalresidence.rs\/"},{"@type":"ListItem","position":2,"name":"Royal Doga\u0111aji"}]},{"@type":"WebSite","@id":"https:\/\/royalresidence.rs\/#website","url":"https:\/\/royalresidence.rs\/","name":"Royal Residence","description":"","potentialAction":[{"@type":"SearchAction","target":{"@type":"EntryPoint","urlTemplate":"https:\/\/royalresidence.rs\/?s={search_term_string}"},"query-input":{"@type":"PropertyValueSpecification","valueRequired":true,"valueName":"search_term_string"}}],"inLanguage":"en-US"}]}},"_links":{"self":[{"href":"https:\/\/royalresidence.rs\/en\/wp-json\/wp\/v2\/pages\/14","targetHints":{"allow":["GET"]}}],"collection":[{"href":"https:\/\/royalresidence.rs\/en\/wp-json\/wp\/v2\/pages"}],"about":[{"href":"https:\/\/royalresidence.rs\/en\/wp-json\/wp\/v2\/types\/page"}],"author":[{"embeddable":true,"href":"https:\/\/royalresidence.rs\/en\/wp-json\/wp\/v2\/users\/1"}],"replies":[{"embeddable":true,"href":"https:\/\/royalresidence.rs\/en\/wp-json\/wp\/v2\/comments?post=14"}],"version-history":[{"count":13,"href":"https:\/\/royalresidence.rs\/en\/wp-json\/wp\/v2\/pages\/14\/revisions"}],"predecessor-version":[{"id":478,"href":"https:\/\/royalresidence.rs\/en\/wp-json\/wp\/v2\/pages\/14\/revisions\/478"}],"wp:attachment":[{"href":"https:\/\/royalresidence.rs\/en\/wp-json\/wp\/v2\/media?parent=14"}],"curies":[{"name":"wp","href":"https:\/\/api.w.org\/{rel}","templated":true}]}}