{"id":18,"date":"2020-05-20T14:22:53","date_gmt":"2020-05-20T14:22:53","guid":{"rendered":"http:\/\/royal.quantox.local\/\/?page_id=18"},"modified":"2022-08-30T18:43:18","modified_gmt":"2022-08-30T18:43:18","slug":"royal-kontakt","status":"publish","type":"page","link":"https:\/\/royalresidence.rs\/en\/royal-kontakt\/","title":{"rendered":"Royal Kontakt"},"content":{"rendered":"<div data-elementor-type=\"wp-page\" data-elementor-id=\"18\" class=\"elementor elementor-18\" data-elementor-post-type=\"page\">\n\t\t\t\t\t\t<section class=\"elementor-section elementor-top-section elementor-element elementor-element-43ff01c elementor-section-full_width elementor-section-height-default elementor-section-height-default\" data-id=\"43ff01c\" data-element_type=\"section\" data-e-type=\"section\">\n\t\t\t\t\t\t<div class=\"elementor-container elementor-column-gap-no\">\n\t\t\t\t\t<div class=\"elementor-column elementor-col-100 elementor-top-column elementor-element elementor-element-d4bfcc0\" data-id=\"d4bfcc0\" data-element_type=\"column\" data-e-type=\"column\">\n\t\t\t<div class=\"elementor-widget-wrap elementor-element-populated\">\n\t\t\t\t\t\t<div class=\"elementor-element elementor-element-8057182 elementor-widget elementor-widget-royalresidence_title_holder\" data-id=\"8057182\" data-element_type=\"widget\" data-e-type=\"widget\" data-widget_type=\"royalresidence_title_holder.default\">\n\t\t\t\t<div class=\"elementor-widget-container\">\n\t\t\t\t\t        <div class=\"title-holder\">\n            <h5 class=\"text-uppercase font-weight-bold\">Contact<\/h5>\n            <div class=\"headline-hr\"><\/div>\n        <\/div>\n\n\t\t\t\t\t\t<\/div>\n\t\t\t\t<\/div>\n\t\t\t\t\t<\/div>\n\t\t<\/div>\n\t\t\t\t\t<\/div>\n\t\t<\/section>\n\t\t\t\t<section class=\"elementor-section elementor-top-section elementor-element elementor-element-4886863 elementor-section-full_width elementor-section-height-default elementor-section-height-default\" data-id=\"4886863\" data-element_type=\"section\" data-e-type=\"section\">\n\t\t\t\t\t\t<div class=\"elementor-container elementor-column-gap-no\">\n\t\t\t\t\t<div class=\"elementor-column elementor-col-100 elementor-top-column elementor-element elementor-element-03aa579\" data-id=\"03aa579\" data-element_type=\"column\" data-e-type=\"column\">\n\t\t\t<div class=\"elementor-widget-wrap elementor-element-populated\">\n\t\t\t\t\t\t<div class=\"elementor-element elementor-element-e28e655 elementor-widget elementor-widget-royalresidence_google_map\" data-id=\"e28e655\" data-element_type=\"widget\" data-e-type=\"widget\" data-widget_type=\"royalresidence_google_map.default\">\n\t\t\t\t<div class=\"elementor-widget-container\">\n\t\t\t\t\t\n        <div style=\"overflow:hidden;width: 100%;position: relative;\">\n            <iframe width=\"100%\" height=\"400\"\n                    src=\"https:\/\/maps.google.com\/maps?hl=en&amp;q=royal residence+(royal residence)&amp;ie=UTF8&amp;t=&amp;z=17&amp;iwloc=B&amp;output=embed\"\n                    frameborder=\"0\" scrolling=\"no\" marginheight=\"0\" marginwidth=\"0\">\n            <\/iframe>\n            <div style=\"position: absolute;width: 80%;bottom: 10px;left: 0;right: 0;margin-left: auto;margin-right: auto;color: #000;text-align: center;\">\n                <small style=\"line-height: 1.8;font-size: 0px;background: #fff;\"> <a\n                            href=\"https:\/\/googlemapsembed.net\/\">Google\n                        Maps Embed<\/a>\n                <\/small>\n            <\/div>\n\n        <\/div>\n\n\t\t\t\t\t\t<\/div>\n\t\t\t\t<\/div>\n\t\t\t\t\t<\/div>\n\t\t<\/div>\n\t\t\t\t\t<\/div>\n\t\t<\/section>\n\t\t\t\t<section class=\"elementor-section elementor-top-section elementor-element elementor-element-911a7f6 elementor-section-full_width elementor-section-height-default elementor-section-height-default\" data-id=\"911a7f6\" data-element_type=\"section\" data-e-type=\"section\">\n\t\t\t\t\t\t<div class=\"elementor-container elementor-column-gap-no\">\n\t\t\t\t\t<div class=\"elementor-column elementor-col-100 elementor-top-column elementor-element elementor-element-981cdc2\" data-id=\"981cdc2\" data-element_type=\"column\" data-e-type=\"column\">\n\t\t\t<div class=\"elementor-widget-wrap elementor-element-populated\">\n\t\t\t\t\t\t<div class=\"elementor-element elementor-element-5d1bf34 elementor-widget elementor-widget-royalresidence_info_holder\" data-id=\"5d1bf34\" data-element_type=\"widget\" data-e-type=\"widget\" data-widget_type=\"royalresidence_info_holder.default\">\n\t\t\t\t<div class=\"elementor-widget-container\">\n\t\t\t\t\t        <div class=\"my-container\">\n            <div class=\"row justify-content-center\">\n                <div class=\"col-sm-9 col-12 text-holder\">\n\t\t\t\t\t<p>The hotel is conveniently located as a starting position, whether it is a business visit to Cacak or a vacation<br \/>We are located close to the center and all tourist attractions of the city. Direct connection with the main road E-763 as well as the proximity of the Highway \"Milos Veliki\" A2 are what makes our hotel unique, and puts us for you, our guests, one step ahead of the rest.<br \/><br \/>It is close to the Ov\u010dar-Kablar gorge, which has been declared a protected natural asset of the first category - a landscape of exceptional features. The main natural feature of the gorge consists of striking massifs, Ov\u010dar and Kablar mountains, decorated with pronounced trapped meanders and thermal springs. Due to its 10 monasteries and two holy places, the Ov\u010dar-Kablar gorge is also known as \"Serbian Holy Mountain\".<\/p>\n                    <div class=\"row info-holder\">\n                        <div class=\"col-lg-6 col-md-12\">\n\t\t\t\t\t\t\t  Bus station - 1.7 km<br>\n                            Train station - 1.1 km<br>\n                            Central town square - 1.1 km<br>\n                            Ov\u010darsko-kablarska gorge - 16km<br>\n                            Nikola Tesla Airport, Belgrade - 140 km<br>\n                            Konstantin Veliki Aerodrom, Ni\u0161 \u2013 202 km                        <\/div>\n                        <div class=\"col-lg-6 col-md-12\">\n\t\t\t\t\t\t\t                            Royal Residece 4*<br>\n                            Stevana Prvoven\u010danog bb<br>\n                            32000 \u010ca\u010dak, Srbija<br>                        <\/div>\n                    <\/div>\n                <\/div>\n            <\/div>\n        <\/div>\n\n\t\t\t\t\t\t<\/div>\n\t\t\t\t<\/div>\n\t\t\t\t\t<\/div>\n\t\t<\/div>\n\t\t\t\t\t<\/div>\n\t\t<\/section>\n\t\t\t\t<section class=\"elementor-section elementor-top-section elementor-element elementor-element-2d01a99 contact-info elementor-section-boxed elementor-section-height-default elementor-section-height-default\" data-id=\"2d01a99\" data-element_type=\"section\" data-e-type=\"section\">\n\t\t\t\t\t\t<div class=\"elementor-container elementor-column-gap-no\">\n\t\t\t\t\t<div class=\"elementor-column elementor-col-33 elementor-top-column elementor-element elementor-element-68e7a54\" data-id=\"68e7a54\" data-element_type=\"column\" data-e-type=\"column\">\n\t\t\t<div class=\"elementor-widget-wrap elementor-element-populated\">\n\t\t\t\t\t\t<div class=\"elementor-element elementor-element-e76471a elementor-widget elementor-widget-royalresidence_contact_info_section\" data-id=\"e76471a\" data-element_type=\"widget\" data-e-type=\"widget\" data-widget_type=\"royalresidence_contact_info_section.default\">\n\t\t\t\t<div class=\"elementor-widget-container\">\n\t\t\t\t\t<!-- <span>\nnesto\n<\/span> -->\n        <div class=\"col-md col-xs-12\">\n            <div class=\"mobileHolder\">\n                <h5>Room reservation<\/h5>\n\n\t\t\t\t                    <p>recepcija@royalresidence.rs\n\n<\/p>\n\t\t\t\t                    <p>+381325155632\n\n<\/p>\n\t\t\t\t                    <p>+381693631334\n\n<\/p>\n\t\t\t\t            <\/div>\n        <\/div>\n\t\t\t\t\t\t<\/div>\n\t\t\t\t<\/div>\n\t\t\t\t\t<\/div>\n\t\t<\/div>\n\t\t\t\t<div class=\"elementor-column elementor-col-33 elementor-top-column elementor-element elementor-element-97c38ad\" data-id=\"97c38ad\" data-element_type=\"column\" data-e-type=\"column\">\n\t\t\t<div class=\"elementor-widget-wrap elementor-element-populated\">\n\t\t\t\t\t\t<div class=\"elementor-element elementor-element-ee88014 elementor-widget elementor-widget-royalresidence_contact_info_section\" data-id=\"ee88014\" data-element_type=\"widget\" data-e-type=\"widget\" data-widget_type=\"royalresidence_contact_info_section.default\">\n\t\t\t\t<div class=\"elementor-widget-container\">\n\t\t\t\t\t<!-- <span>\nnesto\n<\/span> -->\n        <div class=\"col-md col-xs-12\">\n            <div class=\"mobileHolder\">\n                <h5>Banquet hall<\/h5>\n\n\t\t\t\t                    <p>info@royalresidence.rs\n\n<\/p>\n\t\t\t\t                    <p>+381693631330\n\n<\/p>\n\t\t\t\t                    <p>+38163631330\n\n<\/p>\n\t\t\t\t            <\/div>\n        <\/div>\n\t\t\t\t\t\t<\/div>\n\t\t\t\t<\/div>\n\t\t\t\t\t<\/div>\n\t\t<\/div>\n\t\t\t\t<div class=\"elementor-column elementor-col-33 elementor-top-column elementor-element elementor-element-43a3dfa\" data-id=\"43a3dfa\" data-element_type=\"column\" data-e-type=\"column\">\n\t\t\t<div class=\"elementor-widget-wrap elementor-element-populated\">\n\t\t\t\t\t\t<div class=\"elementor-element elementor-element-2745fe2 elementor-widget elementor-widget-royalresidence_contact_info_section\" data-id=\"2745fe2\" data-element_type=\"widget\" data-e-type=\"widget\" data-widget_type=\"royalresidence_contact_info_section.default\">\n\t\t\t\t<div class=\"elementor-widget-container\">\n\t\t\t\t\t<!-- <span>\nnesto\n<\/span> -->\n        <div class=\"col-md col-xs-12\">\n            <div class=\"mobileHolder\">\n                <h5>Resturant<\/h5>\n\n\t\t\t\t                    <p>+381325155633\n\n<\/p>\n\t\t\t\t                    <p>+381693631333\n\n<\/p>\n\t\t\t\t            <\/div>\n        <\/div>\n\t\t\t\t\t\t<\/div>\n\t\t\t\t<\/div>\n\t\t\t\t\t<\/div>\n\t\t<\/div>\n\t\t\t\t\t<\/div>\n\t\t<\/section>\n\t\t\t\t<\/div>","protected":false},"excerpt":{"rendered":"<p>Kontakt Google Maps Embed Lokacija hotela je idealna startna pozicija, bilo da se radi o poslovnoj poseti \u010ca\u010dku ili o odmoru.Nalazimo se u neposrednoj blizini centra kao i svih turisti\u010dkih atrakcija grada. Direktna povezanost sa magistralnim putem E-763 kao i blizina Autoputa ,,Milo\u0161 Veliki\u201d A2 su ono \u0161to na\u0161 hotel \u010dini jedinstvenim, a vas, na\u0161e [&hellip;]<\/p>\n","protected":false},"author":2,"featured_media":0,"parent":0,"menu_order":0,"comment_status":"open","ping_status":"open","template":"page_templates\/kontakt_page_template.php","meta":{"footnotes":""},"class_list":["post-18","page","type-page","status-publish","hentry"],"yoast_head":"<!-- This site is optimized with the Yoast SEO plugin v27.3 - https:\/\/yoast.com\/product\/yoast-seo-wordpress\/ -->\n<title>Royal Kontakt - Royal Residence<\/title>\n<meta name=\"robots\" content=\"index, follow, max-snippet:-1, max-image-preview:large, max-video-preview:-1\" \/>\n<link rel=\"canonical\" href=\"https:\/\/royalresidence.rs\/en\/royal-kontakt\/\" \/>\n<meta property=\"og:locale\" content=\"en_US\" \/>\n<meta property=\"og:type\" content=\"article\" \/>\n<meta property=\"og:title\" content=\"Royal Kontakt - Royal Residence\" \/>\n<meta property=\"og:description\" content=\"Kontakt Google Maps Embed Lokacija hotela je idealna startna pozicija, bilo da se radi o poslovnoj poseti \u010ca\u010dku ili o odmoru.Nalazimo se u neposrednoj blizini centra kao i svih turisti\u010dkih atrakcija grada. Direktna povezanost sa magistralnim putem E-763 kao i blizina Autoputa ,,Milo\u0161 Veliki\u201d A2 su ono \u0161to na\u0161 hotel \u010dini jedinstvenim, a vas, na\u0161e [&hellip;]\" \/>\n<meta property=\"og:url\" content=\"https:\/\/royalresidence.rs\/en\/royal-kontakt\/\" \/>\n<meta property=\"og:site_name\" content=\"Royal Residence\" \/>\n<meta property=\"article:modified_time\" content=\"2022-08-30T18:43:18+00:00\" \/>\n<meta name=\"twitter:card\" content=\"summary_large_image\" \/>\n<meta name=\"twitter:label1\" content=\"Est. reading time\" \/>\n\t<meta name=\"twitter:data1\" content=\"1 minute\" \/>\n<script type=\"application\/ld+json\" class=\"yoast-schema-graph\">{\"@context\":\"https:\\\/\\\/schema.org\",\"@graph\":[{\"@type\":\"WebPage\",\"@id\":\"https:\\\/\\\/royalresidence.rs\\\/royal-kontakt\\\/\",\"url\":\"https:\\\/\\\/royalresidence.rs\\\/royal-kontakt\\\/\",\"name\":\"Royal Kontakt - Royal Residence\",\"isPartOf\":{\"@id\":\"https:\\\/\\\/royalresidence.rs\\\/#website\"},\"datePublished\":\"2020-05-20T14:22:53+00:00\",\"dateModified\":\"2022-08-30T18:43:18+00:00\",\"breadcrumb\":{\"@id\":\"https:\\\/\\\/royalresidence.rs\\\/royal-kontakt\\\/#breadcrumb\"},\"inLanguage\":\"en-US\",\"potentialAction\":[{\"@type\":\"ReadAction\",\"target\":[\"https:\\\/\\\/royalresidence.rs\\\/royal-kontakt\\\/\"]}]},{\"@type\":\"BreadcrumbList\",\"@id\":\"https:\\\/\\\/royalresidence.rs\\\/royal-kontakt\\\/#breadcrumb\",\"itemListElement\":[{\"@type\":\"ListItem\",\"position\":1,\"name\":\"Home\",\"item\":\"https:\\\/\\\/royalresidence.rs\\\/\"},{\"@type\":\"ListItem\",\"position\":2,\"name\":\"Royal Kontakt\"}]},{\"@type\":\"WebSite\",\"@id\":\"https:\\\/\\\/royalresidence.rs\\\/#website\",\"url\":\"https:\\\/\\\/royalresidence.rs\\\/\",\"name\":\"Royal Residence\",\"description\":\"\",\"potentialAction\":[{\"@type\":\"SearchAction\",\"target\":{\"@type\":\"EntryPoint\",\"urlTemplate\":\"https:\\\/\\\/royalresidence.rs\\\/?s={search_term_string}\"},\"query-input\":{\"@type\":\"PropertyValueSpecification\",\"valueRequired\":true,\"valueName\":\"search_term_string\"}}],\"inLanguage\":\"en-US\"}]}<\/script>\n<!-- \/ Yoast SEO plugin. -->","yoast_head_json":{"title":"Royal Kontakt - Royal Residence","robots":{"index":"index","follow":"follow","max-snippet":"max-snippet:-1","max-image-preview":"max-image-preview:large","max-video-preview":"max-video-preview:-1"},"canonical":"https:\/\/royalresidence.rs\/en\/royal-kontakt\/","og_locale":"en_US","og_type":"article","og_title":"Royal Kontakt - Royal Residence","og_description":"Kontakt Google Maps Embed Lokacija hotela je idealna startna pozicija, bilo da se radi o poslovnoj poseti \u010ca\u010dku ili o odmoru.Nalazimo se u neposrednoj blizini centra kao i svih turisti\u010dkih atrakcija grada. Direktna povezanost sa magistralnim putem E-763 kao i blizina Autoputa ,,Milo\u0161 Veliki\u201d A2 su ono \u0161to na\u0161 hotel \u010dini jedinstvenim, a vas, na\u0161e [&hellip;]","og_url":"https:\/\/royalresidence.rs\/en\/royal-kontakt\/","og_site_name":"Royal Residence","article_modified_time":"2022-08-30T18:43:18+00:00","twitter_card":"summary_large_image","twitter_misc":{"Est. reading time":"1 minute"},"schema":{"@context":"https:\/\/schema.org","@graph":[{"@type":"WebPage","@id":"https:\/\/royalresidence.rs\/royal-kontakt\/","url":"https:\/\/royalresidence.rs\/royal-kontakt\/","name":"Royal Kontakt - Royal Residence","isPartOf":{"@id":"https:\/\/royalresidence.rs\/#website"},"datePublished":"2020-05-20T14:22:53+00:00","dateModified":"2022-08-30T18:43:18+00:00","breadcrumb":{"@id":"https:\/\/royalresidence.rs\/royal-kontakt\/#breadcrumb"},"inLanguage":"en-US","potentialAction":[{"@type":"ReadAction","target":["https:\/\/royalresidence.rs\/royal-kontakt\/"]}]},{"@type":"BreadcrumbList","@id":"https:\/\/royalresidence.rs\/royal-kontakt\/#breadcrumb","itemListElement":[{"@type":"ListItem","position":1,"name":"Home","item":"https:\/\/royalresidence.rs\/"},{"@type":"ListItem","position":2,"name":"Royal Kontakt"}]},{"@type":"WebSite","@id":"https:\/\/royalresidence.rs\/#website","url":"https:\/\/royalresidence.rs\/","name":"Royal Residence","description":"","potentialAction":[{"@type":"SearchAction","target":{"@type":"EntryPoint","urlTemplate":"https:\/\/royalresidence.rs\/?s={search_term_string}"},"query-input":{"@type":"PropertyValueSpecification","valueRequired":true,"valueName":"search_term_string"}}],"inLanguage":"en-US"}]}},"_links":{"self":[{"href":"https:\/\/royalresidence.rs\/en\/wp-json\/wp\/v2\/pages\/18","targetHints":{"allow":["GET"]}}],"collection":[{"href":"https:\/\/royalresidence.rs\/en\/wp-json\/wp\/v2\/pages"}],"about":[{"href":"https:\/\/royalresidence.rs\/en\/wp-json\/wp\/v2\/types\/page"}],"author":[{"embeddable":true,"href":"https:\/\/royalresidence.rs\/en\/wp-json\/wp\/v2\/users\/2"}],"replies":[{"embeddable":true,"href":"https:\/\/royalresidence.rs\/en\/wp-json\/wp\/v2\/comments?post=18"}],"version-history":[{"count":17,"href":"https:\/\/royalresidence.rs\/en\/wp-json\/wp\/v2\/pages\/18\/revisions"}],"predecessor-version":[{"id":720,"href":"https:\/\/royalresidence.rs\/en\/wp-json\/wp\/v2\/pages\/18\/revisions\/720"}],"wp:attachment":[{"href":"https:\/\/royalresidence.rs\/en\/wp-json\/wp\/v2\/media?parent=18"}],"curies":[{"name":"wp","href":"https:\/\/api.w.org\/{rel}","templated":true}]}}