{"id":240,"date":"2020-05-25T11:40:38","date_gmt":"2020-05-25T11:40:38","guid":{"rendered":"http:\/\/royal.quantox.local\/?page_id=240"},"modified":"2020-06-18T11:42:47","modified_gmt":"2020-06-18T11:42:47","slug":"jednokrevetna-soba","status":"publish","type":"page","link":"https:\/\/royalresidence.rs\/en\/jednokrevetna-soba\/","title":{"rendered":"Royal Jednokrevetna Soba"},"content":{"rendered":"<div data-elementor-type=\"wp-page\" data-elementor-id=\"240\" class=\"elementor elementor-240\" data-elementor-post-type=\"page\">\n\t\t\t\t\t\t<section class=\"elementor-section elementor-top-section elementor-element elementor-element-f668f50 elementor-section-full_width elementor-section-height-default elementor-section-height-default\" data-id=\"f668f50\" data-element_type=\"section\" data-e-type=\"section\">\n\t\t\t\t\t\t<div class=\"elementor-container elementor-column-gap-no\">\n\t\t\t\t\t<div class=\"elementor-column elementor-col-100 elementor-top-column elementor-element elementor-element-87fe665\" data-id=\"87fe665\" data-element_type=\"column\" data-e-type=\"column\">\n\t\t\t<div class=\"elementor-widget-wrap elementor-element-populated\">\n\t\t\t\t\t\t<div class=\"elementor-element elementor-element-808dd1e elementor-widget elementor-widget-royalresidence_title_holder\" data-id=\"808dd1e\" data-element_type=\"widget\" data-e-type=\"widget\" data-widget_type=\"royalresidence_title_holder.default\">\n\t\t\t\t<div class=\"elementor-widget-container\">\n\t\t\t\t\t        <div class=\"title-holder\">\n            <h5 class=\"text-uppercase font-weight-bold\">Standard single room<\/h5>\n            <div class=\"headline-hr\"><\/div>\n        <\/div>\n\n\t\t\t\t\t\t<\/div>\n\t\t\t\t<\/div>\n\t\t\t\t\t<\/div>\n\t\t<\/div>\n\t\t\t\t\t<\/div>\n\t\t<\/section>\n\t\t\t\t<section class=\"elementor-section elementor-top-section elementor-element elementor-element-fd1cb78 elementor-section-full_width elementor-section-height-default elementor-section-height-default\" data-id=\"fd1cb78\" data-element_type=\"section\" data-e-type=\"section\">\n\t\t\t\t\t\t<div class=\"elementor-container elementor-column-gap-no\">\n\t\t\t\t\t<div class=\"elementor-column elementor-col-100 elementor-top-column elementor-element elementor-element-597d84c\" data-id=\"597d84c\" data-element_type=\"column\" data-e-type=\"column\">\n\t\t\t<div class=\"elementor-widget-wrap elementor-element-populated\">\n\t\t\t\t\t\t<div class=\"elementor-element elementor-element-dba8c5f elementor-widget elementor-widget-royalresidence_carousel_sweper\" data-id=\"dba8c5f\" data-element_type=\"widget\" data-e-type=\"widget\" data-widget_type=\"royalresidence_carousel_sweper.default\">\n\t\t\t\t<div class=\"elementor-widget-container\">\n\t\t\t\t\t\n        <div class=\"swiper-container\">\n            <div class=\"swiper-wrapper\">\n\t\t\t\t                    <div class=\"swiper-slide\">\n                        <div class=\"gradient-holder relative\">\n                            <img decoding=\"async\" class=\"img-fluid\" src=\"https:\/\/royalresidence.rs\/wp-content\/uploads\/2020\/05\/jednokrevetna-slide-01.jpg\" alt=\"slide image\">\n                        <\/div>\n                    <\/div>\n\t\t\t\t                    <div class=\"swiper-slide\">\n                        <div class=\"gradient-holder relative\">\n                            <img decoding=\"async\" class=\"img-fluid\" src=\"https:\/\/royalresidence.rs\/wp-content\/uploads\/2020\/05\/jednokrevetna-slide-02.jpg\" alt=\"slide image\">\n                        <\/div>\n                    <\/div>\n\t\t\t\t                    <div class=\"swiper-slide\">\n                        <div class=\"gradient-holder relative\">\n                            <img decoding=\"async\" class=\"img-fluid\" src=\"https:\/\/royalresidence.rs\/wp-content\/uploads\/2020\/05\/jednokrevetna-slide-03.jpg\" alt=\"slide image\">\n                        <\/div>\n                    <\/div>\n\t\t\t\t                    <div class=\"swiper-slide\">\n                        <div class=\"gradient-holder relative\">\n                            <img decoding=\"async\" class=\"img-fluid\" src=\"https:\/\/royalresidence.rs\/wp-content\/uploads\/2020\/05\/jednokrevetna-slide-04.jpg\" alt=\"slide image\">\n                        <\/div>\n                    <\/div>\n\t\t\t\t\n            <\/div>\n            <!-- Add Pagination -->\n            <div class=\"swiper-pagination\"><\/div>\n            <!-- Add Arrows -->\n            <div class=\"swiper-button-next\"><\/div>\n            <div class=\"swiper-button-prev\"><\/div>\n        <\/div>\n        <script src=\"https:\/\/cdnjs.cloudflare.com\/ajax\/libs\/Swiper\/5.3.7\/js\/swiper.min.js\"><\/script>\n        <script>\n            var swiper = new Swiper('.swiper-container', {\n                watchSlidesVisibility: true,\n                speed: 500,\n                loadPrevNext: true,\n                spaceBetween: 15,\n                slidesPerGroup: 1,\n                loop: true,\n                grabCursor: true,\n                centeredSlides: true,\n                slideToClickedSlide: true,\n                navigation: {\n                    nextEl: '.swiper-button-next',\n                    prevEl: '.swiper-button-prev',\n                },\n                breakpoints: {\n                    \/\/ when window width is >= 320px\n                    320: {\n                        slidesPerView: 1\n                    },\n                    \/\/ when window width is >= 640px\n                    480: {\n                        slidesPerView: 2\n                    },\n                    992: {\n                        spaceBetween: 30,\n                        slidesPerView: 2\n                    }\n                }\n            });\n        <\/script>\n\n\t\t\t\t\t\t<\/div>\n\t\t\t\t<\/div>\n\t\t\t\t\t<\/div>\n\t\t<\/div>\n\t\t\t\t\t<\/div>\n\t\t<\/section>\n\t\t\t\t<section class=\"elementor-section elementor-top-section elementor-element elementor-element-264164b elementor-section-full_width elementor-section-height-default elementor-section-height-default\" data-id=\"264164b\" data-element_type=\"section\" data-e-type=\"section\">\n\t\t\t\t\t\t<div class=\"elementor-container elementor-column-gap-no\">\n\t\t\t\t\t<div class=\"elementor-column elementor-col-100 elementor-top-column elementor-element elementor-element-8460751\" data-id=\"8460751\" data-element_type=\"column\" data-e-type=\"column\">\n\t\t\t<div class=\"elementor-widget-wrap elementor-element-populated\">\n\t\t\t\t\t\t<div class=\"elementor-element elementor-element-de6bccf elementor-widget elementor-widget-contact_and_text_holder\" data-id=\"de6bccf\" data-element_type=\"widget\" data-e-type=\"widget\" data-widget_type=\"contact_and_text_holder.default\">\n\t\t\t\t<div class=\"elementor-widget-container\">\n\t\t\t\t\t\n        <div class=\"my-container\">\n            <div class=\"row justify-content-center\">\n                <div class=\"col-sm-9 col-12 text-holder\">\n\t\t\t\t\t<p>The single rooms are spacious and bright, with an extraordinarily well-organized space and elegant design. They have comfortable single beds, a seating area with armchairs and a coffee table, a desk, an LCD TV with cable channels, individually controlled air conditioning, a minibar, a laptop-sized digital safe, soundproofed windows and doors, a full-length mirror, electronic key \/ card and free WIFI. The bathroom is equipped with modern \"rain\" showers and complete toiletries. The quiet and peaceful atmosphere, as well as the facilities that offer the comfort of home, will allow you to refresh and further relax.<\/p>                <\/div>\n\t\t\t\t                    <div class=\"col-12 text-center reserve\">\n                        <a href=\"https:\/\/royalresidence.rs\/en\/rezervacija\" target=\"_blank\" rel=\"nofollow\"                           class=\"button text-uppercase\">Book now<\/a>\n                    <\/div>\n\t\t\t\t\n\t\t\t\t            <\/div>\n\n        <\/div>\n\n\t\t\t\t\t\t<\/div>\n\t\t\t\t<\/div>\n\t\t\t\t\t<\/div>\n\t\t<\/div>\n\t\t\t\t\t<\/div>\n\t\t<\/section>\n\t\t\t\t<section class=\"elementor-section elementor-top-section elementor-element elementor-element-0a1ea1e elementor-section-full_width elementor-section-height-default elementor-section-height-default\" data-id=\"0a1ea1e\" data-element_type=\"section\" data-e-type=\"section\">\n\t\t\t\t\t\t<div class=\"elementor-container elementor-column-gap-no\">\n\t\t\t\t\t<div class=\"elementor-column elementor-col-100 elementor-top-column elementor-element elementor-element-5f43ca8\" data-id=\"5f43ca8\" data-element_type=\"column\" data-e-type=\"column\">\n\t\t\t<div class=\"elementor-widget-wrap elementor-element-populated\">\n\t\t\t\t\t\t<div class=\"elementor-element elementor-element-89cc25b elementor-widget elementor-widget-royalresidence_availability_section_room\" data-id=\"89cc25b\" data-element_type=\"widget\" data-e-type=\"widget\" data-widget_type=\"royalresidence_availability_section_room.default\">\n\t\t\t\t<div class=\"elementor-widget-container\">\n\t\t\t\t\t        <div class=\"my-container\">\n            <div class=\"row availability-section\">\n\n\t\t\t\t\n                        <span class=\"col-lg-4 col-sm-6 nowrap\">\n\t\t                <div class=\"vertical-center\">\n\t                    <span class=\"img-holder text-left\">\n\t\t\t\t\t\t                            <img decoding=\"async\"                                 width=\"34px\"\n\t\t\t\t\t\t\t\t                         src=\"https:\/\/royalresidence.rs\/wp-content\/uploads\/2020\/05\/sofa-bed-e1590169725781.png\" alt=\"icon\">\n\t\t\t\t\t\t\t\t\t\t\t\t\t\n\t\t\t\t\t\t\t                    <\/span>\n\t                    <p class=\"text\">1 bed<\/p>\n\t                    <\/div>\n\t\t            <\/span>\n\n\t\t\t\t\t\n                        <span class=\"col-lg-4 col-sm-6\">\n\t\t                <div class=\"vertical-center users\">\n\t                    <span class=\"img-holder text-left\">\n\t\t\t\t\t\t                            <img decoding=\"async\" \t                         src=\"https:\/\/royalresidence.rs\/wp-content\/uploads\/2020\/05\/user-icon.png\" alt=\"icon\">\n\t\t\t\t\t\t\t\t\t\t\t\t\t\n\t\t\t\t\t\t\t                    <\/span>\n\t                    <p class=\"text\">1 adult or <br>\n1 adult and 1 child<\/p>\n\t                    <\/div>\n\t\t            <\/span>\n\n\t\t\t\t\t\n                        <span class=\"col-lg-4 col-sm-6\">\n\t\t                <div class=\"vertical-center\">\n\t                    <span class=\"img-holder text-left\">\n\t\t\t\t\t\t                            <img decoding=\"async\" \t                         src=\"https:\/\/royalresidence.rs\/wp-content\/uploads\/2020\/05\/shower-icon.png\" alt=\"icon\">\n\t\t\t\t\t\t\t\t\t\t\t\t\t\n\t\t\t\t\t\t\t                    <\/span>\n\t                    <p class=\"text\">rain showers<\/p>\n\t                    <\/div>\n\t\t            <\/span>\n\n\t\t\t\t\t\n                        <span class=\"col-lg-4 col-sm-6 nowrap\">\n\t\t                <div class=\"vertical-center\">\n\t                    <span class=\"img-holder text-left\">\n\t\t\t\t\t\t                            <img decoding=\"async\"                                 width=\"55px\"\n\t\t\t\t\t\t\t\t                         src=\"https:\/\/royalresidence.rs\/wp-content\/uploads\/2020\/05\/tv.png\" alt=\"icon\">\n\t\t\t\t\t\t\t\t\t\t\t\t\t\n\t\t\t\t\t\t\t                    <\/span>\n\t                    <p class=\"text\">lcs tv<\/p>\n\t                    <\/div>\n\t\t            <\/span>\n\n\t\t\t\t\t\n                        <span class=\"col-lg-4 col-sm-6\">\n\t\t                <div class=\"vertical-center\">\n\t                    <span class=\"img-holder text-left\">\n\t\t\t\t\t\t                            <img decoding=\"async\"                                 width=\"55px\"\n\t\t\t\t\t\t\t\t                         src=\"https:\/\/royalresidence.rs\/wp-content\/uploads\/2020\/05\/air-conditioner.png\" alt=\"icon\">\n\t\t\t\t\t\t\t\t\t\t\t\t\t\n\t\t\t\t\t\t\t                    <\/span>\n\t                    <p class=\"text\">adjustable air conditioning<\/p>\n\t                    <\/div>\n\t\t            <\/span>\n\n\t\t\t\t\t\n                        <span class=\"col-lg-4 col-sm-6\">\n\t\t                <div class=\"vertical-center\">\n\t                    <span class=\"img-holder text-left\">\n\t\t\t\t\t\t                            <img decoding=\"async\"                                 width=\"48px\"\n\t\t\t\t\t\t\t\t                         src=\"https:\/\/royalresidence.rs\/wp-content\/uploads\/2020\/05\/phone.png\" alt=\"icon\">\n\t\t\t\t\t\t\t\t\t\t\t\t\t\n\t\t\t\t\t\t\t                    <\/span>\n\t                    <p class=\"text\">phone<\/p>\n\t                    <\/div>\n\t\t            <\/span>\n\n\t\t\t\t\t\n                        <span class=\"col-lg-4 col-sm-6 nowrap\">\n\t\t                <div class=\"vertical-center\">\n\t                    <span class=\"img-holder text-left\">\n\t\t\t\t\t\t                            <img decoding=\"async\"                                 width=\"55px\"\n\t\t\t\t\t\t\t\t                         src=\"https:\/\/royalresidence.rs\/wp-content\/uploads\/2020\/05\/wifi.png\" alt=\"icon\">\n\t\t\t\t\t\t\t\t\t\t\t\t\t\n\t\t\t\t\t\t\t                    <\/span>\n\t                    <p class=\"text\">free Wi-Fi<\/p>\n\t                    <\/div>\n\t\t            <\/span>\n\n\t\t\t\t\t\n                        <span class=\"col-lg-4 col-sm-6\">\n\t\t                <div class=\"vertical-center\">\n\t                    <span class=\"img-holder text-left\">\n\t\t\t\t\t\t                            <img decoding=\"async\"                                 width=\"55px\"\n\t\t\t\t\t\t\t\t                         src=\"https:\/\/royalresidence.rs\/wp-content\/uploads\/2020\/05\/vault.png\" alt=\"icon\">\n\t\t\t\t\t\t\t\t\t\t\t\t\t\n\t\t\t\t\t\t\t                    <\/span>\n\t                    <p class=\"text\">digital safe<\/p>\n\t                    <\/div>\n\t\t            <\/span>\n\n\t\t\t\t\t\n                        <span class=\"col-lg-4 col-sm-6\">\n\t\t                <div class=\"vertical-center\">\n\t                    <span class=\"img-holder text-left\">\n\t\t\t\t\t\t                            <img decoding=\"async\"                                 width=\"55px\"\n\t\t\t\t\t\t\t\t                         src=\"https:\/\/royalresidence.rs\/wp-content\/uploads\/2020\/05\/champagne.png\" alt=\"icon\">\n\t\t\t\t\t\t\t\t\t\t\t\t\t\n\t\t\t\t\t\t\t                    <\/span>\n\t                    <p class=\"text\">mini bar<\/p>\n\t                    <\/div>\n\t\t            <\/span>\n\n\t\t\t\t\t\t\t\t\t\n                <img decoding=\"async\" class=\"border-img\" width=\"56px\" src=\"https:\/\/royalresidence.rs\/wp-content\/themes\/royalresidence\/assets\/images\/royal-residence-logo-sign.svg\"\n                     alt=\"border icon\">\n            <\/div>\n        <\/div>\n\n\t\t\t\t\t\t<\/div>\n\t\t\t\t<\/div>\n\t\t\t\t\t<\/div>\n\t\t<\/div>\n\t\t\t\t\t<\/div>\n\t\t<\/section>\n\t\t\t\t<section class=\"elementor-section elementor-top-section elementor-element elementor-element-c745ab6 elementor-section-full_width elementor-section-height-default elementor-section-height-default\" data-id=\"c745ab6\" data-element_type=\"section\" data-e-type=\"section\">\n\t\t\t\t\t\t<div class=\"elementor-container elementor-column-gap-no\">\n\t\t\t\t\t<div class=\"elementor-column elementor-col-100 elementor-top-column elementor-element elementor-element-02f5af0\" data-id=\"02f5af0\" data-element_type=\"column\" data-e-type=\"column\">\n\t\t\t<div class=\"elementor-widget-wrap elementor-element-populated\">\n\t\t\t\t\t\t<div class=\"elementor-element elementor-element-78d2cf7 elementor-widget elementor-widget-contact_holder\" data-id=\"78d2cf7\" data-element_type=\"widget\" data-e-type=\"widget\" data-widget_type=\"contact_holder.default\">\n\t\t\t\t<div class=\"elementor-widget-container\">\n\t\t\t\t\t\n\t\t                    <div id=\"restaurant\">\n                        <div class=\"my-container\">\n                            <div class=\"contact-holder\">\n                                <div class=\"col-xl-6 col-md-6 col-12\">\n                                    <p class=\"text\">\n\t\t\t\t\t\t\t\t\t\tWe can help you with any questions or information\n\n                                    <\/p>\n                                <\/div>\n                                <div class=\"col-xl-3 col-md-6 col-12 numbers\">\n                                    <p class=\"mb-0\">+381693631334<\/p>\n                                <\/div>\n                                <div class=\"col-xl-3 col-md-12 col-12\">\n                                    <a href=\"https:\/\/royalresidence.rs\/en\/rezervacija\" target=\"_blank\" rel=\"nofollow\"                                       class=\"button\">Contact us<\/a>\n                                <\/div>\n                            <\/div>\n                        <\/div>\n                    <\/div>\n\t\t\t\t\t\n\t\t\t\t\t\t<\/div>\n\t\t\t\t<\/div>\n\t\t\t\t\t<\/div>\n\t\t<\/div>\n\t\t\t\t\t<\/div>\n\t\t<\/section>\n\t\t\t\t<\/div>","protected":false},"excerpt":{"rendered":"<p>Jednokrevetna Soba Jednokrevetne sobe su prostrane i svetle, imaju izvanredno dobro organizovan prostor i elegantan dizajn. Poseduju udobne krevete za jednu osobu, prostor za sedenje sa foteljama i klub stolom, radni sto, LCD TV sa kablovskim kanalima, klimu sa individualnim pode\u0161avanjem, mini bar, digitalni sef laptop veli\u010dine, prozore i vrata sa zvu\u010dnom izolacijom, ogledalo za [&hellip;]<\/p>\n","protected":false},"author":1,"featured_media":0,"parent":0,"menu_order":0,"comment_status":"closed","ping_status":"closed","template":"page_templates\/jednokrevetna_soba_page_template.php","meta":{"footnotes":""},"class_list":["post-240","page","type-page","status-publish","hentry"],"yoast_head":"<!-- This site is optimized with the Yoast SEO plugin v27.4 - https:\/\/yoast.com\/product\/yoast-seo-wordpress\/ -->\n<title>Royal Jednokrevetna Soba - Royal Residence<\/title>\n<meta name=\"robots\" content=\"index, follow, max-snippet:-1, max-image-preview:large, max-video-preview:-1\" \/>\n<link rel=\"canonical\" href=\"https:\/\/royalresidence.rs\/en\/jednokrevetna-soba\/\" \/>\n<meta property=\"og:locale\" content=\"en_US\" \/>\n<meta property=\"og:type\" content=\"article\" \/>\n<meta property=\"og:title\" content=\"Royal Jednokrevetna Soba - Royal Residence\" \/>\n<meta property=\"og:description\" content=\"Jednokrevetna Soba Jednokrevetne sobe su prostrane i svetle, imaju izvanredno dobro organizovan prostor i elegantan dizajn. Poseduju udobne krevete za jednu osobu, prostor za sedenje sa foteljama i klub stolom, radni sto, LCD TV sa kablovskim kanalima, klimu sa individualnim pode\u0161avanjem, mini bar, digitalni sef laptop veli\u010dine, prozore i vrata sa zvu\u010dnom izolacijom, ogledalo za [&hellip;]\" \/>\n<meta property=\"og:url\" content=\"https:\/\/royalresidence.rs\/en\/jednokrevetna-soba\/\" \/>\n<meta property=\"og:site_name\" content=\"Royal Residence\" \/>\n<meta property=\"article:modified_time\" content=\"2020-06-18T11:42:47+00:00\" \/>\n<meta property=\"og:image\" content=\"http:\/\/royalresidence.rs\/wp-content\/uploads\/2020\/05\/jednokrevetna-slide-01.jpg\" \/>\n<meta name=\"twitter:card\" content=\"summary_large_image\" \/>\n<meta name=\"twitter:label1\" content=\"Est. reading time\" \/>\n\t<meta name=\"twitter:data1\" content=\"1 minute\" \/>\n<script type=\"application\/ld+json\" class=\"yoast-schema-graph\">{\"@context\":\"https:\\\/\\\/schema.org\",\"@graph\":[{\"@type\":\"WebPage\",\"@id\":\"https:\\\/\\\/royalresidence.rs\\\/en\\\/jednokrevetna-soba\\\/\",\"url\":\"https:\\\/\\\/royalresidence.rs\\\/en\\\/jednokrevetna-soba\\\/\",\"name\":\"Royal Jednokrevetna Soba - Royal Residence\",\"isPartOf\":{\"@id\":\"https:\\\/\\\/royalresidence.rs\\\/#website\"},\"primaryImageOfPage\":{\"@id\":\"https:\\\/\\\/royalresidence.rs\\\/en\\\/jednokrevetna-soba\\\/#primaryimage\"},\"image\":{\"@id\":\"https:\\\/\\\/royalresidence.rs\\\/en\\\/jednokrevetna-soba\\\/#primaryimage\"},\"thumbnailUrl\":\"http:\\\/\\\/royalresidence.rs\\\/wp-content\\\/uploads\\\/2020\\\/05\\\/jednokrevetna-slide-01.jpg\",\"datePublished\":\"2020-05-25T11:40:38+00:00\",\"dateModified\":\"2020-06-18T11:42:47+00:00\",\"breadcrumb\":{\"@id\":\"https:\\\/\\\/royalresidence.rs\\\/en\\\/jednokrevetna-soba\\\/#breadcrumb\"},\"inLanguage\":\"en-US\",\"potentialAction\":[{\"@type\":\"ReadAction\",\"target\":[\"https:\\\/\\\/royalresidence.rs\\\/en\\\/jednokrevetna-soba\\\/\"]}]},{\"@type\":\"ImageObject\",\"inLanguage\":\"en-US\",\"@id\":\"https:\\\/\\\/royalresidence.rs\\\/en\\\/jednokrevetna-soba\\\/#primaryimage\",\"url\":\"http:\\\/\\\/royalresidence.rs\\\/wp-content\\\/uploads\\\/2020\\\/05\\\/jednokrevetna-slide-01.jpg\",\"contentUrl\":\"http:\\\/\\\/royalresidence.rs\\\/wp-content\\\/uploads\\\/2020\\\/05\\\/jednokrevetna-slide-01.jpg\"},{\"@type\":\"BreadcrumbList\",\"@id\":\"https:\\\/\\\/royalresidence.rs\\\/en\\\/jednokrevetna-soba\\\/#breadcrumb\",\"itemListElement\":[{\"@type\":\"ListItem\",\"position\":1,\"name\":\"Home\",\"item\":\"https:\\\/\\\/royalresidence.rs\\\/\"},{\"@type\":\"ListItem\",\"position\":2,\"name\":\"Royal Jednokrevetna Soba\"}]},{\"@type\":\"WebSite\",\"@id\":\"https:\\\/\\\/royalresidence.rs\\\/#website\",\"url\":\"https:\\\/\\\/royalresidence.rs\\\/\",\"name\":\"Royal Residence\",\"description\":\"\",\"potentialAction\":[{\"@type\":\"SearchAction\",\"target\":{\"@type\":\"EntryPoint\",\"urlTemplate\":\"https:\\\/\\\/royalresidence.rs\\\/?s={search_term_string}\"},\"query-input\":{\"@type\":\"PropertyValueSpecification\",\"valueRequired\":true,\"valueName\":\"search_term_string\"}}],\"inLanguage\":\"en-US\"}]}<\/script>\n<!-- \/ Yoast SEO plugin. -->","yoast_head_json":{"title":"Royal Jednokrevetna Soba - Royal Residence","robots":{"index":"index","follow":"follow","max-snippet":"max-snippet:-1","max-image-preview":"max-image-preview:large","max-video-preview":"max-video-preview:-1"},"canonical":"https:\/\/royalresidence.rs\/en\/jednokrevetna-soba\/","og_locale":"en_US","og_type":"article","og_title":"Royal Jednokrevetna Soba - Royal Residence","og_description":"Jednokrevetna Soba Jednokrevetne sobe su prostrane i svetle, imaju izvanredno dobro organizovan prostor i elegantan dizajn. Poseduju udobne krevete za jednu osobu, prostor za sedenje sa foteljama i klub stolom, radni sto, LCD TV sa kablovskim kanalima, klimu sa individualnim pode\u0161avanjem, mini bar, digitalni sef laptop veli\u010dine, prozore i vrata sa zvu\u010dnom izolacijom, ogledalo za [&hellip;]","og_url":"https:\/\/royalresidence.rs\/en\/jednokrevetna-soba\/","og_site_name":"Royal Residence","article_modified_time":"2020-06-18T11:42:47+00:00","og_image":[{"url":"http:\/\/royalresidence.rs\/wp-content\/uploads\/2020\/05\/jednokrevetna-slide-01.jpg","type":"","width":"","height":""}],"twitter_card":"summary_large_image","twitter_misc":{"Est. reading time":"1 minute"},"schema":{"@context":"https:\/\/schema.org","@graph":[{"@type":"WebPage","@id":"https:\/\/royalresidence.rs\/en\/jednokrevetna-soba\/","url":"https:\/\/royalresidence.rs\/en\/jednokrevetna-soba\/","name":"Royal Jednokrevetna Soba - Royal Residence","isPartOf":{"@id":"https:\/\/royalresidence.rs\/#website"},"primaryImageOfPage":{"@id":"https:\/\/royalresidence.rs\/en\/jednokrevetna-soba\/#primaryimage"},"image":{"@id":"https:\/\/royalresidence.rs\/en\/jednokrevetna-soba\/#primaryimage"},"thumbnailUrl":"http:\/\/royalresidence.rs\/wp-content\/uploads\/2020\/05\/jednokrevetna-slide-01.jpg","datePublished":"2020-05-25T11:40:38+00:00","dateModified":"2020-06-18T11:42:47+00:00","breadcrumb":{"@id":"https:\/\/royalresidence.rs\/en\/jednokrevetna-soba\/#breadcrumb"},"inLanguage":"en-US","potentialAction":[{"@type":"ReadAction","target":["https:\/\/royalresidence.rs\/en\/jednokrevetna-soba\/"]}]},{"@type":"ImageObject","inLanguage":"en-US","@id":"https:\/\/royalresidence.rs\/en\/jednokrevetna-soba\/#primaryimage","url":"http:\/\/royalresidence.rs\/wp-content\/uploads\/2020\/05\/jednokrevetna-slide-01.jpg","contentUrl":"http:\/\/royalresidence.rs\/wp-content\/uploads\/2020\/05\/jednokrevetna-slide-01.jpg"},{"@type":"BreadcrumbList","@id":"https:\/\/royalresidence.rs\/en\/jednokrevetna-soba\/#breadcrumb","itemListElement":[{"@type":"ListItem","position":1,"name":"Home","item":"https:\/\/royalresidence.rs\/"},{"@type":"ListItem","position":2,"name":"Royal Jednokrevetna Soba"}]},{"@type":"WebSite","@id":"https:\/\/royalresidence.rs\/#website","url":"https:\/\/royalresidence.rs\/","name":"Royal Residence","description":"","potentialAction":[{"@type":"SearchAction","target":{"@type":"EntryPoint","urlTemplate":"https:\/\/royalresidence.rs\/?s={search_term_string}"},"query-input":{"@type":"PropertyValueSpecification","valueRequired":true,"valueName":"search_term_string"}}],"inLanguage":"en-US"}]}},"_links":{"self":[{"href":"https:\/\/royalresidence.rs\/en\/wp-json\/wp\/v2\/pages\/240","targetHints":{"allow":["GET"]}}],"collection":[{"href":"https:\/\/royalresidence.rs\/en\/wp-json\/wp\/v2\/pages"}],"about":[{"href":"https:\/\/royalresidence.rs\/en\/wp-json\/wp\/v2\/types\/page"}],"author":[{"embeddable":true,"href":"https:\/\/royalresidence.rs\/en\/wp-json\/wp\/v2\/users\/1"}],"replies":[{"embeddable":true,"href":"https:\/\/royalresidence.rs\/en\/wp-json\/wp\/v2\/comments?post=240"}],"version-history":[{"count":10,"href":"https:\/\/royalresidence.rs\/en\/wp-json\/wp\/v2\/pages\/240\/revisions"}],"predecessor-version":[{"id":441,"href":"https:\/\/royalresidence.rs\/en\/wp-json\/wp\/v2\/pages\/240\/revisions\/441"}],"wp:attachment":[{"href":"https:\/\/royalresidence.rs\/en\/wp-json\/wp\/v2\/media?parent=240"}],"curies":[{"name":"wp","href":"https:\/\/api.w.org\/{rel}","templated":true}]}}