{"id":242,"date":"2020-05-25T11:41:08","date_gmt":"2020-05-25T11:41:08","guid":{"rendered":"http:\/\/royal.quantox.local\/?page_id=242"},"modified":"2020-06-18T11:42:47","modified_gmt":"2020-06-18T11:42:47","slug":"dvokrevetna-soba","status":"publish","type":"page","link":"https:\/\/royalresidence.rs\/en\/dvokrevetna-soba\/","title":{"rendered":"Royal Dvokrevetna Soba"},"content":{"rendered":"<div data-elementor-type=\"wp-page\" data-elementor-id=\"242\" class=\"elementor elementor-242\" data-elementor-post-type=\"page\">\n\t\t\t\t\t\t<section class=\"elementor-section elementor-top-section elementor-element elementor-element-b676394 elementor-section-full_width elementor-section-height-default elementor-section-height-default\" data-id=\"b676394\" data-element_type=\"section\" data-e-type=\"section\">\n\t\t\t\t\t\t<div class=\"elementor-container elementor-column-gap-no\">\n\t\t\t\t\t<div class=\"elementor-column elementor-col-100 elementor-top-column elementor-element elementor-element-33d91bb\" data-id=\"33d91bb\" data-element_type=\"column\" data-e-type=\"column\">\n\t\t\t<div class=\"elementor-widget-wrap elementor-element-populated\">\n\t\t\t\t\t\t<div class=\"elementor-element elementor-element-3246bf6 elementor-widget elementor-widget-royalresidence_title_holder\" data-id=\"3246bf6\" data-element_type=\"widget\" data-e-type=\"widget\" data-widget_type=\"royalresidence_title_holder.default\">\n\t\t\t\t<div class=\"elementor-widget-container\">\n\t\t\t\t\t        <div class=\"title-holder\">\n            <h5 class=\"text-uppercase font-weight-bold\">Standard double room<\/h5>\n            <div class=\"headline-hr\"><\/div>\n        <\/div>\n\n\t\t\t\t\t\t<\/div>\n\t\t\t\t<\/div>\n\t\t\t\t\t<\/div>\n\t\t<\/div>\n\t\t\t\t\t<\/div>\n\t\t<\/section>\n\t\t\t\t<section class=\"elementor-section elementor-top-section elementor-element elementor-element-367efe6 elementor-section-full_width elementor-section-height-default elementor-section-height-default\" data-id=\"367efe6\" data-element_type=\"section\" data-e-type=\"section\">\n\t\t\t\t\t\t<div class=\"elementor-container elementor-column-gap-no\">\n\t\t\t\t\t<div class=\"elementor-column elementor-col-100 elementor-top-column elementor-element elementor-element-c3a61d8\" data-id=\"c3a61d8\" data-element_type=\"column\" data-e-type=\"column\">\n\t\t\t<div class=\"elementor-widget-wrap elementor-element-populated\">\n\t\t\t\t\t\t<div class=\"elementor-element elementor-element-4fdf117 elementor-widget elementor-widget-royalresidence_carousel_sweper\" data-id=\"4fdf117\" data-element_type=\"widget\" data-e-type=\"widget\" data-widget_type=\"royalresidence_carousel_sweper.default\">\n\t\t\t\t<div class=\"elementor-widget-container\">\n\t\t\t\t\t\n        <div class=\"swiper-container\">\n            <div class=\"swiper-wrapper\">\n\t\t\t\t                    <div class=\"swiper-slide\">\n                        <div class=\"gradient-holder relative\">\n                            <img decoding=\"async\" class=\"img-fluid\" src=\"https:\/\/royalresidence.rs\/wp-content\/uploads\/2020\/05\/dvokrevetna-slide-05.jpg\" alt=\"slide image\">\n                        <\/div>\n                    <\/div>\n\t\t\t\t                    <div class=\"swiper-slide\">\n                        <div class=\"gradient-holder relative\">\n                            <img decoding=\"async\" class=\"img-fluid\" src=\"https:\/\/royalresidence.rs\/wp-content\/uploads\/2020\/05\/dvokrevetna-slide-04.jpg\" alt=\"slide image\">\n                        <\/div>\n                    <\/div>\n\t\t\t\t                    <div class=\"swiper-slide\">\n                        <div class=\"gradient-holder relative\">\n                            <img decoding=\"async\" class=\"img-fluid\" src=\"https:\/\/royalresidence.rs\/wp-content\/uploads\/2020\/05\/dvokrevetna-slide-01.jpg\" alt=\"slide image\">\n                        <\/div>\n                    <\/div>\n\t\t\t\t                    <div class=\"swiper-slide\">\n                        <div class=\"gradient-holder relative\">\n                            <img decoding=\"async\" class=\"img-fluid\" src=\"https:\/\/royalresidence.rs\/wp-content\/uploads\/2020\/05\/dvokrevetna-slide-02.jpg\" alt=\"slide image\">\n                        <\/div>\n                    <\/div>\n\t\t\t\t                    <div class=\"swiper-slide\">\n                        <div class=\"gradient-holder relative\">\n                            <img decoding=\"async\" class=\"img-fluid\" src=\"https:\/\/royalresidence.rs\/wp-content\/uploads\/2020\/05\/dvokrevetna-slide-03.jpg\" alt=\"slide image\">\n                        <\/div>\n                    <\/div>\n\t\t\t\t\n            <\/div>\n            <!-- Add Pagination -->\n            <div class=\"swiper-pagination\"><\/div>\n            <!-- Add Arrows -->\n            <div class=\"swiper-button-next\"><\/div>\n            <div class=\"swiper-button-prev\"><\/div>\n        <\/div>\n        <script src=\"https:\/\/cdnjs.cloudflare.com\/ajax\/libs\/Swiper\/5.3.7\/js\/swiper.min.js\"><\/script>\n        <script>\n            var swiper = new Swiper('.swiper-container', {\n                watchSlidesVisibility: true,\n                speed: 500,\n                loadPrevNext: true,\n                spaceBetween: 15,\n                slidesPerGroup: 1,\n                loop: true,\n                grabCursor: true,\n                centeredSlides: true,\n                slideToClickedSlide: true,\n                navigation: {\n                    nextEl: '.swiper-button-next',\n                    prevEl: '.swiper-button-prev',\n                },\n                breakpoints: {\n                    \/\/ when window width is >= 320px\n                    320: {\n                        slidesPerView: 1\n                    },\n                    \/\/ when window width is >= 640px\n                    480: {\n                        slidesPerView: 2\n                    },\n                    992: {\n                        spaceBetween: 30,\n                        slidesPerView: 2\n                    }\n                }\n            });\n        <\/script>\n\n\t\t\t\t\t\t<\/div>\n\t\t\t\t<\/div>\n\t\t\t\t\t<\/div>\n\t\t<\/div>\n\t\t\t\t\t<\/div>\n\t\t<\/section>\n\t\t\t\t<section class=\"elementor-section elementor-top-section elementor-element elementor-element-50e44e7 elementor-section-boxed elementor-section-height-default elementor-section-height-default\" data-id=\"50e44e7\" data-element_type=\"section\" data-e-type=\"section\">\n\t\t\t\t\t\t<div class=\"elementor-container elementor-column-gap-no\">\n\t\t\t\t\t<div class=\"elementor-column elementor-col-100 elementor-top-column elementor-element elementor-element-28c18dc\" data-id=\"28c18dc\" data-element_type=\"column\" data-e-type=\"column\">\n\t\t\t<div class=\"elementor-widget-wrap elementor-element-populated\">\n\t\t\t\t\t\t<div class=\"elementor-element elementor-element-919ddfd elementor-widget elementor-widget-contact_and_text_holder\" data-id=\"919ddfd\" data-element_type=\"widget\" data-e-type=\"widget\" data-widget_type=\"contact_and_text_holder.default\">\n\t\t\t\t<div class=\"elementor-widget-container\">\n\t\t\t\t\t\n        <div class=\"my-container\">\n            <div class=\"row justify-content-center\">\n                <div class=\"col-sm-9 col-12 text-holder\">\n\t\t\t\t\tThe ideal solution for the modern traveler who wants a combination of modern style and traditional comfort!\n<br>\nEach room is made to the highest hotel standards. Combining style and comfort, the rooms are equipped with double bed, sitting area, desk, telephone, LCD TV with cable channels, individually controlled air conditioning, mini bar, laptop-sized digital safe, soundproofed windows and doors, full-length mirror, electronic key \\ card and free WIFI. Enjoy modern bathrooms and rain showers perfect for relaxing. Luxury cosmetics, a hairdryer, a bathrobe and slippers are also there for your convenience.                <\/div>\n\t\t\t\t                    <div class=\"col-12 text-center reserve\">\n                        <a href=\"https:\/\/royalresidence.rs\/en\/rezervacija\" target=\"_blank\" rel=\"nofollow\"                           class=\"button text-uppercase\">Book now<\/a>\n                    <\/div>\n\t\t\t\t\n\t\t\t\t            <\/div>\n\n        <\/div>\n\n\t\t\t\t\t\t<\/div>\n\t\t\t\t<\/div>\n\t\t\t\t\t<\/div>\n\t\t<\/div>\n\t\t\t\t\t<\/div>\n\t\t<\/section>\n\t\t\t\t<section class=\"elementor-section elementor-top-section elementor-element elementor-element-152340d elementor-section-full_width elementor-section-height-default elementor-section-height-default\" data-id=\"152340d\" data-element_type=\"section\" data-e-type=\"section\">\n\t\t\t\t\t\t<div class=\"elementor-container elementor-column-gap-no\">\n\t\t\t\t\t<div class=\"elementor-column elementor-col-100 elementor-top-column elementor-element elementor-element-2ddee13\" data-id=\"2ddee13\" data-element_type=\"column\" data-e-type=\"column\">\n\t\t\t<div class=\"elementor-widget-wrap elementor-element-populated\">\n\t\t\t\t\t\t<div class=\"elementor-element elementor-element-f247bd6 elementor-widget elementor-widget-royalresidence_availability_section_room\" data-id=\"f247bd6\" data-element_type=\"widget\" data-e-type=\"widget\" data-widget_type=\"royalresidence_availability_section_room.default\">\n\t\t\t\t<div class=\"elementor-widget-container\">\n\t\t\t\t\t        <div class=\"my-container\">\n            <div class=\"row availability-section\">\n\n\t\t\t\t\n                        <span class=\"col-lg-4 col-sm-6 nowrap\">\n\t\t                <div class=\"vertical-center\">\n\t                    <span class=\"img-holder text-left\">\n\t\t\t\t\t\t                            <img decoding=\"async\"                                 width=\"55px\"\n\t\t\t\t\t\t\t\t                         src=\"https:\/\/royalresidence.rs\/wp-content\/uploads\/2020\/05\/bed.png\" alt=\"icon\">\n\t\t\t\t\t\t\t\t\t\t\t\t\t\n\t\t\t\t\t\t\t                    <\/span>\n\t                    <p class=\"text\">1 double bed<\/p>\n\t                    <\/div>\n\t\t            <\/span>\n\n\t\t\t\t\t\n                        <span class=\"col-lg-4 col-sm-6\">\n\t\t                <div class=\"vertical-center users\">\n\t                    <span class=\"img-holder text-left\">\n\t\t\t\t\t\t                            <img decoding=\"async\" \t                         src=\"https:\/\/royalresidence.rs\/wp-content\/uploads\/2020\/05\/user-icon.png\" alt=\"icon\">\n\t\t\t\t\t\t\t\t\t\t\t\t\t\n\t\t\t\t\t\t                            <img decoding=\"async\" \t                         src=\"https:\/\/royalresidence.rs\/wp-content\/uploads\/2020\/05\/user-icon.png\" alt=\"icon\">\n\t\t\t\t\t\t\t\t\t\t\t\t\t<br>\n\t\t\t\t\t\t\t                    <\/span>\n\t                    <p class=\"text\">2 adults or<br> 2 adults and 1 child<\/p>\n\t                    <\/div>\n\t\t            <\/span>\n\n\t\t\t\t\t\n                        <span class=\"col-lg-4 col-sm-6 mb-2\">\n\t\t                <div class=\"vertical-center\">\n\t                    <span class=\"img-holder text-left\">\n\t\t\t\t\t\t                            <img decoding=\"async\" \t                         src=\"https:\/\/royalresidence.rs\/wp-content\/uploads\/2020\/05\/shower-icon.png\" alt=\"icon\">\n\t\t\t\t\t\t\t\t\t\t\t\t\t\n\t\t\t\t\t\t\t                    <\/span>\n\t                    <p class=\"text\">rain showers<\/p>\n\t                    <\/div>\n\t\t            <\/span>\n\n\t\t\t\t\t\n                        <span class=\"col-lg-4 col-sm-6 nowrap\">\n\t\t                <div class=\"vertical-center\">\n\t                    <span class=\"img-holder text-left\">\n\t\t\t\t\t\t                            <img decoding=\"async\"                                 width=\"55px\"\n\t\t\t\t\t\t\t\t                         src=\"https:\/\/royalresidence.rs\/wp-content\/uploads\/2020\/05\/tv.png\" alt=\"icon\">\n\t\t\t\t\t\t\t\t\t\t\t\t\t\n\t\t\t\t\t\t\t                    <\/span>\n\t                    <p class=\"text\">lcs tv<\/p>\n\t                    <\/div>\n\t\t            <\/span>\n\n\t\t\t\t\t\n                        <span class=\"col-lg-4 col-sm-6\">\n\t\t                <div class=\"vertical-center\">\n\t                    <span class=\"img-holder text-left\">\n\t\t\t\t\t\t                            <img decoding=\"async\"                                 width=\"55px\"\n\t\t\t\t\t\t\t\t                         src=\"https:\/\/royalresidence.rs\/wp-content\/uploads\/2020\/05\/air-conditioner.png\" alt=\"icon\">\n\t\t\t\t\t\t\t\t\t\t\t\t\t\n\t\t\t\t\t\t\t                    <\/span>\n\t                    <p class=\"text\">adjustable air conditioning<\/p>\n\t                    <\/div>\n\t\t            <\/span>\n\n\t\t\t\t\t\n                        <span class=\"col-lg-4 col-sm-6\">\n\t\t                <div class=\"vertical-center\">\n\t                    <span class=\"img-holder text-left\">\n\t\t\t\t\t\t                            <img decoding=\"async\"                                 width=\"48px\"\n\t\t\t\t\t\t\t\t                         src=\"https:\/\/royalresidence.rs\/wp-content\/uploads\/2020\/05\/phone.png\" alt=\"icon\">\n\t\t\t\t\t\t\t\t\t\t\t\t\t\n\t\t\t\t\t\t\t                    <\/span>\n\t                    <p class=\"text\">phone<\/p>\n\t                    <\/div>\n\t\t            <\/span>\n\n\t\t\t\t\t\n                        <span class=\"col-lg-4 col-sm-6 nowrap\">\n\t\t                <div class=\"vertical-center\">\n\t                    <span class=\"img-holder text-left\">\n\t\t\t\t\t\t                            <img decoding=\"async\"                                 width=\"55px\"\n\t\t\t\t\t\t\t\t                         src=\"https:\/\/royalresidence.rs\/wp-content\/uploads\/2020\/05\/wifi.png\" alt=\"icon\">\n\t\t\t\t\t\t\t\t\t\t\t\t\t\n\t\t\t\t\t\t\t                    <\/span>\n\t                    <p class=\"text\">free Wi-Fi<\/p>\n\t                    <\/div>\n\t\t            <\/span>\n\n\t\t\t\t\t\n                        <span class=\"col-lg-4 col-sm-6\">\n\t\t                <div class=\"vertical-center\">\n\t                    <span class=\"img-holder text-left\">\n\t\t\t\t\t\t                            <img decoding=\"async\"                                 width=\"55px\"\n\t\t\t\t\t\t\t\t                         src=\"https:\/\/royalresidence.rs\/wp-content\/uploads\/2020\/05\/vault.png\" alt=\"icon\">\n\t\t\t\t\t\t\t\t\t\t\t\t\t\n\t\t\t\t\t\t\t                    <\/span>\n\t                    <p class=\"text\">digital safe<\/p>\n\t                    <\/div>\n\t\t            <\/span>\n\n\t\t\t\t\t\n                        <span class=\"col-lg-4 col-sm-6\">\n\t\t                <div class=\"vertical-center\">\n\t                    <span class=\"img-holder text-left\">\n\t\t\t\t\t\t                            <img decoding=\"async\"                                 width=\"55px\"\n\t\t\t\t\t\t\t\t                         src=\"https:\/\/royalresidence.rs\/wp-content\/uploads\/2020\/05\/champagne.png\" alt=\"icon\">\n\t\t\t\t\t\t\t\t\t\t\t\t\t\n\t\t\t\t\t\t\t                    <\/span>\n\t                    <p class=\"text\">mini bar<\/p>\n\t                    <\/div>\n\t\t            <\/span>\n\n\t\t\t\t\t\t\t\t\t\n                <img decoding=\"async\" class=\"border-img\" width=\"56px\" src=\"https:\/\/royalresidence.rs\/wp-content\/themes\/royalresidence\/assets\/images\/royal-residence-logo-sign.svg\"\n                     alt=\"border icon\">\n            <\/div>\n        <\/div>\n\n\t\t\t\t\t\t<\/div>\n\t\t\t\t<\/div>\n\t\t\t\t\t<\/div>\n\t\t<\/div>\n\t\t\t\t\t<\/div>\n\t\t<\/section>\n\t\t\t\t<section class=\"elementor-section elementor-top-section elementor-element elementor-element-2b6b2d9 elementor-section-full_width elementor-section-height-default elementor-section-height-default\" data-id=\"2b6b2d9\" data-element_type=\"section\" data-e-type=\"section\">\n\t\t\t\t\t\t<div class=\"elementor-container elementor-column-gap-no\">\n\t\t\t\t\t<div class=\"elementor-column elementor-col-100 elementor-top-column elementor-element elementor-element-1fbcd35\" data-id=\"1fbcd35\" data-element_type=\"column\" data-e-type=\"column\">\n\t\t\t<div class=\"elementor-widget-wrap elementor-element-populated\">\n\t\t\t\t\t\t<div class=\"elementor-element elementor-element-b853b71 elementor-widget elementor-widget-contact_holder\" data-id=\"b853b71\" data-element_type=\"widget\" data-e-type=\"widget\" data-widget_type=\"contact_holder.default\">\n\t\t\t\t<div class=\"elementor-widget-container\">\n\t\t\t\t\t\n\t\t                    <div id=\"restaurant\">\n                        <div class=\"my-container\">\n                            <div class=\"contact-holder\">\n                                <div class=\"col-xl-6 col-md-6 col-12\">\n                                    <p class=\"text\">\n\t\t\t\t\t\t\t\t\t\tWe can help you with any questions or information                                    <\/p>\n                                <\/div>\n                                <div class=\"col-xl-3 col-md-6 col-12 numbers\">\n                                    <p class=\"mb-0\">+381693631334<\/p>\n                                <\/div>\n                                <div class=\"col-xl-3 col-md-12 col-12\">\n                                    <a href=\"https:\/\/royalresidence.rs\/en\/rezervacija\" target=\"_blank\" rel=\"nofollow\"                                       class=\"button\">Contact us<\/a>\n                                <\/div>\n                            <\/div>\n                        <\/div>\n                    <\/div>\n\t\t\t\t\t\n\t\t\t\t\t\t<\/div>\n\t\t\t\t<\/div>\n\t\t\t\t\t<\/div>\n\t\t<\/div>\n\t\t\t\t\t<\/div>\n\t\t<\/section>\n\t\t\t\t<\/div>","protected":false},"excerpt":{"rendered":"<p>Dvokrevetna Soba Idealno re\u0161enje za savremenog putnika koji \u017eeli kombinaciju modernog stila i tradicionalne udobnosti! Svaka soba izra\u0111ena je po vrhunskim hotelskim standardima. Kombinuju\u0107i stil i komfor, sobe su opremljene francuskim le\u017eajem, prostorom za sedenje, radnim stolom, telefonom, LCD TV sa kablovskim kanalima, klimom sa individualnim pode\u0161avanjem, mini barom, digitalnim sefom laptop veli\u010dine, prozori i [&hellip;]<\/p>\n","protected":false},"author":1,"featured_media":0,"parent":0,"menu_order":0,"comment_status":"closed","ping_status":"closed","template":"page_templates\/dvokrevetna_soba_page_template.php","meta":{"footnotes":""},"class_list":["post-242","page","type-page","status-publish","hentry"],"yoast_head":"<!-- This site is optimized with the Yoast SEO plugin v27.6 - https:\/\/yoast.com\/product\/yoast-seo-wordpress\/ -->\n<title>Royal Dvokrevetna Soba - Royal Residence<\/title>\n<meta name=\"robots\" content=\"index, follow, max-snippet:-1, max-image-preview:large, max-video-preview:-1\" \/>\n<link rel=\"canonical\" href=\"https:\/\/royalresidence.rs\/en\/dvokrevetna-soba\/\" \/>\n<meta property=\"og:locale\" content=\"en_US\" \/>\n<meta property=\"og:type\" content=\"article\" \/>\n<meta property=\"og:title\" content=\"Royal Dvokrevetna Soba - Royal Residence\" \/>\n<meta property=\"og:description\" content=\"Dvokrevetna Soba Idealno re\u0161enje za savremenog putnika koji \u017eeli kombinaciju modernog stila i tradicionalne udobnosti! Svaka soba izra\u0111ena je po vrhunskim hotelskim standardima. Kombinuju\u0107i stil i komfor, sobe su opremljene francuskim le\u017eajem, prostorom za sedenje, radnim stolom, telefonom, LCD TV sa kablovskim kanalima, klimom sa individualnim pode\u0161avanjem, mini barom, digitalnim sefom laptop veli\u010dine, prozori i [&hellip;]\" \/>\n<meta property=\"og:url\" content=\"https:\/\/royalresidence.rs\/en\/dvokrevetna-soba\/\" \/>\n<meta property=\"og:site_name\" content=\"Royal Residence\" \/>\n<meta property=\"article:modified_time\" content=\"2020-06-18T11:42:47+00:00\" \/>\n<meta property=\"og:image\" content=\"http:\/\/royalresidence.rs\/wp-content\/uploads\/2020\/05\/dvokrevetna-slide-05.jpg\" \/>\n<meta name=\"twitter:card\" content=\"summary_large_image\" \/>\n<meta name=\"twitter:label1\" content=\"Est. reading time\" \/>\n\t<meta name=\"twitter:data1\" content=\"1 minute\" \/>\n<script type=\"application\/ld+json\" class=\"yoast-schema-graph\">{\"@context\":\"https:\\\/\\\/schema.org\",\"@graph\":[{\"@type\":\"WebPage\",\"@id\":\"https:\\\/\\\/royalresidence.rs\\\/dvokrevetna-soba\\\/\",\"url\":\"https:\\\/\\\/royalresidence.rs\\\/dvokrevetna-soba\\\/\",\"name\":\"Royal Dvokrevetna Soba - Royal Residence\",\"isPartOf\":{\"@id\":\"https:\\\/\\\/royalresidence.rs\\\/#website\"},\"primaryImageOfPage\":{\"@id\":\"https:\\\/\\\/royalresidence.rs\\\/dvokrevetna-soba\\\/#primaryimage\"},\"image\":{\"@id\":\"https:\\\/\\\/royalresidence.rs\\\/dvokrevetna-soba\\\/#primaryimage\"},\"thumbnailUrl\":\"http:\\\/\\\/royalresidence.rs\\\/wp-content\\\/uploads\\\/2020\\\/05\\\/dvokrevetna-slide-05.jpg\",\"datePublished\":\"2020-05-25T11:41:08+00:00\",\"dateModified\":\"2020-06-18T11:42:47+00:00\",\"breadcrumb\":{\"@id\":\"https:\\\/\\\/royalresidence.rs\\\/dvokrevetna-soba\\\/#breadcrumb\"},\"inLanguage\":\"en-US\",\"potentialAction\":[{\"@type\":\"ReadAction\",\"target\":[\"https:\\\/\\\/royalresidence.rs\\\/dvokrevetna-soba\\\/\"]}]},{\"@type\":\"ImageObject\",\"inLanguage\":\"en-US\",\"@id\":\"https:\\\/\\\/royalresidence.rs\\\/dvokrevetna-soba\\\/#primaryimage\",\"url\":\"http:\\\/\\\/royalresidence.rs\\\/wp-content\\\/uploads\\\/2020\\\/05\\\/dvokrevetna-slide-05.jpg\",\"contentUrl\":\"http:\\\/\\\/royalresidence.rs\\\/wp-content\\\/uploads\\\/2020\\\/05\\\/dvokrevetna-slide-05.jpg\"},{\"@type\":\"BreadcrumbList\",\"@id\":\"https:\\\/\\\/royalresidence.rs\\\/dvokrevetna-soba\\\/#breadcrumb\",\"itemListElement\":[{\"@type\":\"ListItem\",\"position\":1,\"name\":\"Home\",\"item\":\"https:\\\/\\\/royalresidence.rs\\\/\"},{\"@type\":\"ListItem\",\"position\":2,\"name\":\"Royal Dvokrevetna Soba\"}]},{\"@type\":\"WebSite\",\"@id\":\"https:\\\/\\\/royalresidence.rs\\\/#website\",\"url\":\"https:\\\/\\\/royalresidence.rs\\\/\",\"name\":\"Royal Residence\",\"description\":\"\",\"potentialAction\":[{\"@type\":\"SearchAction\",\"target\":{\"@type\":\"EntryPoint\",\"urlTemplate\":\"https:\\\/\\\/royalresidence.rs\\\/?s={search_term_string}\"},\"query-input\":{\"@type\":\"PropertyValueSpecification\",\"valueRequired\":true,\"valueName\":\"search_term_string\"}}],\"inLanguage\":\"en-US\"}]}<\/script>\n<!-- \/ Yoast SEO plugin. -->","yoast_head_json":{"title":"Royal Dvokrevetna Soba - Royal Residence","robots":{"index":"index","follow":"follow","max-snippet":"max-snippet:-1","max-image-preview":"max-image-preview:large","max-video-preview":"max-video-preview:-1"},"canonical":"https:\/\/royalresidence.rs\/en\/dvokrevetna-soba\/","og_locale":"en_US","og_type":"article","og_title":"Royal Dvokrevetna Soba - Royal Residence","og_description":"Dvokrevetna Soba Idealno re\u0161enje za savremenog putnika koji \u017eeli kombinaciju modernog stila i tradicionalne udobnosti! Svaka soba izra\u0111ena je po vrhunskim hotelskim standardima. Kombinuju\u0107i stil i komfor, sobe su opremljene francuskim le\u017eajem, prostorom za sedenje, radnim stolom, telefonom, LCD TV sa kablovskim kanalima, klimom sa individualnim pode\u0161avanjem, mini barom, digitalnim sefom laptop veli\u010dine, prozori i [&hellip;]","og_url":"https:\/\/royalresidence.rs\/en\/dvokrevetna-soba\/","og_site_name":"Royal Residence","article_modified_time":"2020-06-18T11:42:47+00:00","og_image":[{"url":"http:\/\/royalresidence.rs\/wp-content\/uploads\/2020\/05\/dvokrevetna-slide-05.jpg","type":"","width":"","height":""}],"twitter_card":"summary_large_image","twitter_misc":{"Est. reading time":"1 minute"},"schema":{"@context":"https:\/\/schema.org","@graph":[{"@type":"WebPage","@id":"https:\/\/royalresidence.rs\/dvokrevetna-soba\/","url":"https:\/\/royalresidence.rs\/dvokrevetna-soba\/","name":"Royal Dvokrevetna Soba - Royal Residence","isPartOf":{"@id":"https:\/\/royalresidence.rs\/#website"},"primaryImageOfPage":{"@id":"https:\/\/royalresidence.rs\/dvokrevetna-soba\/#primaryimage"},"image":{"@id":"https:\/\/royalresidence.rs\/dvokrevetna-soba\/#primaryimage"},"thumbnailUrl":"http:\/\/royalresidence.rs\/wp-content\/uploads\/2020\/05\/dvokrevetna-slide-05.jpg","datePublished":"2020-05-25T11:41:08+00:00","dateModified":"2020-06-18T11:42:47+00:00","breadcrumb":{"@id":"https:\/\/royalresidence.rs\/dvokrevetna-soba\/#breadcrumb"},"inLanguage":"en-US","potentialAction":[{"@type":"ReadAction","target":["https:\/\/royalresidence.rs\/dvokrevetna-soba\/"]}]},{"@type":"ImageObject","inLanguage":"en-US","@id":"https:\/\/royalresidence.rs\/dvokrevetna-soba\/#primaryimage","url":"http:\/\/royalresidence.rs\/wp-content\/uploads\/2020\/05\/dvokrevetna-slide-05.jpg","contentUrl":"http:\/\/royalresidence.rs\/wp-content\/uploads\/2020\/05\/dvokrevetna-slide-05.jpg"},{"@type":"BreadcrumbList","@id":"https:\/\/royalresidence.rs\/dvokrevetna-soba\/#breadcrumb","itemListElement":[{"@type":"ListItem","position":1,"name":"Home","item":"https:\/\/royalresidence.rs\/"},{"@type":"ListItem","position":2,"name":"Royal Dvokrevetna Soba"}]},{"@type":"WebSite","@id":"https:\/\/royalresidence.rs\/#website","url":"https:\/\/royalresidence.rs\/","name":"Royal Residence","description":"","potentialAction":[{"@type":"SearchAction","target":{"@type":"EntryPoint","urlTemplate":"https:\/\/royalresidence.rs\/?s={search_term_string}"},"query-input":{"@type":"PropertyValueSpecification","valueRequired":true,"valueName":"search_term_string"}}],"inLanguage":"en-US"}]}},"_links":{"self":[{"href":"https:\/\/royalresidence.rs\/en\/wp-json\/wp\/v2\/pages\/242","targetHints":{"allow":["GET"]}}],"collection":[{"href":"https:\/\/royalresidence.rs\/en\/wp-json\/wp\/v2\/pages"}],"about":[{"href":"https:\/\/royalresidence.rs\/en\/wp-json\/wp\/v2\/types\/page"}],"author":[{"embeddable":true,"href":"https:\/\/royalresidence.rs\/en\/wp-json\/wp\/v2\/users\/1"}],"replies":[{"embeddable":true,"href":"https:\/\/royalresidence.rs\/en\/wp-json\/wp\/v2\/comments?post=242"}],"version-history":[{"count":41,"href":"https:\/\/royalresidence.rs\/en\/wp-json\/wp\/v2\/pages\/242\/revisions"}],"predecessor-version":[{"id":446,"href":"https:\/\/royalresidence.rs\/en\/wp-json\/wp\/v2\/pages\/242\/revisions\/446"}],"wp:attachment":[{"href":"https:\/\/royalresidence.rs\/en\/wp-json\/wp\/v2\/media?parent=242"}],"curies":[{"name":"wp","href":"https:\/\/api.w.org\/{rel}","templated":true}]}}