{"id":246,"date":"2020-05-25T11:42:36","date_gmt":"2020-05-25T11:42:36","guid":{"rendered":"http:\/\/royal.quantox.local\/?page_id=246"},"modified":"2020-06-18T11:42:47","modified_gmt":"2020-06-18T11:42:47","slug":"royal-apartman","status":"publish","type":"page","link":"https:\/\/royalresidence.rs\/en\/royal-apartman\/","title":{"rendered":"Royal Apartman"},"content":{"rendered":"<div data-elementor-type=\"wp-page\" data-elementor-id=\"246\" class=\"elementor elementor-246\" data-elementor-post-type=\"page\">\n\t\t\t\t\t\t<section class=\"elementor-section elementor-top-section elementor-element elementor-element-b117f11 elementor-section-full_width elementor-section-height-default elementor-section-height-default\" data-id=\"b117f11\" data-element_type=\"section\" data-e-type=\"section\">\n\t\t\t\t\t\t<div class=\"elementor-container elementor-column-gap-no\">\n\t\t\t\t\t<div class=\"elementor-column elementor-col-100 elementor-top-column elementor-element elementor-element-f654e89\" data-id=\"f654e89\" data-element_type=\"column\" data-e-type=\"column\">\n\t\t\t<div class=\"elementor-widget-wrap elementor-element-populated\">\n\t\t\t\t\t\t<div class=\"elementor-element elementor-element-ef2c528 elementor-widget elementor-widget-royalresidence_title_holder\" data-id=\"ef2c528\" data-element_type=\"widget\" data-e-type=\"widget\" data-widget_type=\"royalresidence_title_holder.default\">\n\t\t\t\t<div class=\"elementor-widget-container\">\n\t\t\t\t\t        <div class=\"title-holder\">\n            <h5 class=\"text-uppercase font-weight-bold\">ROYAL APARTMAN<\/h5>\n            <div class=\"headline-hr\"><\/div>\n        <\/div>\n\n\t\t\t\t\t\t<\/div>\n\t\t\t\t<\/div>\n\t\t\t\t\t<\/div>\n\t\t<\/div>\n\t\t\t\t\t<\/div>\n\t\t<\/section>\n\t\t\t\t<section class=\"elementor-section elementor-top-section elementor-element elementor-element-07bd317 elementor-section-full_width elementor-section-height-default elementor-section-height-default\" data-id=\"07bd317\" data-element_type=\"section\" data-e-type=\"section\">\n\t\t\t\t\t\t<div class=\"elementor-container elementor-column-gap-no\">\n\t\t\t\t\t<div class=\"elementor-column elementor-col-100 elementor-top-column elementor-element elementor-element-c8eaf5c\" data-id=\"c8eaf5c\" data-element_type=\"column\" data-e-type=\"column\">\n\t\t\t<div class=\"elementor-widget-wrap elementor-element-populated\">\n\t\t\t\t\t\t<div class=\"elementor-element elementor-element-9911c8a elementor-widget elementor-widget-royalresidence_carousel_sweper\" data-id=\"9911c8a\" data-element_type=\"widget\" data-e-type=\"widget\" data-widget_type=\"royalresidence_carousel_sweper.default\">\n\t\t\t\t<div class=\"elementor-widget-container\">\n\t\t\t\t\t\n        <div class=\"swiper-container\">\n            <div class=\"swiper-wrapper\">\n\t\t\t\t                    <div class=\"swiper-slide\">\n                        <div class=\"gradient-holder relative\">\n                            <img decoding=\"async\" class=\"img-fluid\" src=\"https:\/\/royalresidence.rs\/wp-content\/uploads\/2020\/05\/royal-slide-01.jpg\" alt=\"slide image\">\n                        <\/div>\n                    <\/div>\n\t\t\t\t                    <div class=\"swiper-slide\">\n                        <div class=\"gradient-holder relative\">\n                            <img decoding=\"async\" class=\"img-fluid\" src=\"https:\/\/royalresidence.rs\/wp-content\/uploads\/2020\/05\/royal-slide-04.jpg\" alt=\"slide image\">\n                        <\/div>\n                    <\/div>\n\t\t\t\t                    <div class=\"swiper-slide\">\n                        <div class=\"gradient-holder relative\">\n                            <img decoding=\"async\" class=\"img-fluid\" src=\"https:\/\/royalresidence.rs\/wp-content\/uploads\/2020\/05\/royal-slide-02.jpg\" alt=\"slide image\">\n                        <\/div>\n                    <\/div>\n\t\t\t\t                    <div class=\"swiper-slide\">\n                        <div class=\"gradient-holder relative\">\n                            <img decoding=\"async\" class=\"img-fluid\" src=\"https:\/\/royalresidence.rs\/wp-content\/uploads\/2020\/05\/royal-slide-03.jpg\" alt=\"slide image\">\n                        <\/div>\n                    <\/div>\n\t\t\t\t\n            <\/div>\n            <!-- Add Pagination -->\n            <div class=\"swiper-pagination\"><\/div>\n            <!-- Add Arrows -->\n            <div class=\"swiper-button-next\"><\/div>\n            <div class=\"swiper-button-prev\"><\/div>\n        <\/div>\n        <script src=\"https:\/\/cdnjs.cloudflare.com\/ajax\/libs\/Swiper\/5.3.7\/js\/swiper.min.js\"><\/script>\n        <script>\n            var swiper = new Swiper('.swiper-container', {\n                watchSlidesVisibility: true,\n                speed: 500,\n                loadPrevNext: true,\n                spaceBetween: 15,\n                slidesPerGroup: 1,\n                loop: true,\n                grabCursor: true,\n                centeredSlides: true,\n                slideToClickedSlide: true,\n                navigation: {\n                    nextEl: '.swiper-button-next',\n                    prevEl: '.swiper-button-prev',\n                },\n                breakpoints: {\n                    \/\/ when window width is >= 320px\n                    320: {\n                        slidesPerView: 1\n                    },\n                    \/\/ when window width is >= 640px\n                    480: {\n                        slidesPerView: 2\n                    },\n                    992: {\n                        spaceBetween: 30,\n                        slidesPerView: 2\n                    }\n                }\n            });\n        <\/script>\n\n\t\t\t\t\t\t<\/div>\n\t\t\t\t<\/div>\n\t\t\t\t\t<\/div>\n\t\t<\/div>\n\t\t\t\t\t<\/div>\n\t\t<\/section>\n\t\t\t\t<section class=\"elementor-section elementor-top-section elementor-element elementor-element-73681d7 elementor-section-full_width elementor-section-height-default elementor-section-height-default\" data-id=\"73681d7\" data-element_type=\"section\" data-e-type=\"section\">\n\t\t\t\t\t\t<div class=\"elementor-container elementor-column-gap-no\">\n\t\t\t\t\t<div class=\"elementor-column elementor-col-100 elementor-top-column elementor-element elementor-element-63a1c6f\" data-id=\"63a1c6f\" data-element_type=\"column\" data-e-type=\"column\">\n\t\t\t<div class=\"elementor-widget-wrap elementor-element-populated\">\n\t\t\t\t\t\t<div class=\"elementor-element elementor-element-f6a327c elementor-widget elementor-widget-contact_and_text_holder\" data-id=\"f6a327c\" data-element_type=\"widget\" data-e-type=\"widget\" data-widget_type=\"contact_and_text_holder.default\">\n\t\t\t\t<div class=\"elementor-widget-container\">\n\t\t\t\t\t\n        <div class=\"my-container\">\n            <div class=\"row justify-content-center\">\n                <div class=\"col-sm-9 col-12 text-holder\">\n\t\t\t\t\t<p>Our Royal suit is perfectly decorated to suit a modern business women and men, or couples who will have the opportunity to relax in a large bed, a luxurious living room with a comfortable sofa, armchairs and a coffee table, with the possibility of accommodating up to 4 people. A spacious work area will allow you to complete all important business obligations. At the end of the day, relax in the luxuriously decorated spacious bathroom with spa tub. In the Royal suit you will find the perfect place for rest and relaxation. Enjoy and wake up fresh, ready for new unforgettable moments.<\/p>                <\/div>\n\t\t\t\t                    <div class=\"col-12 text-center reserve\">\n                        <a href=\"https:\/\/royalresidence.rs\/en\/rezervacija\" target=\"_blank\" rel=\"nofollow\"                           class=\"button text-uppercase\">Book now<\/a>\n                    <\/div>\n\t\t\t\t\n\t\t\t\t            <\/div>\n\n        <\/div>\n\n\t\t\t\t\t\t<\/div>\n\t\t\t\t<\/div>\n\t\t\t\t\t<\/div>\n\t\t<\/div>\n\t\t\t\t\t<\/div>\n\t\t<\/section>\n\t\t\t\t<section class=\"elementor-section elementor-top-section elementor-element elementor-element-42dc87a elementor-section-full_width elementor-section-height-default elementor-section-height-default\" data-id=\"42dc87a\" data-element_type=\"section\" data-e-type=\"section\">\n\t\t\t\t\t\t<div class=\"elementor-container elementor-column-gap-no\">\n\t\t\t\t\t<div class=\"elementor-column elementor-col-100 elementor-top-column elementor-element elementor-element-607f21a\" data-id=\"607f21a\" data-element_type=\"column\" data-e-type=\"column\">\n\t\t\t<div class=\"elementor-widget-wrap elementor-element-populated\">\n\t\t\t\t\t\t<div class=\"elementor-element elementor-element-3e316ab elementor-widget elementor-widget-royalresidence_availability_section_room\" data-id=\"3e316ab\" data-element_type=\"widget\" data-e-type=\"widget\" data-widget_type=\"royalresidence_availability_section_room.default\">\n\t\t\t\t<div class=\"elementor-widget-container\">\n\t\t\t\t\t        <div class=\"my-container\">\n            <div class=\"row availability-section\">\n\n\t\t\t\t\n                        <span class=\"col-lg-4 col-sm-6 nowrap\">\n\t\t                <div class=\"vertical-center\">\n\t                    <span class=\"img-holder text-left\">\n\t\t\t\t\t\t                            <img decoding=\"async\"                                 width=\"55px\"\n\t\t\t\t\t\t\t\t                         src=\"https:\/\/royalresidence.rs\/wp-content\/uploads\/2020\/05\/bed-icon.png\" alt=\"icon\">\n\t\t\t\t\t\t\t\t\t\t\t\t\t\n\t\t\t\t\t\t\t                    <\/span>\n\t                    <p class=\"text translation-block\">1 double bed <br> and 1 sofa<\/p>\n\t                    <\/div>\n\t\t            <\/span>\n\n\t\t\t\t\t\n                        <span class=\"col-lg-4 col-sm-6\">\n\t\t                <div class=\"vertical-center users\">\n\t                    <span class=\"img-holder text-left\">\n\t\t\t\t\t\t                            <img decoding=\"async\" \t                         src=\"https:\/\/royalresidence.rs\/wp-content\/uploads\/2020\/05\/user-icon.png\" alt=\"icon\">\n\t\t\t\t\t\t\t\t\t\t\t\t\t\n\t\t\t\t\t\t                            <img decoding=\"async\" \t                         src=\"https:\/\/royalresidence.rs\/wp-content\/uploads\/2020\/05\/user-icon.png\" alt=\"icon\">\n\t\t\t\t\t\t\t\t\t\t\t\t\t<br>\n\t\t\t\t\t\t                            <img decoding=\"async\" \t                         src=\"https:\/\/royalresidence.rs\/wp-content\/uploads\/2020\/05\/user-icon.png\" alt=\"icon\">\n\t\t\t\t\t\t\t\t\t\t\t\t\t\n\t\t\t\t\t\t                            <img decoding=\"async\" \t                         src=\"https:\/\/royalresidence.rs\/wp-content\/uploads\/2020\/05\/user-icon.png\" alt=\"icon\">\n\t\t\t\t\t\t\t\t\t\t\t\t\t\n\t\t\t\t\t\t\t                    <\/span>\n\t                    <p class=\"text\">4 adults or<br> 4 adults and 1 child<\/p>\n\t                    <\/div>\n\t\t            <\/span>\n\n\t\t\t\t\t\n                        <span class=\"col-lg-4 col-sm-6\">\n\t\t                <div class=\"vertical-center jacuzzi\">\n\t                    <span class=\"img-holder text-left\">\n\t\t\t\t\t\t                            <img decoding=\"async\" \t                         src=\"https:\/\/royalresidence.rs\/wp-content\/uploads\/2020\/05\/jacuzzi-icon.png\" alt=\"icon\">\n\t\t\t\t\t\t\t\t\t\t\t\t\t\n\t\t\t\t\t\t\t                    <\/span>\n\t                    <p class=\"text\">spa tub\n\n<\/p>\n\t                    <\/div>\n\t\t            <\/span>\n\n\t\t\t\t\t\n                        <span class=\"col-lg-4 col-sm-6 nowrap\">\n\t\t                <div class=\"vertical-center\">\n\t                    <span class=\"img-holder text-left\">\n\t\t\t\t\t\t                            <img decoding=\"async\"                                 width=\"48px\"\n\t\t\t\t\t\t\t\t                         src=\"https:\/\/royalresidence.rs\/wp-content\/uploads\/2020\/05\/tv.png\" alt=\"icon\">\n\t\t\t\t\t\t\t\t\t\t\t\t\t\n\t\t\t\t\t\t\t                    <\/span>\n\t                    <p class=\"text\">lcs tv<\/p>\n\t                    <\/div>\n\t\t            <\/span>\n\n\t\t\t\t\t\n                        <span class=\"col-lg-4 col-sm-6\">\n\t\t                <div class=\"vertical-center\">\n\t                    <span class=\"img-holder text-left\">\n\t\t\t\t\t\t                            <img decoding=\"async\"                                 width=\"55px\"\n\t\t\t\t\t\t\t\t                         src=\"https:\/\/royalresidence.rs\/wp-content\/uploads\/2020\/05\/air-conditioner.png\" alt=\"icon\">\n\t\t\t\t\t\t\t\t\t\t\t\t\t\n\t\t\t\t\t\t\t                    <\/span>\n\t                    <p class=\"text\">adjustable air conditioning<\/p>\n\t                    <\/div>\n\t\t            <\/span>\n\n\t\t\t\t\t\n                        <span class=\"col-lg-4 col-sm-6\">\n\t\t                <div class=\"vertical-center\">\n\t                    <span class=\"img-holder text-left\">\n\t\t\t\t\t\t                            <img decoding=\"async\"                                 width=\"48px\"\n\t\t\t\t\t\t\t\t                         src=\"https:\/\/royalresidence.rs\/wp-content\/uploads\/2020\/05\/phone.png\" alt=\"icon\">\n\t\t\t\t\t\t\t\t\t\t\t\t\t\n\t\t\t\t\t\t\t                    <\/span>\n\t                    <p class=\"text\">phone<\/p>\n\t                    <\/div>\n\t\t            <\/span>\n\n\t\t\t\t\t\n                        <span class=\"col-lg-4 col-sm-6 nowrap\">\n\t\t                <div class=\"vertical-center\">\n\t                    <span class=\"img-holder text-left\">\n\t\t\t\t\t\t                            <img decoding=\"async\"                                 width=\"55px\"\n\t\t\t\t\t\t\t\t                         src=\"https:\/\/royalresidence.rs\/wp-content\/uploads\/2020\/05\/wifi.png\" alt=\"icon\">\n\t\t\t\t\t\t\t\t\t\t\t\t\t\n\t\t\t\t\t\t\t                    <\/span>\n\t                    <p class=\"text\">free Wi-Fi<\/p>\n\t                    <\/div>\n\t\t            <\/span>\n\n\t\t\t\t\t\n                        <span class=\"col-lg-4 col-sm-6\">\n\t\t                <div class=\"vertical-center\">\n\t                    <span class=\"img-holder text-left\">\n\t\t\t\t\t\t                            <img decoding=\"async\"                                 width=\"55px\"\n\t\t\t\t\t\t\t\t                         src=\"https:\/\/royalresidence.rs\/wp-content\/uploads\/2020\/05\/vault.png\" alt=\"icon\">\n\t\t\t\t\t\t\t\t\t\t\t\t\t\n\t\t\t\t\t\t\t                    <\/span>\n\t                    <p class=\"text\">digital safe<\/p>\n\t                    <\/div>\n\t\t            <\/span>\n\n\t\t\t\t\t\n                        <span class=\"col-lg-4 col-sm-6\">\n\t\t                <div class=\"vertical-center\">\n\t                    <span class=\"img-holder text-left\">\n\t\t\t\t\t\t                            <img decoding=\"async\"                                 width=\"55px\"\n\t\t\t\t\t\t\t\t                         src=\"https:\/\/royalresidence.rs\/wp-content\/uploads\/2020\/05\/champagne.png\" alt=\"icon\">\n\t\t\t\t\t\t\t\t\t\t\t\t\t\n\t\t\t\t\t\t\t                    <\/span>\n\t                    <p class=\"text\">mini bar<\/p>\n\t                    <\/div>\n\t\t            <\/span>\n\n\t\t\t\t\t\t\t\t\t\n                <img decoding=\"async\" class=\"border-img\" width=\"56px\" src=\"https:\/\/royalresidence.rs\/wp-content\/themes\/royalresidence\/assets\/images\/royal-residence-logo-sign.svg\"\n                     alt=\"border icon\">\n            <\/div>\n        <\/div>\n\n\t\t\t\t\t\t<\/div>\n\t\t\t\t<\/div>\n\t\t\t\t\t<\/div>\n\t\t<\/div>\n\t\t\t\t\t<\/div>\n\t\t<\/section>\n\t\t\t\t<section class=\"elementor-section elementor-top-section elementor-element elementor-element-2453a5e elementor-section-full_width elementor-section-height-default elementor-section-height-default\" data-id=\"2453a5e\" data-element_type=\"section\" data-e-type=\"section\">\n\t\t\t\t\t\t<div class=\"elementor-container elementor-column-gap-no\">\n\t\t\t\t\t<div class=\"elementor-column elementor-col-100 elementor-top-column elementor-element elementor-element-423135a\" data-id=\"423135a\" data-element_type=\"column\" data-e-type=\"column\">\n\t\t\t<div class=\"elementor-widget-wrap elementor-element-populated\">\n\t\t\t\t\t\t<div class=\"elementor-element elementor-element-92ab4aa elementor-widget elementor-widget-contact_holder\" data-id=\"92ab4aa\" data-element_type=\"widget\" data-e-type=\"widget\" data-widget_type=\"contact_holder.default\">\n\t\t\t\t<div class=\"elementor-widget-container\">\n\t\t\t\t\t\n\t\t                    <div id=\"restaurant\">\n                        <div class=\"my-container\">\n                            <div class=\"contact-holder\">\n                                <div class=\"col-xl-6 col-md-6 col-12\">\n                                    <p class=\"text\">\n\t\t\t\t\t\t\t\t\t\tWe can help you with any questions or information\n\n                                    <\/p>\n                                <\/div>\n                                <div class=\"col-xl-3 col-md-6 col-12 numbers\">\n                                    <p class=\"mb-0\">+381693631334<\/p>\n                                <\/div>\n                                <div class=\"col-xl-3 col-md-12 col-12\">\n                                    <a href=\"https:\/\/royalresidence.rs\/en\/rezervacija\" target=\"_blank\" rel=\"nofollow\"                                       class=\"button\">Contact us<\/a>\n                                <\/div>\n                            <\/div>\n                        <\/div>\n                    <\/div>\n\t\t\t\t\t\n\t\t\t\t\t\t<\/div>\n\t\t\t\t<\/div>\n\t\t\t\t\t<\/div>\n\t\t<\/div>\n\t\t\t\t\t<\/div>\n\t\t<\/section>\n\t\t\t\t<\/div>","protected":false},"excerpt":{"rendered":"<p>ROYAL APARTMAN Na\u0161 Royal apartman savr\u0161eno je ure\u0111en po meri savremene poslovne \u017eene i mu\u0161karca ili parova koji \u0107e imati priliku da se opuste u velikom krevetu, luksuznom dnevnom boravku sa udobnim trosedom, foteljama i klub stolom, uz mogu\u0107nost sme\u0161taja do 4 osobe. Prostrani radni deo \u0107e omogu\u0107iti da zavr\u0161ite sve va\u017ene poslovne obaveze. Na [&hellip;]<\/p>\n","protected":false},"author":1,"featured_media":0,"parent":0,"menu_order":0,"comment_status":"closed","ping_status":"closed","template":"page_templates\/royal_apartman_page_template.php","meta":{"footnotes":""},"class_list":["post-246","page","type-page","status-publish","hentry"],"yoast_head":"<!-- This site is optimized with the Yoast SEO plugin v27.5 - https:\/\/yoast.com\/product\/yoast-seo-wordpress\/ -->\n<title>Royal Apartman - Royal Residence<\/title>\n<meta name=\"robots\" content=\"index, follow, max-snippet:-1, max-image-preview:large, max-video-preview:-1\" \/>\n<link rel=\"canonical\" href=\"https:\/\/royalresidence.rs\/en\/royal-apartman\/\" \/>\n<meta property=\"og:locale\" content=\"en_US\" \/>\n<meta property=\"og:type\" content=\"article\" \/>\n<meta property=\"og:title\" content=\"Royal Apartman - Royal Residence\" \/>\n<meta property=\"og:description\" content=\"ROYAL APARTMAN Na\u0161 Royal apartman savr\u0161eno je ure\u0111en po meri savremene poslovne \u017eene i mu\u0161karca ili parova koji \u0107e imati priliku da se opuste u velikom krevetu, luksuznom dnevnom boravku sa udobnim trosedom, foteljama i klub stolom, uz mogu\u0107nost sme\u0161taja do 4 osobe. Prostrani radni deo \u0107e omogu\u0107iti da zavr\u0161ite sve va\u017ene poslovne obaveze. Na [&hellip;]\" \/>\n<meta property=\"og:url\" content=\"https:\/\/royalresidence.rs\/en\/royal-apartman\/\" \/>\n<meta property=\"og:site_name\" content=\"Royal Residence\" \/>\n<meta property=\"article:modified_time\" content=\"2020-06-18T11:42:47+00:00\" \/>\n<meta property=\"og:image\" content=\"http:\/\/royalresidence.rs\/wp-content\/uploads\/2020\/05\/royal-slide-01.jpg\" \/>\n<meta name=\"twitter:card\" content=\"summary_large_image\" \/>\n<meta name=\"twitter:label1\" content=\"Est. reading time\" \/>\n\t<meta name=\"twitter:data1\" content=\"1 minute\" \/>\n<script type=\"application\/ld+json\" class=\"yoast-schema-graph\">{\"@context\":\"https:\\\/\\\/schema.org\",\"@graph\":[{\"@type\":\"WebPage\",\"@id\":\"https:\\\/\\\/royalresidence.rs\\\/en\\\/royal-apartman\\\/\",\"url\":\"https:\\\/\\\/royalresidence.rs\\\/en\\\/royal-apartman\\\/\",\"name\":\"Royal Apartman - Royal Residence\",\"isPartOf\":{\"@id\":\"https:\\\/\\\/royalresidence.rs\\\/#website\"},\"primaryImageOfPage\":{\"@id\":\"https:\\\/\\\/royalresidence.rs\\\/en\\\/royal-apartman\\\/#primaryimage\"},\"image\":{\"@id\":\"https:\\\/\\\/royalresidence.rs\\\/en\\\/royal-apartman\\\/#primaryimage\"},\"thumbnailUrl\":\"http:\\\/\\\/royalresidence.rs\\\/wp-content\\\/uploads\\\/2020\\\/05\\\/royal-slide-01.jpg\",\"datePublished\":\"2020-05-25T11:42:36+00:00\",\"dateModified\":\"2020-06-18T11:42:47+00:00\",\"breadcrumb\":{\"@id\":\"https:\\\/\\\/royalresidence.rs\\\/en\\\/royal-apartman\\\/#breadcrumb\"},\"inLanguage\":\"en-US\",\"potentialAction\":[{\"@type\":\"ReadAction\",\"target\":[\"https:\\\/\\\/royalresidence.rs\\\/en\\\/royal-apartman\\\/\"]}]},{\"@type\":\"ImageObject\",\"inLanguage\":\"en-US\",\"@id\":\"https:\\\/\\\/royalresidence.rs\\\/en\\\/royal-apartman\\\/#primaryimage\",\"url\":\"http:\\\/\\\/royalresidence.rs\\\/wp-content\\\/uploads\\\/2020\\\/05\\\/royal-slide-01.jpg\",\"contentUrl\":\"http:\\\/\\\/royalresidence.rs\\\/wp-content\\\/uploads\\\/2020\\\/05\\\/royal-slide-01.jpg\"},{\"@type\":\"BreadcrumbList\",\"@id\":\"https:\\\/\\\/royalresidence.rs\\\/en\\\/royal-apartman\\\/#breadcrumb\",\"itemListElement\":[{\"@type\":\"ListItem\",\"position\":1,\"name\":\"Home\",\"item\":\"https:\\\/\\\/royalresidence.rs\\\/\"},{\"@type\":\"ListItem\",\"position\":2,\"name\":\"Royal Apartman\"}]},{\"@type\":\"WebSite\",\"@id\":\"https:\\\/\\\/royalresidence.rs\\\/#website\",\"url\":\"https:\\\/\\\/royalresidence.rs\\\/\",\"name\":\"Royal Residence\",\"description\":\"\",\"potentialAction\":[{\"@type\":\"SearchAction\",\"target\":{\"@type\":\"EntryPoint\",\"urlTemplate\":\"https:\\\/\\\/royalresidence.rs\\\/?s={search_term_string}\"},\"query-input\":{\"@type\":\"PropertyValueSpecification\",\"valueRequired\":true,\"valueName\":\"search_term_string\"}}],\"inLanguage\":\"en-US\"}]}<\/script>\n<!-- \/ Yoast SEO plugin. -->","yoast_head_json":{"title":"Royal Apartman - Royal Residence","robots":{"index":"index","follow":"follow","max-snippet":"max-snippet:-1","max-image-preview":"max-image-preview:large","max-video-preview":"max-video-preview:-1"},"canonical":"https:\/\/royalresidence.rs\/en\/royal-apartman\/","og_locale":"en_US","og_type":"article","og_title":"Royal Apartman - Royal Residence","og_description":"ROYAL APARTMAN Na\u0161 Royal apartman savr\u0161eno je ure\u0111en po meri savremene poslovne \u017eene i mu\u0161karca ili parova koji \u0107e imati priliku da se opuste u velikom krevetu, luksuznom dnevnom boravku sa udobnim trosedom, foteljama i klub stolom, uz mogu\u0107nost sme\u0161taja do 4 osobe. Prostrani radni deo \u0107e omogu\u0107iti da zavr\u0161ite sve va\u017ene poslovne obaveze. Na [&hellip;]","og_url":"https:\/\/royalresidence.rs\/en\/royal-apartman\/","og_site_name":"Royal Residence","article_modified_time":"2020-06-18T11:42:47+00:00","og_image":[{"url":"http:\/\/royalresidence.rs\/wp-content\/uploads\/2020\/05\/royal-slide-01.jpg","type":"","width":"","height":""}],"twitter_card":"summary_large_image","twitter_misc":{"Est. reading time":"1 minute"},"schema":{"@context":"https:\/\/schema.org","@graph":[{"@type":"WebPage","@id":"https:\/\/royalresidence.rs\/en\/royal-apartman\/","url":"https:\/\/royalresidence.rs\/en\/royal-apartman\/","name":"Royal Apartman - Royal Residence","isPartOf":{"@id":"https:\/\/royalresidence.rs\/#website"},"primaryImageOfPage":{"@id":"https:\/\/royalresidence.rs\/en\/royal-apartman\/#primaryimage"},"image":{"@id":"https:\/\/royalresidence.rs\/en\/royal-apartman\/#primaryimage"},"thumbnailUrl":"http:\/\/royalresidence.rs\/wp-content\/uploads\/2020\/05\/royal-slide-01.jpg","datePublished":"2020-05-25T11:42:36+00:00","dateModified":"2020-06-18T11:42:47+00:00","breadcrumb":{"@id":"https:\/\/royalresidence.rs\/en\/royal-apartman\/#breadcrumb"},"inLanguage":"en-US","potentialAction":[{"@type":"ReadAction","target":["https:\/\/royalresidence.rs\/en\/royal-apartman\/"]}]},{"@type":"ImageObject","inLanguage":"en-US","@id":"https:\/\/royalresidence.rs\/en\/royal-apartman\/#primaryimage","url":"http:\/\/royalresidence.rs\/wp-content\/uploads\/2020\/05\/royal-slide-01.jpg","contentUrl":"http:\/\/royalresidence.rs\/wp-content\/uploads\/2020\/05\/royal-slide-01.jpg"},{"@type":"BreadcrumbList","@id":"https:\/\/royalresidence.rs\/en\/royal-apartman\/#breadcrumb","itemListElement":[{"@type":"ListItem","position":1,"name":"Home","item":"https:\/\/royalresidence.rs\/"},{"@type":"ListItem","position":2,"name":"Royal Apartman"}]},{"@type":"WebSite","@id":"https:\/\/royalresidence.rs\/#website","url":"https:\/\/royalresidence.rs\/","name":"Royal Residence","description":"","potentialAction":[{"@type":"SearchAction","target":{"@type":"EntryPoint","urlTemplate":"https:\/\/royalresidence.rs\/?s={search_term_string}"},"query-input":{"@type":"PropertyValueSpecification","valueRequired":true,"valueName":"search_term_string"}}],"inLanguage":"en-US"}]}},"_links":{"self":[{"href":"https:\/\/royalresidence.rs\/en\/wp-json\/wp\/v2\/pages\/246","targetHints":{"allow":["GET"]}}],"collection":[{"href":"https:\/\/royalresidence.rs\/en\/wp-json\/wp\/v2\/pages"}],"about":[{"href":"https:\/\/royalresidence.rs\/en\/wp-json\/wp\/v2\/types\/page"}],"author":[{"embeddable":true,"href":"https:\/\/royalresidence.rs\/en\/wp-json\/wp\/v2\/users\/1"}],"replies":[{"embeddable":true,"href":"https:\/\/royalresidence.rs\/en\/wp-json\/wp\/v2\/comments?post=246"}],"version-history":[{"count":8,"href":"https:\/\/royalresidence.rs\/en\/wp-json\/wp\/v2\/pages\/246\/revisions"}],"predecessor-version":[{"id":444,"href":"https:\/\/royalresidence.rs\/en\/wp-json\/wp\/v2\/pages\/246\/revisions\/444"}],"wp:attachment":[{"href":"https:\/\/royalresidence.rs\/en\/wp-json\/wp\/v2\/media?parent=246"}],"curies":[{"name":"wp","href":"https:\/\/api.w.org\/{rel}","templated":true}]}}