{"id":464,"date":"2020-06-17T08:36:42","date_gmt":"2020-06-17T08:36:42","guid":{"rendered":"http:\/\/royalresidence.rs\/?page_id=464"},"modified":"2020-06-18T11:42:47","modified_gmt":"2020-06-18T11:42:47","slug":"pravila-o-privatnosti","status":"publish","type":"page","link":"https:\/\/royalresidence.rs\/en\/pravila-o-privatnosti\/","title":{"rendered":"Privacy policy"},"content":{"rendered":"<div data-elementor-type=\"wp-page\" data-elementor-id=\"464\" class=\"elementor elementor-464\" data-elementor-post-type=\"page\">\n\t\t\t\t\t\t<section class=\"elementor-section elementor-top-section elementor-element elementor-element-489544a0 elementor-section-boxed elementor-section-height-default elementor-section-height-default\" data-id=\"489544a0\" data-element_type=\"section\" data-e-type=\"section\">\n\t\t\t\t\t\t<div class=\"elementor-container elementor-column-gap-default\">\n\t\t\t\t\t<div class=\"elementor-column elementor-col-100 elementor-top-column elementor-element elementor-element-a8efd6f\" data-id=\"a8efd6f\" data-element_type=\"column\" data-e-type=\"column\">\n\t\t\t<div class=\"elementor-widget-wrap elementor-element-populated\">\n\t\t\t\t\t\t<div class=\"elementor-element elementor-element-33dbe73 elementor-widget elementor-widget-royalresidence_title_holder\" data-id=\"33dbe73\" data-element_type=\"widget\" data-e-type=\"widget\" data-widget_type=\"royalresidence_title_holder.default\">\n\t\t\t\t<div class=\"elementor-widget-container\">\n\t\t\t\t\t        <div class=\"title-holder\">\n            <h5 class=\"text-uppercase font-weight-bold\">Privacy policy<\/h5>\n            <div class=\"headline-hr\"><\/div>\n        <\/div>\n\n\t\t\t\t\t\t<\/div>\n\t\t\t\t<\/div>\n\t\t\t\t<div class=\"elementor-element elementor-element-2e0e7338 elementor-widget elementor-widget-text-editor\" data-id=\"2e0e7338\" data-element_type=\"widget\" data-e-type=\"widget\" data-widget_type=\"text-editor.default\">\n\t\t\t\t<div class=\"elementor-widget-container\">\n\t\t\t\t\t\t\t\t\t<p>Last updated: \u200b(01\/06\/2020)<br \/>Royal Residence ( &#8222;Nama&#8220;, &#8222;Mi&#8220;, ili &#8222;Na\u0161&#8220;) ure\u0111uje royalresidence.rs (&#8222;Sajt&#8220;). Ova stranica vas obave\u0161tava o na\u0161oj politici u vezi sa prikupljanjem, kori\u0161\u0107enjem i otkrivanjem li\u010dnih podataka koje dobijamo od korisnika sajta. Mi koristimo va\u0161e li\u010dne podatke samo za pru\u017eanje i pobolj\u0161anje va\u0161eg iskustva prilikom posete na\u0161em sajtu. Kori\u0161\u0107enjem sajta, saglasni ste sa prikupljanjem i kori\u0161\u0107enjem informacija u skladu sa ovom politikom.<br \/>We use your Personal Information only for providing and improving the Site. By using the Site, you agree to the collection and use of information in accordance with this policy.<\/p><p><strong>Information Collection And Use<\/strong><\/p><p>Dok koristite na\u0161 sajt, mo\u017eemo tra\u017eiti da nam dostavite odre\u0111ene li\u010dne podatke koji se mogu koristiti za kontakt ili radi identifikacije. Li\u010dna identifikacija mo\u017ee uklju\u010divati informacije koje se ne ograni\u010davaju samo na ime ( &#8222;Li\u010dne informacije&#8220;).<\/p><p><strong>Log Data<\/strong><\/p><p>Kao i mnogi sajt operateri, mi prikupljamo informacije koje va\u0161 pretra\u017eiva\u010d \u0161alje svaki put kada posetite na\u0161 sajt ( &#8222;Logovanje podataka&#8220;).<br \/>Ovi podaci mogu da sadr\u017ee informacije kao \u0161to su Internet Protokol ra\u010dunara ( &#8222;IP&#8220;) adresa, tip pretra\u017eiva\u010da, verzija pregleda\u010da, stranicu na\u0161eg sajta koju pose\u0107ujete, vreme i datum posete, vreme provedeno na tim stranicama i druge statistike. Pored toga, mo\u017eemo da koristimo usluge tre\u0107ih lica, kao \u0161to su Google Analitika koje prikupljaju, prate i analiziraju ove podatke.<br \/>The Log Data section is for businesses that use analytics or tracking services in websites or apps, like Google Analytics.<\/p><p><strong>Mailing list notice<\/strong><\/p><p>Giving your email address is voluntary.<br \/>Royal Residence doo creates a mailing list exclusively for the needs of the company in order to maintain a marketing contact and for the purpose of providing advice as well as the information about the products and services of the company.<br \/>The mailing list will be exclusively used by Royal Residence doo, and will not be available to third parties.<br \/>If you do not want us to contact you at any time you can notify us at info@royalresidence.rs<\/p><p><strong>Privacy Notice<\/strong><\/p><p>Klikom na dugme &#8222;Po\u0161alji&#8220; saglasni ste da gore navedene informacije mogu biti dostupne kompaniji Royal Residence d.o.o. kako bi se ispunili va\u0161i zahtevi u cilju pru\u017eanja pomo\u0107i i saveta kao i ostvarivanje marketing kontakta koji \u0107e pru\u017eiti informacije o proizvodima i uslugama kompanije (slanje ponude proizvoda, usluga reklame, promocije, kampanje putem telefona, SMS-a ili e-maila. )<br \/>Giving personal data for processing and achieving the above purpose is voluntary.<br \/>Royal Residence doo will, in relation to the data that you have provided, use all technical and human resources to protect the data and will treat them with due diligence and legitimacy, while complying with the applicable regulations.<br \/>Vi ostvarujete prava predvi\u0111ena Zakonom o za\u0161titi podataka o li\u010dnosti ( &#8222;Zakon&#8220;) koji vam omogu\u0107ava da mo\u017eete poslati pisani zahtev u sedi\u0161te kompanije ili pisati na e-mail info@royalresidence.rs tra\u017ee\u0107i (\u2160) informacije o obradi podataka koje se odnose na vas (\u2161) pristup takvim informacijama, (\u2162) kopiranje takvih informacija i (\u2163) ispraviti podatke koje poseduje Dru\u0161tvo, dodavati, a\u017eurirati, brisati podatke, i prekinuti ili suspendovati obradu<br \/>You are authorized to revoke consent for processing data, in written form.<br \/>If you do not want us to contact you at any time, you can let us know at info@royalresidence.rs<\/p><p><strong>Cookies<\/strong><\/p><p>Cookies are files with small amount of data, which may include an anonymous unique identifier. Cookies are sent to your browser from a web site and stored on your computer's hard drive.<br \/>Kao i mnogi sajtovi, mi koristimo &#8222;cookies&#8220; za prikupljanje informacija. Mo\u017eete urediti svoj pretra\u017eiva\u010d da odbije sve kola\u010di\u0107e, ili da ozna\u010dite da se kola\u010di\u0107i po\u0161alju. Me\u0111utim, ako ne prihvatite kola\u010di\u0107e, mo\u017eda ne\u0107ete mo\u0107i da koristite neke delove na\u0161eg sajta.<\/p><p><strong>Security<\/strong><\/p><p>The security of your Personal Information is important to us, but remember that no method of transmission over the Internet, or method of electronic storage, is 100% secure. While we strive to use commercially acceptable means to protect your Personal Information, we cannot guarantee its absolute security.<\/p><p><strong>Changes To This Privacy Policy<\/strong><\/p><p>This Privacy Policy is effective as of \u200b(01\/06\/2020)\u200b and will remain in effect except with respect to any changes in its provisions in the future, which will be in effect immediately after being posted on this page.<br \/>We reserve the right to update or change our Privacy Policy at any time and you should check this Privacy Policy periodically. Your continued use of the Service after we post any modifications to the Privacy Policy on this page will constitute your acknowledgement of the modifications and your consent to abide and be bound by the modified Privacy Policy.<br \/>If we make any material changes to this Privacy Policy, we will notify you either through the email address you have provided us, or by placing a prominent notice on our website.<\/p><p><strong>Contact Us<\/strong><\/p><p>If you have any questions about this Privacy Policy, please contact us.<\/p>\t\t\t\t\t\t\t\t<\/div>\n\t\t\t\t<\/div>\n\t\t\t\t\t<\/div>\n\t\t<\/div>\n\t\t\t\t\t<\/div>\n\t\t<\/section>\n\t\t\t\t<\/div>","protected":false},"excerpt":{"rendered":"<p>Pravila o Privatnosti\u200b Poslednja promena: \u200b(01\/06\/2020)Royal Residence ( &#8222;Nama&#8220;, &#8222;Mi&#8220;, ili &#8222;Na\u0161&#8220;) ure\u0111uje royalresidence.rs (&#8222;Sajt&#8220;). Ova stranica vas obave\u0161tava o na\u0161oj politici u vezi sa prikupljanjem, kori\u0161\u0107enjem i otkrivanjem li\u010dnih podataka koje dobijamo od korisnika sajta. Mi koristimo va\u0161e li\u010dne podatke samo za pru\u017eanje i pobolj\u0161anje va\u0161eg iskustva prilikom posete na\u0161em sajtu. Kori\u0161\u0107enjem sajta, saglasni [&hellip;]<\/p>\n","protected":false},"author":1,"featured_media":0,"parent":0,"menu_order":0,"comment_status":"closed","ping_status":"open","template":"page_templates\/dogadjaji_page_template.php","meta":{"footnotes":""},"class_list":["post-464","page","type-page","status-publish","hentry"],"yoast_head":"<!-- This site is optimized with the Yoast SEO plugin v27.4 - https:\/\/yoast.com\/product\/yoast-seo-wordpress\/ -->\n<title>Pravila o Privatnosti - Royal Residence<\/title>\n<meta name=\"robots\" content=\"index, follow, max-snippet:-1, max-image-preview:large, max-video-preview:-1\" \/>\n<link rel=\"canonical\" href=\"https:\/\/royalresidence.rs\/en\/pravila-o-privatnosti\/\" \/>\n<meta property=\"og:locale\" content=\"en_US\" \/>\n<meta property=\"og:type\" content=\"article\" \/>\n<meta property=\"og:title\" content=\"Pravila o Privatnosti - Royal Residence\" \/>\n<meta property=\"og:description\" content=\"Pravila o Privatnosti\u200b Poslednja promena: \u200b(01\/06\/2020)Royal Residence ( &#8222;Nama&#8220;, &#8222;Mi&#8220;, ili &#8222;Na\u0161&#8220;) ure\u0111uje royalresidence.rs (&#8222;Sajt&#8220;). Ova stranica vas obave\u0161tava o na\u0161oj politici u vezi sa prikupljanjem, kori\u0161\u0107enjem i otkrivanjem li\u010dnih podataka koje dobijamo od korisnika sajta. Mi koristimo va\u0161e li\u010dne podatke samo za pru\u017eanje i pobolj\u0161anje va\u0161eg iskustva prilikom posete na\u0161em sajtu. Kori\u0161\u0107enjem sajta, saglasni [&hellip;]\" \/>\n<meta property=\"og:url\" content=\"https:\/\/royalresidence.rs\/en\/pravila-o-privatnosti\/\" \/>\n<meta property=\"og:site_name\" content=\"Royal Residence\" \/>\n<meta property=\"article:modified_time\" content=\"2020-06-18T11:42:47+00:00\" \/>\n<meta name=\"twitter:card\" content=\"summary_large_image\" \/>\n<meta name=\"twitter:label1\" content=\"Est. reading time\" \/>\n\t<meta name=\"twitter:data1\" content=\"4 minutes\" \/>\n<script type=\"application\/ld+json\" class=\"yoast-schema-graph\">{\"@context\":\"https:\\\/\\\/schema.org\",\"@graph\":[{\"@type\":\"WebPage\",\"@id\":\"https:\\\/\\\/royalresidence.rs\\\/en\\\/pravila-o-privatnosti\\\/\",\"url\":\"https:\\\/\\\/royalresidence.rs\\\/en\\\/pravila-o-privatnosti\\\/\",\"name\":\"Pravila o Privatnosti - Royal Residence\",\"isPartOf\":{\"@id\":\"https:\\\/\\\/royalresidence.rs\\\/#website\"},\"datePublished\":\"2020-06-17T08:36:42+00:00\",\"dateModified\":\"2020-06-18T11:42:47+00:00\",\"breadcrumb\":{\"@id\":\"https:\\\/\\\/royalresidence.rs\\\/en\\\/pravila-o-privatnosti\\\/#breadcrumb\"},\"inLanguage\":\"en-US\",\"potentialAction\":[{\"@type\":\"ReadAction\",\"target\":[\"https:\\\/\\\/royalresidence.rs\\\/en\\\/pravila-o-privatnosti\\\/\"]}]},{\"@type\":\"BreadcrumbList\",\"@id\":\"https:\\\/\\\/royalresidence.rs\\\/en\\\/pravila-o-privatnosti\\\/#breadcrumb\",\"itemListElement\":[{\"@type\":\"ListItem\",\"position\":1,\"name\":\"Home\",\"item\":\"https:\\\/\\\/royalresidence.rs\\\/\"},{\"@type\":\"ListItem\",\"position\":2,\"name\":\"Pravila o Privatnosti\"}]},{\"@type\":\"WebSite\",\"@id\":\"https:\\\/\\\/royalresidence.rs\\\/#website\",\"url\":\"https:\\\/\\\/royalresidence.rs\\\/\",\"name\":\"Royal Residence\",\"description\":\"\",\"potentialAction\":[{\"@type\":\"SearchAction\",\"target\":{\"@type\":\"EntryPoint\",\"urlTemplate\":\"https:\\\/\\\/royalresidence.rs\\\/?s={search_term_string}\"},\"query-input\":{\"@type\":\"PropertyValueSpecification\",\"valueRequired\":true,\"valueName\":\"search_term_string\"}}],\"inLanguage\":\"en-US\"}]}<\/script>\n<!-- \/ Yoast SEO plugin. -->","yoast_head_json":{"title":"Pravila o Privatnosti - Royal Residence","robots":{"index":"index","follow":"follow","max-snippet":"max-snippet:-1","max-image-preview":"max-image-preview:large","max-video-preview":"max-video-preview:-1"},"canonical":"https:\/\/royalresidence.rs\/en\/pravila-o-privatnosti\/","og_locale":"en_US","og_type":"article","og_title":"Pravila o Privatnosti - Royal Residence","og_description":"Pravila o Privatnosti\u200b Poslednja promena: \u200b(01\/06\/2020)Royal Residence ( &#8222;Nama&#8220;, &#8222;Mi&#8220;, ili &#8222;Na\u0161&#8220;) ure\u0111uje royalresidence.rs (&#8222;Sajt&#8220;). Ova stranica vas obave\u0161tava o na\u0161oj politici u vezi sa prikupljanjem, kori\u0161\u0107enjem i otkrivanjem li\u010dnih podataka koje dobijamo od korisnika sajta. Mi koristimo va\u0161e li\u010dne podatke samo za pru\u017eanje i pobolj\u0161anje va\u0161eg iskustva prilikom posete na\u0161em sajtu. Kori\u0161\u0107enjem sajta, saglasni [&hellip;]","og_url":"https:\/\/royalresidence.rs\/en\/pravila-o-privatnosti\/","og_site_name":"Royal Residence","article_modified_time":"2020-06-18T11:42:47+00:00","twitter_card":"summary_large_image","twitter_misc":{"Est. reading time":"4 minutes"},"schema":{"@context":"https:\/\/schema.org","@graph":[{"@type":"WebPage","@id":"https:\/\/royalresidence.rs\/en\/pravila-o-privatnosti\/","url":"https:\/\/royalresidence.rs\/en\/pravila-o-privatnosti\/","name":"Pravila o Privatnosti - Royal Residence","isPartOf":{"@id":"https:\/\/royalresidence.rs\/#website"},"datePublished":"2020-06-17T08:36:42+00:00","dateModified":"2020-06-18T11:42:47+00:00","breadcrumb":{"@id":"https:\/\/royalresidence.rs\/en\/pravila-o-privatnosti\/#breadcrumb"},"inLanguage":"en-US","potentialAction":[{"@type":"ReadAction","target":["https:\/\/royalresidence.rs\/en\/pravila-o-privatnosti\/"]}]},{"@type":"BreadcrumbList","@id":"https:\/\/royalresidence.rs\/en\/pravila-o-privatnosti\/#breadcrumb","itemListElement":[{"@type":"ListItem","position":1,"name":"Home","item":"https:\/\/royalresidence.rs\/"},{"@type":"ListItem","position":2,"name":"Pravila o Privatnosti"}]},{"@type":"WebSite","@id":"https:\/\/royalresidence.rs\/#website","url":"https:\/\/royalresidence.rs\/","name":"Royal Residence","description":"","potentialAction":[{"@type":"SearchAction","target":{"@type":"EntryPoint","urlTemplate":"https:\/\/royalresidence.rs\/?s={search_term_string}"},"query-input":{"@type":"PropertyValueSpecification","valueRequired":true,"valueName":"search_term_string"}}],"inLanguage":"en-US"}]}},"_links":{"self":[{"href":"https:\/\/royalresidence.rs\/en\/wp-json\/wp\/v2\/pages\/464","targetHints":{"allow":["GET"]}}],"collection":[{"href":"https:\/\/royalresidence.rs\/en\/wp-json\/wp\/v2\/pages"}],"about":[{"href":"https:\/\/royalresidence.rs\/en\/wp-json\/wp\/v2\/types\/page"}],"author":[{"embeddable":true,"href":"https:\/\/royalresidence.rs\/en\/wp-json\/wp\/v2\/users\/1"}],"replies":[{"embeddable":true,"href":"https:\/\/royalresidence.rs\/en\/wp-json\/wp\/v2\/comments?post=464"}],"version-history":[{"count":9,"href":"https:\/\/royalresidence.rs\/en\/wp-json\/wp\/v2\/pages\/464\/revisions"}],"predecessor-version":[{"id":481,"href":"https:\/\/royalresidence.rs\/en\/wp-json\/wp\/v2\/pages\/464\/revisions\/481"}],"wp:attachment":[{"href":"https:\/\/royalresidence.rs\/en\/wp-json\/wp\/v2\/media?parent=464"}],"curies":[{"name":"wp","href":"https:\/\/api.w.org\/{rel}","templated":true}]}}