{"id":6,"date":"2020-05-20T14:21:01","date_gmt":"2020-05-20T14:21:01","guid":{"rendered":"http:\/\/royal.quantox.local\/\/?page_id=6"},"modified":"2025-05-28T18:10:26","modified_gmt":"2025-05-28T18:10:26","slug":"home","status":"publish","type":"page","link":"https:\/\/royalresidence.rs\/en\/","title":{"rendered":"Home"},"content":{"rendered":"<div data-elementor-type=\"wp-page\" data-elementor-id=\"6\" class=\"elementor elementor-6\" data-elementor-post-type=\"page\">\n\t\t\t\t\t\t<section class=\"elementor-section elementor-top-section elementor-element elementor-element-ca45ed4 elementor-section-full_width elementor-section-height-default elementor-section-height-default\" data-id=\"ca45ed4\" data-element_type=\"section\" data-e-type=\"section\">\n\t\t\t\t\t\t<div class=\"elementor-container elementor-column-gap-no\">\n\t\t\t\t\t<div class=\"elementor-column elementor-col-100 elementor-top-column elementor-element elementor-element-c2b43ea\" data-id=\"c2b43ea\" data-element_type=\"column\" data-e-type=\"column\">\n\t\t\t<div class=\"elementor-widget-wrap elementor-element-populated\">\n\t\t\t\t\t\t<div class=\"elementor-element elementor-element-7d905bd elementor-widget elementor-widget-royal-residence-swiper\" data-id=\"7d905bd\" data-element_type=\"widget\" data-e-type=\"widget\" data-widget_type=\"royal-residence-swiper.default\">\n\t\t\t\t<div class=\"elementor-widget-container\">\n\t\t\t\t\t\n\t\t            <div class=\"swiper-container\">\n                <div class=\"swiper-wrapper\">\n\t\t\t\t\t                        <div class=\"swiper-slide\">\n                            <img decoding=\"async\" src=\"https:\/\/royalresidence.rs\/wp-content\/uploads\/2020\/05\/home-slide-01.jpg\" alt=\"\">\n                        <\/div>\n\t\t\t\t\t                        <div class=\"swiper-slide\">\n                            <img decoding=\"async\" src=\"https:\/\/royalresidence.rs\/wp-content\/uploads\/2020\/05\/home-slide-02.jpg\" alt=\"\">\n                        <\/div>\n\t\t\t\t\t                        <div class=\"swiper-slide\">\n                            <img decoding=\"async\" src=\"https:\/\/royalresidence.rs\/wp-content\/uploads\/2020\/05\/home-slide-03.jpg\" alt=\"\">\n                        <\/div>\n\t\t\t\t\t                        <div class=\"swiper-slide\">\n                            <img decoding=\"async\" src=\"https:\/\/royalresidence.rs\/wp-content\/uploads\/2020\/05\/home-slide-04.jpg\" alt=\"\">\n                        <\/div>\n\t\t\t\t\t                        <div class=\"swiper-slide\">\n                            <img decoding=\"async\" src=\"https:\/\/royalresidence.rs\/wp-content\/uploads\/2020\/05\/home-slide-05.jpg\" alt=\"\">\n                        <\/div>\n\t\t\t\t\t\n                <\/div>\n                <!--                Add Arrows-->\n                <div class=\"arrow-holder\">\n                    <div class=\"swiper-button-next\"><\/div>\n                    <div class=\"swiper-line\"><\/div>\n                    <div class=\"swiper-button-prev\"><\/div>\n                <\/div>\n                <!--                Add Pagination-->\n                <div class=\"swiper-pagination\"><\/div>\n\n                <div class=\"swiper-text\">\n                    <h4>Hotel<\/h4>\n                    <h1>Royal Residence<\/h1>\n                    <div class=\"line\"><\/div>\n                    <p><\/p>\n                <\/div>\n            <\/div>\n            <script src=\"https:\/\/cdnjs.cloudflare.com\/ajax\/libs\/Swiper\/5.3.7\/js\/swiper.min.js\"><\/script>\n            <script>\n                let on_index = true;\n                let swiper = new Swiper('.swiper-container', {\n                    navigation: {\n                        nextEl: '.swiper-button-next',\n                        prevEl: '.swiper-button-prev',\n                    },\n                    pagination: {\n                        el: '.swiper-pagination',\n                        clickable: true,\n                        renderBullet: function (index, className) {\n                            return '<span class=\"' + className + '\">' + (index + 1) + '<\/span>';\n                        },\n                    },\n                    keyboard: true,\n                    loop: true,\n                });\n            <\/script>\n\n\n\t\t\t\t\t\t<\/div>\n\t\t\t\t<\/div>\n\t\t\t\t\t<\/div>\n\t\t<\/div>\n\t\t\t\t\t<\/div>\n\t\t<\/section>\n\t\t\t\t<section class=\"elementor-section elementor-top-section elementor-element elementor-element-2d3c57b elementor-section-full_width elementor-section-height-default elementor-section-height-default\" data-id=\"2d3c57b\" data-element_type=\"section\" data-e-type=\"section\">\n\t\t\t\t\t\t<div class=\"elementor-container elementor-column-gap-no\">\n\t\t\t\t\t<div class=\"elementor-column elementor-col-100 elementor-top-column elementor-element elementor-element-e286435\" data-id=\"e286435\" data-element_type=\"column\" data-e-type=\"column\">\n\t\t\t<div class=\"elementor-widget-wrap elementor-element-populated\">\n\t\t\t\t\t\t<div class=\"elementor-element elementor-element-269127d elementor-widget elementor-widget-royalresidence_availability_section\" data-id=\"269127d\" data-element_type=\"widget\" data-e-type=\"widget\" data-widget_type=\"royalresidence_availability_section.default\">\n\t\t\t\t<div class=\"elementor-widget-container\">\n\t\t\t\t\t        <div class=\"my-container\">\n            <div class=\"row availability-section\">\n\t\t\t\t                        <span class=\"col-xl col-md-6 nowrap\">\n\t\t            <img decoding=\"async\" class='vertical-super' src=\"https:\/\/royalresidence.rs\/wp-content\/uploads\/2020\/05\/location-icon.png\"\n                                                                                                   alt=\"location icon\">\n\t\t            <p><p>STEVANA PRVOVEN\u010cANOG<br \/>BB \u010cA\u010cAK SRBIJA<\/p><\/p>\n\t\t        <\/span>\n\t\t\t\t\t                        <span class=\"col-xl col-md-6 nowrap\">\n\t\t            <img decoding=\"async\" class='vertical-super' src=\"https:\/\/royalresidence.rs\/wp-content\/uploads\/2020\/05\/bed-icon.png\"\n                                                                                                   alt=\"location icon\">\n\t\t            <p><p>12 rooms,<br \/>4 suits<\/p><\/p>\n\t\t        <\/span>\n\t\t\t\t\t                        <span class=\"col-xl col-md-6\">\n\t\t            <img decoding=\"async\"  src=\"https:\/\/royalresidence.rs\/wp-content\/uploads\/2020\/05\/restaurant-icon.png\"\n                                                                                                   alt=\"location icon\">\n\t\t            <p><p>Resturant<\/p><\/p>\n\t\t        <\/span>\n\t\t\t\t\t                        <span class=\"col-xl col-md-6\">\n\t\t            <img decoding=\"async\"  src=\"https:\/\/royalresidence.rs\/wp-content\/uploads\/2020\/05\/parking-icon.png\"\n                                                                                                   alt=\"location icon\">\n\t\t            <p><p>Free parking<\/p><\/p>\n\t\t        <\/span>\n\t\t\t\t\t\t\t\t\t                <img decoding=\"async\" class=\"border-img\" width=\"56px\"\n                     src=\"https:\/\/royalresidence.rs\/wp-content\/uploads\/2020\/05\/royal-residence-logo-sign.png\"\n                     alt=\"border icon\">\n\n                <div class=\"col-12 text-center\">\n                    <a href=\"https:\/\/royalresidence.rs\/en\/rezervacija\/\"\n                       class=\"button\"> check availability<\/a>\n                <\/div>\n            <\/div>\n        <\/div>\n\n\t\t\t\t\t\t<\/div>\n\t\t\t\t<\/div>\n\t\t\t\t\t<\/div>\n\t\t<\/div>\n\t\t\t\t\t<\/div>\n\t\t<\/section>\n\t\t\t\t<section class=\"elementor-section elementor-top-section elementor-element elementor-element-c67f6ce elementor-section-full_width elementor-section-height-default elementor-section-height-default\" data-id=\"c67f6ce\" data-element_type=\"section\" data-e-type=\"section\">\n\t\t\t\t\t\t<div class=\"elementor-container elementor-column-gap-no\">\n\t\t\t\t\t<div class=\"elementor-column elementor-col-100 elementor-top-column elementor-element elementor-element-316a4fe\" data-id=\"316a4fe\" data-element_type=\"column\" data-e-type=\"column\">\n\t\t\t<div class=\"elementor-widget-wrap elementor-element-populated\">\n\t\t\t\t\t\t<div class=\"elementor-element elementor-element-4693256 elementor-widget elementor-widget-royalresidence_room_section\" data-id=\"4693256\" data-element_type=\"widget\" data-e-type=\"widget\" data-widget_type=\"royalresidence_room_section.default\">\n\t\t\t\t<div class=\"elementor-widget-container\">\n\t\t\t\t\t        <div class=\"my-container\">\n            <div class=\"row rooms-section\">\n\n\t\t\t\t                    <div class=\"col-md col-xs-12\">\n                        <div class=\"room-holder\">\n                            <img decoding=\"async\" class=\"img-fluid\" src=\"https:\/\/royalresidence.rs\/wp-content\/uploads\/2020\/05\/sobe-home.png\" alt=\"room image\">\n                            <h5 class=\"text-uppercase\">Rooms<\/h5>\n\n\t                        \n                            <a href=\"https:\/\/royalresidence.rs\/en\/sobe\/\"\n                               class=\"button text-uppercase\"> See More<\/a>\n\n                        <\/div>\n                    <\/div>\n\n\t\t\t\t                    <div class=\"col-md col-xs-12\">\n                        <div class=\"room-holder\">\n                            <img decoding=\"async\" class=\"img-fluid\" src=\"http:\/\/royalresidence.rs\/wp-content\/uploads\/2021\/11\/image0.jpeg\" alt=\"room image\">\n                            <h5 class=\"text-uppercase\">Banquet hall<\/h5>\n\n\t                        \n                            <a href=\"https:\/\/royalresidence.rs\/en\/sala\/\"\n                               class=\"button text-uppercase\"> See More<\/a>\n\n                        <\/div>\n                    <\/div>\n\n\t\t\t\t                    <div class=\"col-md col-xs-12\">\n                        <div class=\"room-holder\">\n                            <img decoding=\"async\" class=\"img-fluid\" src=\"https:\/\/royalresidence.rs\/wp-content\/uploads\/2020\/05\/restoran-home.png\" alt=\"room image\">\n                            <h5 class=\"text-uppercase\">Restaurant<\/h5>\n\n\t                        \n                            <a href=\"https:\/\/royalresidence.rs\/en\/royal-restoran\/\"\n                               class=\"button text-uppercase\"> See More<\/a>\n\n                        <\/div>\n                    <\/div>\n\n\t\t\t\t\n\n            <\/div>\n        <\/div>\n\n\t\t\t\t\t\t<\/div>\n\t\t\t\t<\/div>\n\t\t\t\t\t<\/div>\n\t\t<\/div>\n\t\t\t\t\t<\/div>\n\t\t<\/section>\n\t\t\t\t<section class=\"elementor-section elementor-top-section elementor-element elementor-element-0719ff0 elementor-section-full_width elementor-section-height-default elementor-section-height-default\" data-id=\"0719ff0\" data-element_type=\"section\" data-e-type=\"section\">\n\t\t\t\t\t\t<div class=\"elementor-container elementor-column-gap-no\">\n\t\t\t\t\t<div class=\"elementor-column elementor-col-100 elementor-top-column elementor-element elementor-element-aa2c6a5\" data-id=\"aa2c6a5\" data-element_type=\"column\" data-e-type=\"column\">\n\t\t\t<div class=\"elementor-widget-wrap elementor-element-populated\">\n\t\t\t\t\t\t<div class=\"elementor-element elementor-element-617949a elementor-widget elementor-widget-royalresidence_aboutus_section\" data-id=\"617949a\" data-element_type=\"widget\" data-e-type=\"widget\" data-widget_type=\"royalresidence_aboutus_section.default\">\n\t\t\t\t<div class=\"elementor-widget-container\">\n\t\t\t\t\t\t\t            <div class=\"my-container\">\n                <div class=\"row aboutUs-section\">\n                    <div class=\"col-md col-xs-12\">\n                        <img decoding=\"async\" class=\"img-fluid\" src=\"https:\/\/royalresidence.rs\/wp-content\/uploads\/2020\/05\/o-nama-home.jpg\" alt=\"restaurant image\">\n                    <\/div>\n                    <div class=\"col-md col-xs-12\">\n\t\t\t\t\t\t\t\t\t\t\t\t<p class=\"translation-block\">Hotel Royal Residence 4 * is a newly built modern hotel in \u010ca\u010dak.<br>\nWe offer a luxurious ambience, where each aspect of the hotel is designed with special attention to detail and functionality, thus providing a high level of service and comfort for all our guests. Modernly designed rooms equipped with air conditioning, free internet, a minibar, a safe and LED TVs will make you feel comfortable. By choosing our hotel you have opted for luxury, away from the crowds.<br>We invite you to indulge in the magic of superior service and experience Hotel Royal as a place for a comfortable stay and enjoyment with your friends, family or business partners. In our hotel, the guest has everything at hand, the offer is splendid, and the staff is always at your disposal. We provide the most luxurious services defined by your wishes.<br>\nOn behalf of the hotel staff, we wish you a pleasant stay!<\/p>                    <\/div>\n                <\/div>\n            <\/div>\n\t\t\t\t\t\t\t\t<\/div>\n\t\t\t\t<\/div>\n\t\t\t\t\t<\/div>\n\t\t<\/div>\n\t\t\t\t\t<\/div>\n\t\t<\/section>\n\t\t\t\t<\/div>","protected":false},"excerpt":{"rendered":"<p>Hotel Royal Residence STEVANA PRVOVEN\u010cANOGBB \u010cA\u010cAK SRBIJA 12 SOBA,4 APARTMANA RESTORAN BESPLATAN PARKING proveri dostupnost HOTELSKE SOBE vidi vi\u0161e SVE\u010cANA SALA vidi vi\u0161e restoran vidi vi\u0161e Hotel Royal Residence 4* je novoizgra\u0111eni moderan hotel u \u010ca\u010dku.Nudimo luksuzan ambijent u kome je svaki aspekt hotela dizajniran sa posebnom pa\u017enjom na detaljima i funkcionalnosti koja obezbe\u0111uje visok [&hellip;]<\/p>\n","protected":false},"author":1,"featured_media":0,"parent":0,"menu_order":0,"comment_status":"closed","ping_status":"closed","template":"page_templates\/home_page_template.php","meta":{"footnotes":""},"class_list":["post-6","page","type-page","status-publish","hentry"],"yoast_head":"<!-- This site is optimized with the Yoast SEO plugin v27.5 - https:\/\/yoast.com\/product\/yoast-seo-wordpress\/ -->\n<title>Home - Royal Residence<\/title>\n<meta name=\"robots\" content=\"index, follow, max-snippet:-1, max-image-preview:large, max-video-preview:-1\" \/>\n<link rel=\"canonical\" href=\"https:\/\/royalresidence.rs\/en\/\" \/>\n<meta property=\"og:locale\" content=\"en_US\" \/>\n<meta property=\"og:type\" content=\"article\" \/>\n<meta property=\"og:title\" content=\"Home - Royal Residence\" \/>\n<meta property=\"og:description\" content=\"Hotel Royal Residence STEVANA PRVOVEN\u010cANOGBB \u010cA\u010cAK SRBIJA 12 SOBA,4 APARTMANA RESTORAN BESPLATAN PARKING proveri dostupnost HOTELSKE SOBE vidi vi\u0161e SVE\u010cANA SALA vidi vi\u0161e restoran vidi vi\u0161e Hotel Royal Residence 4* je novoizgra\u0111eni moderan hotel u \u010ca\u010dku.Nudimo luksuzan ambijent u kome je svaki aspekt hotela dizajniran sa posebnom pa\u017enjom na detaljima i funkcionalnosti koja obezbe\u0111uje visok [&hellip;]\" \/>\n<meta property=\"og:url\" content=\"https:\/\/royalresidence.rs\/en\/\" \/>\n<meta property=\"og:site_name\" content=\"Royal Residence\" \/>\n<meta property=\"article:modified_time\" content=\"2025-05-28T18:10:26+00:00\" \/>\n<meta property=\"og:image\" content=\"https:\/\/royalresidence.rs\/wp-content\/uploads\/2020\/05\/home-slide-01.jpg\" \/>\n<meta name=\"twitter:card\" content=\"summary_large_image\" \/>\n<meta name=\"twitter:label1\" content=\"Est. reading time\" \/>\n\t<meta name=\"twitter:data1\" content=\"4 minutes\" \/>\n<script type=\"application\/ld+json\" class=\"yoast-schema-graph\">{\"@context\":\"https:\\\/\\\/schema.org\",\"@graph\":[{\"@type\":\"WebPage\",\"@id\":\"https:\\\/\\\/royalresidence.rs\\\/\",\"url\":\"https:\\\/\\\/royalresidence.rs\\\/\",\"name\":\"Home - Royal Residence\",\"isPartOf\":{\"@id\":\"https:\\\/\\\/royalresidence.rs\\\/#website\"},\"primaryImageOfPage\":{\"@id\":\"https:\\\/\\\/royalresidence.rs\\\/#primaryimage\"},\"image\":{\"@id\":\"https:\\\/\\\/royalresidence.rs\\\/#primaryimage\"},\"thumbnailUrl\":\"https:\\\/\\\/royalresidence.rs\\\/wp-content\\\/uploads\\\/2020\\\/05\\\/home-slide-01.jpg\",\"datePublished\":\"2020-05-20T14:21:01+00:00\",\"dateModified\":\"2025-05-28T18:10:26+00:00\",\"breadcrumb\":{\"@id\":\"https:\\\/\\\/royalresidence.rs\\\/#breadcrumb\"},\"inLanguage\":\"en-US\",\"potentialAction\":[{\"@type\":\"ReadAction\",\"target\":[\"https:\\\/\\\/royalresidence.rs\\\/\"]}]},{\"@type\":\"ImageObject\",\"inLanguage\":\"en-US\",\"@id\":\"https:\\\/\\\/royalresidence.rs\\\/#primaryimage\",\"url\":\"https:\\\/\\\/royalresidence.rs\\\/wp-content\\\/uploads\\\/2020\\\/05\\\/home-slide-01.jpg\",\"contentUrl\":\"https:\\\/\\\/royalresidence.rs\\\/wp-content\\\/uploads\\\/2020\\\/05\\\/home-slide-01.jpg\"},{\"@type\":\"BreadcrumbList\",\"@id\":\"https:\\\/\\\/royalresidence.rs\\\/#breadcrumb\",\"itemListElement\":[{\"@type\":\"ListItem\",\"position\":1,\"name\":\"Home\",\"item\":\"https:\\\/\\\/royalresidence.rs\\\/\"},{\"@type\":\"ListItem\",\"position\":2,\"name\":\"Home\"}]},{\"@type\":\"WebSite\",\"@id\":\"https:\\\/\\\/royalresidence.rs\\\/#website\",\"url\":\"https:\\\/\\\/royalresidence.rs\\\/\",\"name\":\"Royal Residence\",\"description\":\"\",\"potentialAction\":[{\"@type\":\"SearchAction\",\"target\":{\"@type\":\"EntryPoint\",\"urlTemplate\":\"https:\\\/\\\/royalresidence.rs\\\/?s={search_term_string}\"},\"query-input\":{\"@type\":\"PropertyValueSpecification\",\"valueRequired\":true,\"valueName\":\"search_term_string\"}}],\"inLanguage\":\"en-US\"}]}<\/script>\n<!-- \/ Yoast SEO plugin. -->","yoast_head_json":{"title":"Home - Royal Residence","robots":{"index":"index","follow":"follow","max-snippet":"max-snippet:-1","max-image-preview":"max-image-preview:large","max-video-preview":"max-video-preview:-1"},"canonical":"https:\/\/royalresidence.rs\/en\/","og_locale":"en_US","og_type":"article","og_title":"Home - Royal Residence","og_description":"Hotel Royal Residence STEVANA PRVOVEN\u010cANOGBB \u010cA\u010cAK SRBIJA 12 SOBA,4 APARTMANA RESTORAN BESPLATAN PARKING proveri dostupnost HOTELSKE SOBE vidi vi\u0161e SVE\u010cANA SALA vidi vi\u0161e restoran vidi vi\u0161e Hotel Royal Residence 4* je novoizgra\u0111eni moderan hotel u \u010ca\u010dku.Nudimo luksuzan ambijent u kome je svaki aspekt hotela dizajniran sa posebnom pa\u017enjom na detaljima i funkcionalnosti koja obezbe\u0111uje visok [&hellip;]","og_url":"https:\/\/royalresidence.rs\/en\/","og_site_name":"Royal Residence","article_modified_time":"2025-05-28T18:10:26+00:00","og_image":[{"url":"https:\/\/royalresidence.rs\/wp-content\/uploads\/2020\/05\/home-slide-01.jpg","type":"","width":"","height":""}],"twitter_card":"summary_large_image","twitter_misc":{"Est. reading time":"4 minutes"},"schema":{"@context":"https:\/\/schema.org","@graph":[{"@type":"WebPage","@id":"https:\/\/royalresidence.rs\/","url":"https:\/\/royalresidence.rs\/","name":"Home - Royal Residence","isPartOf":{"@id":"https:\/\/royalresidence.rs\/#website"},"primaryImageOfPage":{"@id":"https:\/\/royalresidence.rs\/#primaryimage"},"image":{"@id":"https:\/\/royalresidence.rs\/#primaryimage"},"thumbnailUrl":"https:\/\/royalresidence.rs\/wp-content\/uploads\/2020\/05\/home-slide-01.jpg","datePublished":"2020-05-20T14:21:01+00:00","dateModified":"2025-05-28T18:10:26+00:00","breadcrumb":{"@id":"https:\/\/royalresidence.rs\/#breadcrumb"},"inLanguage":"en-US","potentialAction":[{"@type":"ReadAction","target":["https:\/\/royalresidence.rs\/"]}]},{"@type":"ImageObject","inLanguage":"en-US","@id":"https:\/\/royalresidence.rs\/#primaryimage","url":"https:\/\/royalresidence.rs\/wp-content\/uploads\/2020\/05\/home-slide-01.jpg","contentUrl":"https:\/\/royalresidence.rs\/wp-content\/uploads\/2020\/05\/home-slide-01.jpg"},{"@type":"BreadcrumbList","@id":"https:\/\/royalresidence.rs\/#breadcrumb","itemListElement":[{"@type":"ListItem","position":1,"name":"Home","item":"https:\/\/royalresidence.rs\/"},{"@type":"ListItem","position":2,"name":"Home"}]},{"@type":"WebSite","@id":"https:\/\/royalresidence.rs\/#website","url":"https:\/\/royalresidence.rs\/","name":"Royal Residence","description":"","potentialAction":[{"@type":"SearchAction","target":{"@type":"EntryPoint","urlTemplate":"https:\/\/royalresidence.rs\/?s={search_term_string}"},"query-input":{"@type":"PropertyValueSpecification","valueRequired":true,"valueName":"search_term_string"}}],"inLanguage":"en-US"}]}},"_links":{"self":[{"href":"https:\/\/royalresidence.rs\/en\/wp-json\/wp\/v2\/pages\/6","targetHints":{"allow":["GET"]}}],"collection":[{"href":"https:\/\/royalresidence.rs\/en\/wp-json\/wp\/v2\/pages"}],"about":[{"href":"https:\/\/royalresidence.rs\/en\/wp-json\/wp\/v2\/types\/page"}],"author":[{"embeddable":true,"href":"https:\/\/royalresidence.rs\/en\/wp-json\/wp\/v2\/users\/1"}],"replies":[{"embeddable":true,"href":"https:\/\/royalresidence.rs\/en\/wp-json\/wp\/v2\/comments?post=6"}],"version-history":[{"count":43,"href":"https:\/\/royalresidence.rs\/en\/wp-json\/wp\/v2\/pages\/6\/revisions"}],"predecessor-version":[{"id":1080,"href":"https:\/\/royalresidence.rs\/en\/wp-json\/wp\/v2\/pages\/6\/revisions\/1080"}],"wp:attachment":[{"href":"https:\/\/royalresidence.rs\/en\/wp-json\/wp\/v2\/media?parent=6"}],"curies":[{"name":"wp","href":"https:\/\/api.w.org\/{rel}","templated":true}]}}